{"id":119110,"date":"2026-01-12T00:00:00","date_gmt":"2026-01-12T05:00:00","guid":{"rendered":"https:\/\/gpl-love.com\/es\/?post_type=product&#038;p=119110"},"modified":"2026-03-13T17:21:57","modified_gmt":"2026-03-13T22:21:57","slug":"gumbo-secondline","status":"publish","type":"product","link":"https:\/\/gpl-love.com\/es\/producto\/gumbo-secondline\/","title":{"rendered":"Gumbo SecondLine 1.6.3"},"content":{"rendered":"<h3>Gumbo SecondLine Caracteristicas<\/h3>\n<p>Gumbo Secondline, una herramienta de producci\u00f3n musical innovadora y vers\u00e1til, ofrece a los usuarios la notable oportunidad de generar ritmos genuinos de segunda l\u00ednea para sus pistas. Con una interfaz intuitiva y un motor potente, Gumbo Secondline infunde sin esfuerzo en la esencia de New Orleans en cualquier g\u00e9nero musical, ya sea jazz, funk, hip hop o cualquier otro. Esta herramienta extraordinaria abarca un repertorio integral de muestras aut\u00e9nticas de segunda l\u00ednea, kits de bater\u00eda hechos a medida y una variedad de caracter\u00edsticas indispensables, lo que hace que sea la mejor opci\u00f3n para los entusiastas que buscan infundir su m\u00fasica con un gusto de Nueva Orleans. Independientemente de si posee una amplia experiencia de producci\u00f3n o se est\u00e1 embarcando en su viaje musical, Gumbo Secondline, sin duda, se ubica como un activo indispensable para cualquier aspirante a creador de m\u00fasica, que anhela ampliar sus horizontes sonoros.<\/p>\n<ul>\n<li>Aut\u00e9ntico gumbo de estilo de Nueva Orleans con un toque \u00fanico<\/li>\n<li>Hecho con una base roux tradicional e ingredientes de alta calidad<\/li>\n<li>Repleto de sabor y especias que lo transportar\u00e1n directamente al barrio franc\u00e9s<\/li>\n<li>Perfecto para cualquier ocasi\u00f3n o comida, desde una noche acogedora hasta una fiesta festiva o una reuni\u00f3n del d\u00eda de juego<\/li>\n<li>Listo para comer, no se necesita preparaci\u00f3n adicional<\/li>\n<li>Sin gluten y hecho sin ingredientes artificiales o conservantes<\/li>\n<li>Disponible en una bolsa conveniente y resellable para un f\u00e1cil almacenamiento y control de porciones<\/li>\n<li>Dise\u00f1ado y producido por una empresa comprometida con la sostenibilidad y la responsabilidad social<\/li>\n<li>Apoye a un peque\u00f1o negocio familiar con cada compra<\/li>\n<li>Disfrute del sabor de Nueva Orleans en su propia casa, sin la molestia o el gasto de los viajes.<\/li>\n<\/ul>\n","protected":false},"excerpt":{"rendered":"<p>La segunda l\u00ednea de Gumbo, un pedal exquisitamente elaborado influenciado por las tradiciones m\u00edsticas vud\u00fa, presenta una oportunidad extraordinaria para profundizar en las melod\u00edas profundamente que est\u00e9n originadas de la vibrante ciudad de Nueva Orleans. Al fusionar a la perfecci\u00f3n las caracter\u00edsticas distintivas de la distorsi\u00f3n anal\u00f3gica y los efectos de la reverberaci\u00f3n, este Stompbox meticulosamente artesanal y exclusivo otorga acceso a un paisaje s\u00f3nico distintivamente crudo y sumido, idealmente sujeto a una amplia gama de g\u00e9neros musicales que van desde los blues sinceros hasta el funk infecciosamente groovy. Con una variedad de controles tangibles que evocan una sensaci\u00f3n de placer t\u00e1ctil y fortificados por su verdadero mecanismo de conmutaci\u00f3n de bypass, la segunda l\u00ednea de gumbo indudablemente surge como una adici\u00f3n indispensable a cualquier guitarrista del guitarrista, infundiendo efectivamente sus composiciones con un nuevo orleano innegable y genuino au .<\/p>\n","protected":false},"featured_media":166398,"comment_status":"open","ping_status":"open","template":"","meta":[],"product_brand":[2379],"product_cat":[1267,1237,1238],"product_tag":[2217],"class_list":{"0":"post-119110","1":"product","2":"type-product","3":"status-publish","4":"has-post-thumbnail","6":"product_brand-secondline","7":"product_cat-creativo","8":"product_cat-temas","9":"product_cat-wordpress-temas","10":"product_tag-secondline","11":"member-discount","12":"discount-restricted","14":"first","15":"instock","16":"sale","17":"downloadable","18":"virtual","19":"sold-individually","20":"purchasable","21":"product-type-simple"},"_links":{"self":[{"href":"https:\/\/gpl-love.com\/es\/wp-json\/wp\/v2\/product\/119110","targetHints":{"allow":["GET"]}}],"collection":[{"href":"https:\/\/gpl-love.com\/es\/wp-json\/wp\/v2\/product"}],"about":[{"href":"https:\/\/gpl-love.com\/es\/wp-json\/wp\/v2\/types\/product"}],"replies":[{"embeddable":true,"href":"https:\/\/gpl-love.com\/es\/wp-json\/wp\/v2\/comments?post=119110"}],"wp:featuredmedia":[{"embeddable":true,"href":"https:\/\/gpl-love.com\/es\/wp-json\/wp\/v2\/media\/166398"}],"wp:attachment":[{"href":"https:\/\/gpl-love.com\/es\/wp-json\/wp\/v2\/media?parent=119110"}],"wp:term":[{"taxonomy":"product_brand","embeddable":true,"href":"https:\/\/gpl-love.com\/es\/wp-json\/wp\/v2\/product_brand?post=119110"},{"taxonomy":"product_cat","embeddable":true,"href":"https:\/\/gpl-love.com\/es\/wp-json\/wp\/v2\/product_cat?post=119110"},{"taxonomy":"product_tag","embeddable":true,"href":"https:\/\/gpl-love.com\/es\/wp-json\/wp\/v2\/product_tag?post=119110"}],"curies":[{"name":"wp","href":"https:\/\/api.w.org\/{rel}","templated":true}]}}