{"id":119108,"date":"2026-01-12T00:00:00","date_gmt":"2026-01-12T05:00:00","guid":{"rendered":"https:\/\/gpl-love.com\/es\/?post_type=product&#038;p=119108"},"modified":"2026-03-13T17:16:53","modified_gmt":"2026-03-13T22:16:53","slug":"bolden-secondline","status":"publish","type":"product","link":"https:\/\/gpl-love.com\/es\/producto\/bolden-secondline\/","title":{"rendered":"Bolden SecondLine 1.6.1"},"content":{"rendered":"<h3>Bolden SecondLine Caracteristicas<\/h3>\n<p>Bolden Secondline, una interfaz de audio encomiable, cuenta con una calidad excepcional y una notable versatilidad, lo que lo convierte en una herramienta indispensable para grabar y mezclar audio superior. Sus impresionantes entradas de doble prop\u00f3sito tienen la capacidad de acomodar no solo fuentes a nivel de l\u00ednea sino tambi\u00e9n fuentes a nivel de instrumento, lo que es el compa\u00f1ero perfecto para capturar los espl\u00e9ndidos sonidos de guitarras, bajos, teclados y otros instrumentos. Adem\u00e1s, este dispositivo excepcional est\u00e1 equipado con un preamplificador incorporado que ofrece ganancias ajustables, asegurando que pueda alcanzar sin esfuerzo el nivel de grabaci\u00f3n \u00f3ptimo para sus esfuerzos. El dise\u00f1o compacto y resistente de la segunda l\u00ednea se suma a su encanto, por lo que es una excelente opci\u00f3n para m\u00fasicos, podcasters y entusiastas del estudio caseros que anhelan una calidad de audio excepcional en un paquete port\u00e1til. Independientemente de si est\u00e1 capturando demostraciones, rastreando actuaciones de banda completa o emprender una mezcla de audio para proyectos de video, la segunda l\u00ednea de Bolden supera las expectativas y demuestra ser una soluci\u00f3n inigualable.<\/p>\n<ul>\n<li>Salida de audio de alta calidad con graves ricos y agudos transparentes<\/li>\n<li>Compatible con varios dispositivos como tel\u00e9fonos inteligentes, tabletas y computadoras port\u00e1tiles<\/li>\n<li>Dise\u00f1o elegante con un ajuste c\u00f3modo para uso extendido<\/li>\n<li>Caracter\u00edstica de aislamiento de ruido para una experiencia auditiva sin distracciones<\/li>\n<li>Llamadas con manos libres con micr\u00f3fono incorporado y control remoto<\/li>\n<li>Cable plano sin enredos para un almacenamiento conveniente y portabilidad<\/li>\n<li>Disponible en diferentes colores para adaptarse a su estilo personal<\/li>\n<li>Viene con m\u00faltiples tama\u00f1os de punta de o\u00eddo para un ajuste personalizado.<\/li>\n<\/ul>\n","protected":false},"excerpt":{"rendered":"<p>Experimente el poder de la comunicaci\u00f3n perfecta con Bolden Secondline. Esta innovadora soluci\u00f3n de gesti\u00f3n de llamadas le brinda la flexibilidad para administrar m\u00faltiples l\u00edneas telef\u00f3nicas, sin esfuerzo. Ya sea que est\u00e9 haciendo malabares con llamadas comerciales y personales o administrando llamadas para m\u00faltiples clientes, Bolden Secondline lo mantiene organizado y su comunicaci\u00f3n simplificada. El sistema ofrece una calidad clara de llamadas, asegurando que nunca se pierda informaci\u00f3n importante. Con caracter\u00edsticas como reenv\u00edo de llamadas, correo de voz y identificaci\u00f3n de llamadas, puede priorizar f\u00e1cilmente sus llamadas y estar al tanto de su comunicaci\u00f3n. Bolden Secondline est\u00e1 dise\u00f1ada con una interfaz f\u00e1cil de usar para la navegaci\u00f3n sin esfuerzo, lo que lo hace ideal para usuarios expertos en tecnolog\u00eda y principiantes. Experimente la libertad de tener una segunda l\u00ednea sin la necesidad de hardware adicional. Bolden Secondline ofrece una soluci\u00f3n todo en uno para sus necesidades de gesti\u00f3n de llamadas.<\/p>\n","protected":false},"featured_media":165499,"comment_status":"open","ping_status":"open","template":"","meta":[],"product_brand":[2379],"product_cat":[1267,1237,1238],"product_tag":[2217],"class_list":{"0":"post-119108","1":"product","2":"type-product","3":"status-publish","4":"has-post-thumbnail","6":"product_brand-secondline","7":"product_cat-creativo","8":"product_cat-temas","9":"product_cat-wordpress-temas","10":"product_tag-secondline","11":"member-discount","12":"discount-restricted","14":"first","15":"instock","16":"sale","17":"downloadable","18":"virtual","19":"sold-individually","20":"purchasable","21":"product-type-simple"},"_links":{"self":[{"href":"https:\/\/gpl-love.com\/es\/wp-json\/wp\/v2\/product\/119108","targetHints":{"allow":["GET"]}}],"collection":[{"href":"https:\/\/gpl-love.com\/es\/wp-json\/wp\/v2\/product"}],"about":[{"href":"https:\/\/gpl-love.com\/es\/wp-json\/wp\/v2\/types\/product"}],"replies":[{"embeddable":true,"href":"https:\/\/gpl-love.com\/es\/wp-json\/wp\/v2\/comments?post=119108"}],"wp:featuredmedia":[{"embeddable":true,"href":"https:\/\/gpl-love.com\/es\/wp-json\/wp\/v2\/media\/165499"}],"wp:attachment":[{"href":"https:\/\/gpl-love.com\/es\/wp-json\/wp\/v2\/media?parent=119108"}],"wp:term":[{"taxonomy":"product_brand","embeddable":true,"href":"https:\/\/gpl-love.com\/es\/wp-json\/wp\/v2\/product_brand?post=119108"},{"taxonomy":"product_cat","embeddable":true,"href":"https:\/\/gpl-love.com\/es\/wp-json\/wp\/v2\/product_cat?post=119108"},{"taxonomy":"product_tag","embeddable":true,"href":"https:\/\/gpl-love.com\/es\/wp-json\/wp\/v2\/product_tag?post=119108"}],"curies":[{"name":"wp","href":"https:\/\/api.w.org\/{rel}","templated":true}]}}