{"id":119106,"date":"2026-01-12T00:00:00","date_gmt":"2026-01-12T05:00:00","guid":{"rendered":"https:\/\/gpl-love.com\/es\/?post_type=product&#038;p=119106"},"modified":"2026-03-13T17:19:19","modified_gmt":"2026-03-13T22:19:19","slug":"dixie-secondline","status":"publish","type":"product","link":"https:\/\/gpl-love.com\/es\/producto\/dixie-secondline\/","title":{"rendered":"Dixie SecondLine 1.6.6"},"content":{"rendered":"<h3>Dixie SecondLine Caracteristicas<\/h3>\n<p>Dixie Secondline, un producto altamente vers\u00e1til y flexible, ha sido meticulosamente dise\u00f1ado para mejorar en gran medida su experiencia general de grabaci\u00f3n y reproducci\u00f3n de audio. Esta tecnolog\u00eda revolucionaria le otorga la capacidad de capturar sin esfuerzo el sonido inmaculado y cristalino de una amplia gama de fuentes, que abarca micr\u00f3fonos, instrumentos y varios otros dispositivos de audio. Al incorporar algoritmos de procesamiento de se\u00f1ales de vanguardia, Dixie Secondline tambi\u00e9n ofrece una reducci\u00f3n de ruido incomparable y capacidades de edici\u00f3n de audio, lo que le permite generar grabaciones sin esfuerzo de calidad de grado profesional. Independientemente de si eres un m\u00fasico experto, podcaster experimentado o creador de contenido innovador, Dixie Secondline sirve como la mejor herramienta para catapultar tu producci\u00f3n de audio a alturas sin precedentes. Con su interfaz incre\u00edblemente f\u00e1cil de usar y una impresionante variedad de caracter\u00edsticas potentes, tendr\u00e1 la capacidad de fabricar paisajes sonoros inspiradores que seguramente dejar\u00e1n una impresi\u00f3n indeleble.<\/p>\n<ul>\n<li>Soluci\u00f3n innovadora para empresas y personas que necesitan una segunda l\u00ednea telef\u00f3nica<\/li>\n<li>Aplicaci\u00f3n f\u00e1cil de usar que permite a los usuarios hacer y recibir llamadas y mensajes de texto desde un n\u00famero de tel\u00e9fono separado sin la necesidad de un segundo dispositivo f\u00edsico<\/li>\n<li>Ideal para separar la comunicaci\u00f3n personal y profesional.<\/li>\n<li>Ideal para empresarios, trabajadores independientes y cualquier persona que quiera mantener la privacidad en su comunicaci\u00f3n<\/li>\n<li>Suscripci\u00f3n mensual asequible sin compromiso a largo plazo<\/li>\n<li>Compatible con los sistemas operativos iOS y Android<\/li>\n<li>Altamente personalizable con caracter\u00edsticas como reenv\u00edo de llamadas, transcripci\u00f3n de correo de voz y saludos personalizados<\/li>\n<li>Excelente equipo de atenci\u00f3n al cliente disponible para ayudar con cualquier problema o pregunta.<\/li>\n<li>Servicio seguro y confiable que mantiene la informaci\u00f3n personal y las conversaciones privadas.<\/li>\n<\/ul>\n","protected":false},"excerpt":{"rendered":"<p>Descubra la magia de la segunda l\u00ednea de Dixie, un producto revolucionario dise\u00f1ado para aportar un toque de elegancia a su vida cotidiana. Con Secondline, podr\u00e1 experimentar una combinaci\u00f3n \u00fanica de estilo y funcionalidad que lo distingue de la competencia. La segunda l\u00ednea cuenta con un dise\u00f1o sofisticado que lo convierte en un complemento perfecto para cualquier hogar moderno, mientras que su rendimiento de primer nivel le asegura que disfrute del mejor valor para su dinero. Con este producto, su satisfacci\u00f3n est\u00e1 garantizada. La segunda l\u00ednea de Dixie se trata de proporcionar una experiencia de usuario excepcional. Sus caracter\u00edsticas f\u00e1ciles de usar hacen que sea f\u00e1cil de usar, y su durabilidad garantiza que sea la prueba del tiempo. Adem\u00e1s, la segunda l\u00ednea es amigable con el medio ambiente, lo que refleja nuestro compromiso con la sostenibilidad. Entonces, si est\u00e1 buscando un producto que combine el estilo, el rendimiento y la sostenibilidad, la segunda l\u00ednea de Dixie es su mejor opci\u00f3n. Experimente la diferencia hoy.<\/p>\n","protected":false},"featured_media":165792,"comment_status":"open","ping_status":"open","template":"","meta":[],"product_brand":[2379],"product_cat":[1267,1237,1238],"product_tag":[2217],"class_list":{"0":"post-119106","1":"product","2":"type-product","3":"status-publish","4":"has-post-thumbnail","6":"product_brand-secondline","7":"product_cat-creativo","8":"product_cat-temas","9":"product_cat-wordpress-temas","10":"product_tag-secondline","11":"member-discount","12":"discount-restricted","14":"first","15":"instock","16":"sale","17":"downloadable","18":"virtual","19":"sold-individually","20":"purchasable","21":"product-type-simple"},"_links":{"self":[{"href":"https:\/\/gpl-love.com\/es\/wp-json\/wp\/v2\/product\/119106","targetHints":{"allow":["GET"]}}],"collection":[{"href":"https:\/\/gpl-love.com\/es\/wp-json\/wp\/v2\/product"}],"about":[{"href":"https:\/\/gpl-love.com\/es\/wp-json\/wp\/v2\/types\/product"}],"replies":[{"embeddable":true,"href":"https:\/\/gpl-love.com\/es\/wp-json\/wp\/v2\/comments?post=119106"}],"wp:featuredmedia":[{"embeddable":true,"href":"https:\/\/gpl-love.com\/es\/wp-json\/wp\/v2\/media\/165792"}],"wp:attachment":[{"href":"https:\/\/gpl-love.com\/es\/wp-json\/wp\/v2\/media?parent=119106"}],"wp:term":[{"taxonomy":"product_brand","embeddable":true,"href":"https:\/\/gpl-love.com\/es\/wp-json\/wp\/v2\/product_brand?post=119106"},{"taxonomy":"product_cat","embeddable":true,"href":"https:\/\/gpl-love.com\/es\/wp-json\/wp\/v2\/product_cat?post=119106"},{"taxonomy":"product_tag","embeddable":true,"href":"https:\/\/gpl-love.com\/es\/wp-json\/wp\/v2\/product_tag?post=119106"}],"curies":[{"name":"wp","href":"https:\/\/api.w.org\/{rel}","templated":true}]}}