{"id":119104,"date":"2021-11-09T00:00:00","date_gmt":"2021-11-09T05:00:00","guid":{"rendered":"https:\/\/gpl-love.com\/es\/?post_type=product&#038;p=119104"},"modified":"2026-04-10T11:20:34","modified_gmt":"2026-04-10T16:20:34","slug":"outlet-storefront-woocommerce-theme","status":"publish","type":"product","link":"https:\/\/gpl-love.com\/es\/producto\/outlet-storefront-woocommerce-theme\/","title":{"rendered":"Outlet Storefront WooCommerce Theme 2.0.16"},"content":{"rendered":"<h3>Outlet Storefront WooCommerce Theme Caracteristicas<\/h3>\n<p>El tema Outlet Storefront WooCommerce, un tema de comercio electr\u00f3nico altamente vers\u00e1til y contempor\u00e1neo, demuestra ser una opci\u00f3n \u00f3ptima para cualquier tienda minorista en l\u00ednea que busque establecer una presencia formidable en l\u00ednea. Con un dise\u00f1o elegante sin esfuerzo y una variedad de caracter\u00edsticas avanzadas, este tema se ha optimizado meticulosamente para garantizar una experiencia de compra verdaderamente excepcional para sus valiosos clientes. Adem\u00e1s, el tema ofrece una amplia gama de opciones de personalizaci\u00f3n, otorg\u00e1ndole la libertad de adaptar su sitio de acuerdo con sus requisitos precisos y preferencias personales. Adem\u00e1s, este tema respalda a la perfecci\u00f3n m\u00faltiples idiomas, monedas y pasarelas de pago, facilitando as\u00ed su capacidad de llegar sin esfuerzo a una gran audiencia global. El dise\u00f1o receptivo del tema Outlet Storefront WooCommerce garantiza que su sitio mantendr\u00e1 su encanto visual y funcionalidad en una extensa gama de dispositivos, que van desde plataformas de escritorio tradicionales hasta los dispositivos m\u00f3viles cada vez m\u00e1s frecuentes. Al optar por el tema Outlet Storefront WooCommerce, se equipa de manera efectiva con las herramientas necesarias para mostrar efectivamente sus productos y aumentar sustancialmente sus ventas en l\u00ednea.<\/p>\n<ul>\n<li>Dise\u00f1o profesional y moderno para tiendas de salida<\/li>\n<li>Totalmente personalizable con Builder de arrastre y ca\u00edda f\u00e1cil de usar<\/li>\n<li>Optimizado para la velocidad y el SEO<\/li>\n<li>Se integra con WooCommerce para una f\u00e1cil experiencia de compra en l\u00ednea<\/li>\n<li>Dise\u00f1o para dispositivos m\u00f3viles y receptivos<\/li>\n<li>M\u00faltiples opciones de p\u00e1gina de inicio y dise\u00f1o para elegir<\/li>\n<li>Integraci\u00f3n de redes sociales incorporadas<\/li>\n<li>Opciones personalizables de encabezado y pie de p\u00e1gina<\/li>\n<li>Compatible con complementos populares de terceros<\/li>\n<li>Soporte y documentaci\u00f3n dedicados disponibles<\/li>\n<\/ul>\n","protected":false},"excerpt":{"rendered":"<p>La entrada es un tema excepcional de WooCommerce que ha sido dise\u00f1ado espec\u00edficamente con el fin de soportar escaparates de salida. Su dise\u00f1o no solo es contempor\u00e1neo sino tambi\u00e9n pr\u00edstino, lo que le permite exhibir sin esfuerzo sus productos de una manera visualmente cautivadora. En virtud de su abundancia de dise\u00f1os preconstruidos, tiene la libertad de adaptar sin esfuerzo su sitio web y, por lo tanto, dise\u00f1ar una experiencia de compra incomparable para sus estimados clientes. Adem\u00e1s, este tema cuenta con una variedad de caracter\u00edsticas invaluables que incluyen Vista r\u00e1pida, Lista de deseos y Zoom de productos, todo lo cual juega un papel integral en la facilitaci\u00f3n de la navegaci\u00f3n y la exploraci\u00f3n perfecta de su gama de productos. Como si eso no fuera suficiente, la entrada tambi\u00e9n abarca un panel de opciones de tema robusto que le facilite administrar sin esfuerzo su tienda y personalice la est\u00e9tica visual de su sitio web de acuerdo con su identidad de marca \u00fanica. Independientemente de si se est\u00e1 embarcando en una empresa comercial incipiente o se esfuerza por expandir su empresa de salida existente, tenga la seguridad de que la entrada se considera como la soluci\u00f3n por excelencia para usted.<\/p>\n","protected":false},"featured_media":167120,"comment_status":"open","ping_status":"open","template":"","meta":[],"product_brand":[2344],"product_cat":[1263,1264,1237],"product_tag":[1423],"class_list":{"0":"post-119104","1":"product","2":"type-product","3":"status-publish","4":"has-post-thumbnail","6":"product_brand-woocommerce","7":"product_cat-comercio-electronico-temas","8":"product_cat-negocio","9":"product_cat-temas","10":"product_tag-woocommerce","11":"member-discount","12":"discount-restricted","14":"first","15":"instock","16":"sale","17":"downloadable","18":"virtual","19":"sold-individually","20":"purchasable","21":"product-type-simple"},"_links":{"self":[{"href":"https:\/\/gpl-love.com\/es\/wp-json\/wp\/v2\/product\/119104","targetHints":{"allow":["GET"]}}],"collection":[{"href":"https:\/\/gpl-love.com\/es\/wp-json\/wp\/v2\/product"}],"about":[{"href":"https:\/\/gpl-love.com\/es\/wp-json\/wp\/v2\/types\/product"}],"replies":[{"embeddable":true,"href":"https:\/\/gpl-love.com\/es\/wp-json\/wp\/v2\/comments?post=119104"}],"wp:featuredmedia":[{"embeddable":true,"href":"https:\/\/gpl-love.com\/es\/wp-json\/wp\/v2\/media\/167120"}],"wp:attachment":[{"href":"https:\/\/gpl-love.com\/es\/wp-json\/wp\/v2\/media?parent=119104"}],"wp:term":[{"taxonomy":"product_brand","embeddable":true,"href":"https:\/\/gpl-love.com\/es\/wp-json\/wp\/v2\/product_brand?post=119104"},{"taxonomy":"product_cat","embeddable":true,"href":"https:\/\/gpl-love.com\/es\/wp-json\/wp\/v2\/product_cat?post=119104"},{"taxonomy":"product_tag","embeddable":true,"href":"https:\/\/gpl-love.com\/es\/wp-json\/wp\/v2\/product_tag?post=119104"}],"curies":[{"name":"wp","href":"https:\/\/api.w.org\/{rel}","templated":true}]}}