{"id":119102,"date":"2021-11-09T00:00:00","date_gmt":"2021-11-09T05:00:00","guid":{"rendered":"https:\/\/gpl-love.com\/es\/?post_type=product&#038;p=119102"},"modified":"2026-03-13T17:22:17","modified_gmt":"2026-03-13T22:22:17","slug":"hotel-storefront-woocommerce-theme","status":"publish","type":"product","link":"https:\/\/gpl-love.com\/es\/producto\/hotel-storefront-woocommerce-theme\/","title":{"rendered":"Hotel Storefront WooCommerce Theme 1.0.15"},"content":{"rendered":"<h3>Hotel Storefront WooCommerce Theme Caracteristicas<\/h3>\n<p>El tema del Hotel Storefront WooCommerce se presenta como una soluci\u00f3n ideal que atiende a los propietarios de hoteles que buscan establecer una presencia profesional en l\u00ednea. A trav\u00e9s de su elegante dise\u00f1o y su interfaz f\u00e1cil de usar, este tema facilita la exposici\u00f3n de las comodidades, servicios y ubicaci\u00f3n de su hotel de una manera que cautiva e ilumina los visitantes de su sitio web. Lo que distingue a este tema son sus capacidades de personalizaci\u00f3n completas, que le permiten personalizarlo de acuerdo con sus requisitos espec\u00edficos, todo sin la necesidad de experiencia en codificaci\u00f3n. Adem\u00e1s, el tema cuenta con un sistema de reserva incorporado que garantiza una gesti\u00f3n eficiente de todas sus reservas, mientras que su dise\u00f1o receptivo garantiza una experiencia visual sobresaliente en varios dispositivos. En general, uno puede deducir que el tema del hotel WooCommerce sirve como una herramienta potente para permitir la creaci\u00f3n de un sitio web del hotel exquisito y totalmente funcional que eclipsa sin esfuerzo a sus competidores.<\/p>\n<ul>\n<li>Tema de la tienda del hotel dise\u00f1ado profesionalmente para WooCommerce<\/li>\n<li>Dise\u00f1o limpio y moderno que involucra y convierte a los clientes<\/li>\n<li>Opciones personalizables para una f\u00e1cil marca y personalizaci\u00f3n<\/li>\n<li>SEO optimizado para una mayor clasificaci\u00f3n del motor de b\u00fasqueda<\/li>\n<li>Dise\u00f1o totalmente receptivo para una visualizaci\u00f3n perfecta en cualquier dispositivo<\/li>\n<li>Sistema de reserva incorporado para reservas y gesti\u00f3n sin problemas<\/li>\n<li>Atenci\u00f3n al cliente 24\/7 para cualquier problema t\u00e9cnico o pregunta<\/li>\n<li>Se integra f\u00e1cilmente con las pasarelas de pago populares para transacciones seguras<\/li>\n<li>Cuenta con una variedad de plantillas predise\u00f1adas para diferentes tipos y estilos de hotel<\/li>\n<li>Viene con documentaci\u00f3n y tutoriales para una f\u00e1cil configuraci\u00f3n y personalizaci\u00f3n.<\/li>\n<\/ul>\n","protected":false},"excerpt":{"rendered":"<p>El tema de WooCommerce de la tienda del hotel demuestra ser una selecci\u00f3n ideal para los propietarios de hoteles que desean establecer una plataforma de comercio electr\u00f3nico para su empresa. Este tema en particular cuenta con un dise\u00f1o a medida creado exclusivamente para el \u00e1mbito de la hospitalidad, repleto de una gran cantidad de funcionalidades que satisfacen los requisitos \u00fanicos de los hoteles, centros tur\u00edsticos y otros alojamientos. Ofrece una amplia gama de caracter\u00edsticas personalizables, que ofrece a los usuarios opciones avanzadas para modificar colores, fuentes y dise\u00f1os para adaptarse a sus preferencias. Adem\u00e1s, llega equipado con plantillas predise\u00f1adas que exhiben sin problemas los alojamientos, servicios y servicios que se ofrecen. La incorporaci\u00f3n perfecta de WooCommerce facilita las transacciones impecables y garantiza la mayor seguridad para todas las transacciones financieras. Adem\u00e1s, su capacidad de respuesta m\u00f3vil, optimizaci\u00f3n de motores de b\u00fasqueda y velocidades de carga r\u00e1pidas lo convierten en un contendiente incomparable para los propietarios de hoteles que anhelan expandir su presencia en l\u00ednea y reforzar sus empresas comerciales.<\/p>\n","protected":false},"featured_media":166431,"comment_status":"open","ping_status":"open","template":"","meta":[],"product_brand":[2344],"product_cat":[1263,1264,1237],"product_tag":[1423],"class_list":{"0":"post-119102","1":"product","2":"type-product","3":"status-publish","4":"has-post-thumbnail","6":"product_brand-woocommerce","7":"product_cat-comercio-electronico-temas","8":"product_cat-negocio","9":"product_cat-temas","10":"product_tag-woocommerce","11":"member-discount","12":"discount-restricted","14":"first","15":"instock","16":"sale","17":"downloadable","18":"virtual","19":"sold-individually","20":"purchasable","21":"product-type-simple"},"_links":{"self":[{"href":"https:\/\/gpl-love.com\/es\/wp-json\/wp\/v2\/product\/119102","targetHints":{"allow":["GET"]}}],"collection":[{"href":"https:\/\/gpl-love.com\/es\/wp-json\/wp\/v2\/product"}],"about":[{"href":"https:\/\/gpl-love.com\/es\/wp-json\/wp\/v2\/types\/product"}],"replies":[{"embeddable":true,"href":"https:\/\/gpl-love.com\/es\/wp-json\/wp\/v2\/comments?post=119102"}],"wp:featuredmedia":[{"embeddable":true,"href":"https:\/\/gpl-love.com\/es\/wp-json\/wp\/v2\/media\/166431"}],"wp:attachment":[{"href":"https:\/\/gpl-love.com\/es\/wp-json\/wp\/v2\/media?parent=119102"}],"wp:term":[{"taxonomy":"product_brand","embeddable":true,"href":"https:\/\/gpl-love.com\/es\/wp-json\/wp\/v2\/product_brand?post=119102"},{"taxonomy":"product_cat","embeddable":true,"href":"https:\/\/gpl-love.com\/es\/wp-json\/wp\/v2\/product_cat?post=119102"},{"taxonomy":"product_tag","embeddable":true,"href":"https:\/\/gpl-love.com\/es\/wp-json\/wp\/v2\/product_tag?post=119102"}],"curies":[{"name":"wp","href":"https:\/\/api.w.org\/{rel}","templated":true}]}}