{"id":119100,"date":"2021-11-09T00:00:00","date_gmt":"2021-11-09T05:00:00","guid":{"rendered":"https:\/\/gpl-love.com\/es\/?post_type=product&#038;p=119100"},"modified":"2026-03-13T17:22:10","modified_gmt":"2026-03-13T22:22:10","slug":"homestore-storefront-woocommerce","status":"publish","type":"product","link":"https:\/\/gpl-love.com\/es\/producto\/homestore-storefront-woocommerce\/","title":{"rendered":"Homestore Storefront WooCommerce 2.0.34"},"content":{"rendered":"<h3>Homestore Storefront WooCommerce Caracteristicas<\/h3>\n<p>Homestore Storefront WooCommerce, una soluci\u00f3n de comercio electr\u00f3nico robusta dise\u00f1ada espec\u00edficamente para tiendas de decoraci\u00f3n para el hogar, ofrece a los propietarios de tiendas un conjunto integral de herramientas. Este complemento de WordPress f\u00e1cil de usar permite la creaci\u00f3n de escaparates en l\u00ednea visualmente impresionantes y altamente receptivos. Aprovechando una amplia gama de opciones de personalizaci\u00f3n, Homestore Storefront Woocommerce permite a los propietarios de tiendas curar una est\u00e9tica \u00fanica que se alinea sin problemas con su identidad de marca. Adem\u00e1s, este complemento cuenta con un impresionante conjunto de caracter\u00edsticas, que abarca la gesti\u00f3n de productos, el procesamiento de pagos, las opciones de env\u00edo y los c\u00e1lculos de impuestos. Gracias a su interfaz intuitiva, Homestore Storefront WooCommerce simplifica el inventario y la gesti\u00f3n de ventas. Al aprovechar este innovador complemento, los propietarios de tiendas pueden ofrecer una experiencia de compra perfecta y agradable a sus clientes, fomentando as\u00ed la lealtad del cliente y alentando las visitas repetidas.<\/p>\n<ul>\n<li>Creaci\u00f3n sin problemas de una tienda en l\u00ednea para productos de decoraci\u00f3n del hogar utilizando WooCommerce<\/li>\n<li>Una amplia gama de opciones personalizables para el dise\u00f1o y dise\u00f1o de la tienda<\/li>\n<li>Integraci\u00f3n perfecta con varias pasarelas de pago<\/li>\n<li>Opciones avanzadas de b\u00fasqueda y filtrado para productos<\/li>\n<li>Interfaz f\u00e1cil de usar para exhibir los detalles y revisiones del producto<\/li>\n<li>Un tablero completo para administrar pedidos, env\u00edos e inventario<\/li>\n<li>Funciones de gesti\u00f3n de usuarios y control de acceso al grupo<\/li>\n<li>An\u00e1lisis e informes de ventas ricas para evaluar el desempe\u00f1o comercial<\/li>\n<li>Compatibilidad multiling\u00fce para atender a un p\u00fablico m\u00e1s amplio<\/li>\n<li>Actualizaciones regulares y servicios de soporte para mejorar el rendimiento y la seguridad.<\/li>\n<\/ul>\n","protected":false},"excerpt":{"rendered":"<p>Actualice su sitio web en una tienda en l\u00ednea completamente funcional sin esfuerzo utilizando las capacidades notables del complemento Homestore Storefront WooCommerce. Esta herramienta incre\u00edblemente eficiente se integra sin problemas con WooCommerce, lo que le permite establecer una tienda f\u00e1cil de usar que sin duda elevar\u00e1 la experiencia de compra de sus clientes a nuevas alturas. Al ofrecer una amplia gama de dise\u00f1os personalizables, esquemas de color cautivadores y widgets din\u00e1micos, puede dise\u00f1ar sin esfuerzo una tienda distintiva y excepcionalmente profesional dentro de un per\u00edodo de tiempo notablemente corto. Adem\u00e1s, Homestore Storefront WooCommerce cuenta con una multitud de caracter\u00edsticas invaluables, como categor\u00edas y filtros integrales de productos, revisiones invaluables de los clientes y un proceso de pago expedito, todo lo cual sin duda expedir\u00e1 su proceso de ventas y facilitar\u00e1 el crecimiento exponencial de su negocio. No pierda el tiempo en la actualizaci\u00f3n de su sitio web hoy al adoptar las capacidades incomparables de Homestore Storefront WooCommerce.<\/p>\n","protected":false},"featured_media":166422,"comment_status":"open","ping_status":"open","template":"","meta":[],"product_brand":[2344],"product_cat":[1263,1264,1237],"product_tag":[1423],"class_list":{"0":"post-119100","1":"product","2":"type-product","3":"status-publish","4":"has-post-thumbnail","6":"product_brand-woocommerce","7":"product_cat-comercio-electronico-temas","8":"product_cat-negocio","9":"product_cat-temas","10":"product_tag-woocommerce","11":"member-discount","12":"discount-restricted","14":"first","15":"instock","16":"sale","17":"downloadable","18":"virtual","19":"sold-individually","20":"purchasable","21":"product-type-simple"},"_links":{"self":[{"href":"https:\/\/gpl-love.com\/es\/wp-json\/wp\/v2\/product\/119100","targetHints":{"allow":["GET"]}}],"collection":[{"href":"https:\/\/gpl-love.com\/es\/wp-json\/wp\/v2\/product"}],"about":[{"href":"https:\/\/gpl-love.com\/es\/wp-json\/wp\/v2\/types\/product"}],"replies":[{"embeddable":true,"href":"https:\/\/gpl-love.com\/es\/wp-json\/wp\/v2\/comments?post=119100"}],"wp:featuredmedia":[{"embeddable":true,"href":"https:\/\/gpl-love.com\/es\/wp-json\/wp\/v2\/media\/166422"}],"wp:attachment":[{"href":"https:\/\/gpl-love.com\/es\/wp-json\/wp\/v2\/media?parent=119100"}],"wp:term":[{"taxonomy":"product_brand","embeddable":true,"href":"https:\/\/gpl-love.com\/es\/wp-json\/wp\/v2\/product_brand?post=119100"},{"taxonomy":"product_cat","embeddable":true,"href":"https:\/\/gpl-love.com\/es\/wp-json\/wp\/v2\/product_cat?post=119100"},{"taxonomy":"product_tag","embeddable":true,"href":"https:\/\/gpl-love.com\/es\/wp-json\/wp\/v2\/product_tag?post=119100"}],"curies":[{"name":"wp","href":"https:\/\/api.w.org\/{rel}","templated":true}]}}