{"id":119098,"date":"2021-11-09T00:00:00","date_gmt":"2021-11-09T05:00:00","guid":{"rendered":"https:\/\/gpl-love.com\/es\/?post_type=product&#038;p=119098"},"modified":"2026-03-13T17:21:08","modified_gmt":"2026-03-13T22:21:08","slug":"galleria-storefront-woocommerce-theme","status":"publish","type":"product","link":"https:\/\/gpl-love.com\/es\/producto\/galleria-storefront-woocommerce-theme\/","title":{"rendered":"Galleria Storefront WooCommerce Theme 2.2.19"},"content":{"rendered":"<h3>Galleria Storefront WooCommerce Theme Caracteristicas<\/h3>\n<p>El tema de Galleria Storefront WooCommerce presenta una soluci\u00f3n excepcional para la creaci\u00f3n de una impresionante tienda en l\u00ednea, que ofrece una experiencia sin costuras y sin problemas para los propietarios de tiendas y clientes a trav\u00e9s de su integraci\u00f3n con WordPress y WooCommerce. Este tema cuenta con un alto nivel de personalizaci\u00f3n, otorgando a los usuarios la capacidad de personalizar el dise\u00f1o para que coincida con precisi\u00f3n su identidad de marca. Adem\u00e1s, el dise\u00f1o receptivo del tema de WooCommerce de Galleria Storefront garantiza que la apariencia de la tienda siga siendo excepcional en todos los dispositivos. Repleto de numerosas caracter\u00edsticas, como potentes opciones de personalizaci\u00f3n, m\u00faltiples dise\u00f1os de la p\u00e1gina de inicio y funcionalidad de vista r\u00e1pida del producto, este tema simplifica el proceso de crear una tienda en l\u00ednea que cautiva a los clientes y impulsa las ventas, lo que lo convierte en una opci\u00f3n incomparable para los propietarios de tiendas.<\/p>\n<ul>\n<li>Un tema de comercio electr\u00f3nico moderno y visualmente impresionante dise\u00f1ado espec\u00edficamente para las tiendas en l\u00ednea de WooCommerce<\/li>\n<li>F\u00e1cil de usar y navegar, con men\u00fas, encabezados y dise\u00f1os personalizables.<\/li>\n<li>Viene con una variedad de plantillas de tienda predise\u00f1adas para elegir, ahorrando tiempo y esfuerzo en el dise\u00f1o del sitio<\/li>\n<li>El dise\u00f1o que responde a dispositivos m\u00f3viles asegura que su tienda se vea genial en cualquier dispositivo, aumentando su alcance a los clientes potenciales<\/li>\n<li>Opciones de filtrado de productos incorporadas, lo que facilita a los clientes buscar y encontrar exactamente lo que necesitan<\/li>\n<li>Integraci\u00f3n con pasarelas de pago populares como PayPal y Stripe, asegurando transacciones seguras y eficientes<\/li>\n<li>Integraci\u00f3n de redes sociales incorporadas, que permite a los clientes compartir productos y promociones con sus redes<\/li>\n<li>Capacidades de b\u00fasqueda avanzada, que permite a los clientes encontrar f\u00e1cilmente productos basados \u200b\u200ben criterios espec\u00edficos como tama\u00f1o, color y rango de precios<\/li>\n<li>Potentes herramientas de back -end, incluidos informes detallados de ventas y an\u00e1lisis para ayudarlo a tomar decisiones comerciales informadas<\/li>\n<li>Actualizaciones regulares y atenci\u00f3n al cliente receptivo, asegurando que su tienda siempre se ejecute sin problemas y reciba el soporte necesario que necesita.<\/li>\n<\/ul>\n","protected":false},"excerpt":{"rendered":"<p>El tema de Galleria Storefront WooCommerce, una soluci\u00f3n de comercio electr\u00f3nico absolutamente impresionante y altamente personalizable, ha sido ingeniosamente elaborado espec\u00edficamente con el prop\u00f3sito de facilitar las tiendas en l\u00ednea. Equipado con una interfaz que es notablemente f\u00e1cil de usar y una gran cantidad de caracter\u00edsticas avanzadas, este tema le brinda la magn\u00edfica oportunidad de dise\u00f1ar una tienda excepcionalmente pulida y visualmente atractiva, generando as\u00ed una afluencia de visitantes a su sitio web y finalmente reforzar sus ventas. Con una extensa variedad de widgets a medida, una variedad de opciones de dise\u00f1o, as\u00ed como una mir\u00edada de herramientas de dise\u00f1o, este tema le permite crear meticulosamente una tienda que es realmente \u00fanica y cautivadora, reflejando fielmente la esencia de la esencia de Su marca al mismo tiempo atiende a los requisitos y preferencias \u00fanicas de su estimada clientela. Independientemente de si sus productos son de naturaleza f\u00edsica o digital, el tema de WooCommerce de Galleria Storefront surge como la opci\u00f3n indiscutiblemente id\u00edlica para cualquier persona en busca de un triunfo rotundo en el \u00e1mbito din\u00e1mico del comercio minorista en l\u00ednea.<\/p>\n","protected":false},"featured_media":166172,"comment_status":"open","ping_status":"open","template":"","meta":[],"product_brand":[2344],"product_cat":[1263,1264,1237],"product_tag":[1423],"class_list":{"0":"post-119098","1":"product","2":"type-product","3":"status-publish","4":"has-post-thumbnail","6":"product_brand-woocommerce","7":"product_cat-comercio-electronico-temas","8":"product_cat-negocio","9":"product_cat-temas","10":"product_tag-woocommerce","11":"member-discount","12":"discount-restricted","14":"first","15":"instock","16":"sale","17":"downloadable","18":"virtual","19":"sold-individually","20":"purchasable","21":"product-type-simple"},"_links":{"self":[{"href":"https:\/\/gpl-love.com\/es\/wp-json\/wp\/v2\/product\/119098","targetHints":{"allow":["GET"]}}],"collection":[{"href":"https:\/\/gpl-love.com\/es\/wp-json\/wp\/v2\/product"}],"about":[{"href":"https:\/\/gpl-love.com\/es\/wp-json\/wp\/v2\/types\/product"}],"replies":[{"embeddable":true,"href":"https:\/\/gpl-love.com\/es\/wp-json\/wp\/v2\/comments?post=119098"}],"wp:featuredmedia":[{"embeddable":true,"href":"https:\/\/gpl-love.com\/es\/wp-json\/wp\/v2\/media\/166172"}],"wp:attachment":[{"href":"https:\/\/gpl-love.com\/es\/wp-json\/wp\/v2\/media?parent=119098"}],"wp:term":[{"taxonomy":"product_brand","embeddable":true,"href":"https:\/\/gpl-love.com\/es\/wp-json\/wp\/v2\/product_brand?post=119098"},{"taxonomy":"product_cat","embeddable":true,"href":"https:\/\/gpl-love.com\/es\/wp-json\/wp\/v2\/product_cat?post=119098"},{"taxonomy":"product_tag","embeddable":true,"href":"https:\/\/gpl-love.com\/es\/wp-json\/wp\/v2\/product_tag?post=119098"}],"curies":[{"name":"wp","href":"https:\/\/api.w.org\/{rel}","templated":true}]}}