{"id":119039,"date":"2025-10-28T00:00:00","date_gmt":"2025-10-28T05:00:00","guid":{"rendered":"https:\/\/gpl-love.com\/es\/?post_type=product&#038;p=119039"},"modified":"2026-03-09T07:33:32","modified_gmt":"2026-03-09T12:33:32","slug":"eventon-seats","status":"publish","type":"product","link":"https:\/\/gpl-love.com\/es\/producto\/eventon-seats\/","title":{"rendered":"EventOn Seats 1.3"},"content":{"rendered":"<h3>EventOn Seats Caracteristicas<\/h3>\n<p>Los asientos de Eventon, una soluci\u00f3n de asiento excepcional para eventos que requieren una opci\u00f3n de asiento que sea c\u00f3moda y duradera, es reconocida por su calidad incomparable. Estos asientos meticulosamente elaborados est\u00e1n dise\u00f1ados espec\u00edficamente para ofrecer la m\u00e1xima comodidad y apoyo a los invitados que asisten a una amplia gama de eventos, desde conciertos estimulantes hasta conferencias esclarecedoras e incluso juegos deportivos emocionantes. Con una construcci\u00f3n robusta, han sido dise\u00f1ados con longevidad en mente, sufriendo un gran uso durante un per\u00edodo prolongado durante un per\u00edodo prolongado. Adem\u00e1s, estos asientos no solo est\u00e1n construidos para durar, sino que tambi\u00e9n vienen equipados con una variedad de caracter\u00edsticas notables que los hacen ideales para eventos a gran escala, que incluyen portavas para cada individuo. La versatilidad de los asientos de Eventon se ve mejorada por su proceso de instalaci\u00f3n sin esfuerzo y su capacidad para personalizarse para cumplir con los requisitos \u00fanicos de cualquier evento. Ya sea que est\u00e9 organizando una reuni\u00f3n \u00edntima o una extravagancia a gran escala, estos asientos ofrecen una opci\u00f3n de asiento confiable y lujosa c\u00f3moda que seguramente ser\u00e1 apreciada por todos sus estimados invitados.<\/p>\n<ul>\n<li>Soluci\u00f3n de asiento c\u00f3moda para eventos<\/li>\n<li>Dise\u00f1o elegante y moderno<\/li>\n<li>F\u00e1cil de ensamblar y desmontar<\/li>\n<li>Materiales duraderos para uso a largo plazo<\/li>\n<li>Apilable para almacenamiento para ahorrar espacio<\/li>\n<li>Adecuado para eventos interiores y al aire libre<\/li>\n<li>Disponible en m\u00faltiples colores para adaptarse al tema de cualquier evento<\/li>\n<li>Se puede personalizar con marca o logotipos para eventos corporativos<\/li>\n<li>Proporciona una apariencia profesional y pulida para cualquier entorno de eventos.<\/li>\n<\/ul>\n","protected":false},"excerpt":{"rendered":"<p>Eventon Seats es un sistema de gesti\u00f3n de asientos de vanguardia y altamente sofisticado que ha sido meticulosamente dise\u00f1ado para simplificar y racionalizar la tarea a menudo desalentadora de organizar arreglos de asientos para una amplia gama de eventos, incluidas, entre otras, conferencias, seminarios, talleres y varios Otras reuniones sociales. Al aprovechar el poder de su interfaz notablemente intuitiva y f\u00e1cil de usar, Eventon se asienta sin esfuerzo a los organizadores de eventos con la capacidad de asignar y administrar sin problemas asientos para sus estimados asistentes de una manera que es eficiente y altamente efectiva. Adem\u00e1s, este sistema excepcional va m\u00e1s all\u00e1 al ofrecer una gran cantidad de caracter\u00edsticas invaluables que se adaptan espec\u00edficamente para mejorar la experiencia general del usuario, como una lista de espera totalmente automatizada y actualizaciones en tiempo real que proporcionan informaci\u00f3n en vivo y precisa, as\u00ed como una muy La pasarela de pago segura y confiable que garantiza un proceso sin problemas y sin preocupaciones tanto para organizadores de eventos como para asistentes. Independientemente de la escala o la magnitud de su pr\u00f3ximo evento, ya sea una reuni\u00f3n \u00edntima y acogedora o un asunto grandioso y extravagante, la incre\u00edble funcionalidad y la conveniencia incomparable que ofrece Eventon Asientos lo convierten de excelencia y eficiencia.<\/p>\n","protected":false},"featured_media":166051,"comment_status":"open","ping_status":"open","template":"","meta":[],"product_brand":[2444],"product_cat":[1214,1206,1211],"product_tag":[1292],"class_list":{"0":"post-119039","1":"product","2":"type-product","3":"status-publish","4":"has-post-thumbnail","6":"product_brand-eventon","7":"product_cat-personalizacion","8":"product_cat-plugins","9":"product_cat-wordpress-plugins","10":"product_tag-eventon","11":"member-discount","12":"discount-restricted","14":"first","15":"instock","16":"sale","17":"downloadable","18":"virtual","19":"sold-individually","20":"purchasable","21":"product-type-simple"},"_links":{"self":[{"href":"https:\/\/gpl-love.com\/es\/wp-json\/wp\/v2\/product\/119039","targetHints":{"allow":["GET"]}}],"collection":[{"href":"https:\/\/gpl-love.com\/es\/wp-json\/wp\/v2\/product"}],"about":[{"href":"https:\/\/gpl-love.com\/es\/wp-json\/wp\/v2\/types\/product"}],"replies":[{"embeddable":true,"href":"https:\/\/gpl-love.com\/es\/wp-json\/wp\/v2\/comments?post=119039"}],"wp:featuredmedia":[{"embeddable":true,"href":"https:\/\/gpl-love.com\/es\/wp-json\/wp\/v2\/media\/166051"}],"wp:attachment":[{"href":"https:\/\/gpl-love.com\/es\/wp-json\/wp\/v2\/media?parent=119039"}],"wp:term":[{"taxonomy":"product_brand","embeddable":true,"href":"https:\/\/gpl-love.com\/es\/wp-json\/wp\/v2\/product_brand?post=119039"},{"taxonomy":"product_cat","embeddable":true,"href":"https:\/\/gpl-love.com\/es\/wp-json\/wp\/v2\/product_cat?post=119039"},{"taxonomy":"product_tag","embeddable":true,"href":"https:\/\/gpl-love.com\/es\/wp-json\/wp\/v2\/product_tag?post=119039"}],"curies":[{"name":"wp","href":"https:\/\/api.w.org\/{rel}","templated":true}]}}