{"id":119037,"date":"2021-11-08T00:00:00","date_gmt":"2021-11-08T05:00:00","guid":{"rendered":"https:\/\/gpl-love.com\/es\/?post_type=product&#038;p=119037"},"modified":"2026-04-10T11:18:25","modified_gmt":"2026-04-10T16:18:25","slug":"mythemeshop-sociallyviral-wordpress-theme","status":"publish","type":"product","link":"https:\/\/gpl-love.com\/es\/producto\/mythemeshop-sociallyviral-wordpress-theme\/","title":{"rendered":"MyThemeShop SociallyViral WordPress Theme 2.4.9"},"content":{"rendered":"<h3>MyThemeShop SociallyViral WordPress Theme Caracteristicas<\/h3>\n<p>El tema socialmente Viral de WordPress ofrecido por Mythemeshop es un tema incre\u00edblemente cautivador y rico en caracter\u00edsticas que se adapta espec\u00edficamente para satisfacer las necesidades de los bloggers y creadores de contenido que aspiran a mejorar el nivel de compromiso social en sus sitios web. Este notable tema est\u00e1 meticulosamente dise\u00f1ado con un \u00e9nfasis principal en fomentar el intercambio social y la creaci\u00f3n de contenido viral, facilitando as\u00ed a los visitantes para distribuir sin esfuerzo su contenido en sus diversos perfiles de redes sociales. Adem\u00e1s, este incre\u00edble tema ofrece una amplia gama de opciones de personalizaci\u00f3n, que abarca una variedad de esquemas de color distintivos, una multitud de opciones de dise\u00f1o y una variedad de widgets personalizados, lo que le permite elaborar meticulosamente un sitio web verdaderamente distintivo y personalizado que se refleja con precisi\u00f3n el Esencia \u00fanica de tu marca. Adem\u00e1s, el dise\u00f1o maravillosamente elegante y receptivo de Socialmente Viral asegura inequ\u00edvocamente que su sitio web mantendr\u00e1 su encanto visual y su funcionalidad impecable, independientemente de que el dispositivo est\u00e9 empleado para acceder a \u00e9l. En general, Socialmente Viral emerge indiscutiblemente como una elecci\u00f3n ejemplar para los individuos en busca de un medio elegantemente sofisticado y cautivador para establecer una presencia en l\u00ednea influyente.<\/p>\n<ul>\n<li>Un tema de WordPress altamente receptivo e intuitivo dise\u00f1ado para mejorar la participaci\u00f3n social y aumentar el tr\u00e1fico del sitio web<\/li>\n<li>Ideal para blogueros, especialistas en marketing y negocios en l\u00ednea que buscan maximizar su presencia en l\u00ednea y promover su marca<\/li>\n<li>Dise\u00f1o bellamente elaborado con elementos de dise\u00f1o visualmente atractivos que est\u00e1n optimizados para un rendimiento y velocidad superiores<\/li>\n<li>Caracter\u00edsticas como publicaciones relacionadas, publicaciones de tendencia, botones de intercambio social y widgets personalizables para ayudarlo a crear contenido atractivo e impulsar el tr\u00e1fico a su sitio<\/li>\n<li>Integraci\u00f3n perfecta con complementos populares como MailChimp, WooCommerce y WPForms para mayor funcionalidad y conveniencia<\/li>\n<li>Opciones de tema flexibles y personalizables que le permiten ajustar y ajustar f\u00e1cilmente varios aspectos de su sitio para satisfacer sus necesidades y preferencias.<\/li>\n<li>Soporte completo para varios formatos de medios, incluidos videos HD, im\u00e1genes y audio para ayudarlo a crear contenido interactivo e interactivo.<\/li>\n<li>Una interfaz f\u00e1cil de usar que facilita la navegaci\u00f3n y la administraci\u00f3n de su sitio, incluso si tiene poca o ninguna experiencia t\u00e9cnica.<\/li>\n<\/ul>\n","protected":false},"excerpt":{"rendered":"<p>El tema socialmente Viral WordPress, desarrollado por Mythemeshop, es un tema est\u00e9ticamente agradable y contempor\u00e1neo que satisface las necesidades de los bloggers, revistas y sitios web de noticias. Dise\u00f1ado con un fuerte \u00e9nfasis en la velocidad, este tema ofrece una gran cantidad de caracter\u00edsticas impresionantes, que incluyen un dise\u00f1o receptivo, una integraci\u00f3n perfecta con plataformas de redes sociales, widgets personalizables y una variedad de formatos de publicaci\u00f3n. Al aprovechar las potentes capacidades de Socialmente Viral, los usuarios pueden curar sin esfuerzo el contenido viral y mejorar su presencia en l\u00ednea a trav\u00e9s de sus opciones intuitivas y t\u00e9cnicas de optimizaci\u00f3n de motores de b\u00fasqueda. Emb\u00e1rcase en un viaje transformador adornando su sitio web con un dise\u00f1o impactante y presencie un aumento significativo en el tr\u00e1fico, todo gracias a las notables capacidades de Socialmente Viral.<\/p>\n","protected":false},"featured_media":166934,"comment_status":"open","ping_status":"open","template":"","meta":[],"product_brand":[2505],"product_cat":[1267,1237,1238],"product_tag":[1334],"class_list":{"0":"post-119037","1":"product","2":"type-product","3":"status-publish","4":"has-post-thumbnail","6":"product_brand-my-theme-shop","7":"product_cat-creativo","8":"product_cat-temas","9":"product_cat-wordpress-temas","10":"product_tag-my-theme-shop","11":"member-discount","12":"discount-restricted","14":"first","15":"instock","16":"sale","17":"downloadable","18":"virtual","19":"sold-individually","20":"purchasable","21":"product-type-simple"},"_links":{"self":[{"href":"https:\/\/gpl-love.com\/es\/wp-json\/wp\/v2\/product\/119037","targetHints":{"allow":["GET"]}}],"collection":[{"href":"https:\/\/gpl-love.com\/es\/wp-json\/wp\/v2\/product"}],"about":[{"href":"https:\/\/gpl-love.com\/es\/wp-json\/wp\/v2\/types\/product"}],"replies":[{"embeddable":true,"href":"https:\/\/gpl-love.com\/es\/wp-json\/wp\/v2\/comments?post=119037"}],"wp:featuredmedia":[{"embeddable":true,"href":"https:\/\/gpl-love.com\/es\/wp-json\/wp\/v2\/media\/166934"}],"wp:attachment":[{"href":"https:\/\/gpl-love.com\/es\/wp-json\/wp\/v2\/media?parent=119037"}],"wp:term":[{"taxonomy":"product_brand","embeddable":true,"href":"https:\/\/gpl-love.com\/es\/wp-json\/wp\/v2\/product_brand?post=119037"},{"taxonomy":"product_cat","embeddable":true,"href":"https:\/\/gpl-love.com\/es\/wp-json\/wp\/v2\/product_cat?post=119037"},{"taxonomy":"product_tag","embeddable":true,"href":"https:\/\/gpl-love.com\/es\/wp-json\/wp\/v2\/product_tag?post=119037"}],"curies":[{"name":"wp","href":"https:\/\/api.w.org\/{rel}","templated":true}]}}