{"id":119003,"date":"2024-08-29T00:00:00","date_gmt":"2024-08-29T05:00:00","guid":{"rendered":"https:\/\/gpl-love.com\/es\/?post_type=product&#038;p=119003"},"modified":"2026-04-10T11:22:20","modified_gmt":"2026-04-10T16:22:20","slug":"protect-wordpress-categories","status":"publish","type":"product","link":"https:\/\/gpl-love.com\/es\/producto\/protect-wordpress-categories\/","title":{"rendered":"Protect WordPress Categories 2.1.21"},"content":{"rendered":"<h3>Protect WordPress Categories Caracteristicas<\/h3>\n<p>La herramienta Protect WordPress Categories es un instrumento inmensamente poderoso que ayuda a los propietarios de sitios web a fortalecer sus categor\u00edas de WordPress de cualquier tipo de acceso no autorizado. Este ingenioso complemento permite a los usuarios salvaguardar sin esfuerzo sus categor\u00edas mediante la implementaci\u00f3n de diversas medidas de protecci\u00f3n, como protecci\u00f3n de contrase\u00f1as, asignaciones de roles de usuario y restricciones de acceso. Al hacerlo, garantiza efectivamente que las personas que poseen la autorizaci\u00f3n necesaria no solo pueden ver sino tambi\u00e9n obtener acceso a las categor\u00edas, manteniendo as\u00ed efectivamente la mayor seguridad del contenido alojado. Adem\u00e1s, el proceso de instalaci\u00f3n para proteger las categor\u00edas de WordPress es extremadamente sencillo, y tambi\u00e9n cuenta con una interfaz f\u00e1cil de usar, lo que le convierte en una soluci\u00f3n verdaderamente ideal para los propietarios de sitios web que buscan aumentar la seguridad de su sitio web sin encontrar ninguna complicaci\u00f3n innecesaria. Independientemente de si uno opera un blog personal o un sitio web de negocios, la herramienta Protect WordPress Categories surge sin duda como el ep\u00edtome de la excelencia cuando se trata de salvaguardar y proteger las categor\u00edas de uno de la manera m\u00e1s impecable posible.<\/p>\n<ul>\n<li>Plugin de WordPress dise\u00f1ado para proteger las categor\u00edas de su sitio web<\/li>\n<li>Protege las categor\u00edas del acceso o los cambios no autorizados<\/li>\n<li>Proporciona control de acceso para usuarios y roles<\/li>\n<li>Permite a los administradores restringir el acceso a categor\u00edas espec\u00edficas<\/li>\n<li>Permite crear roles y permisos de usuario personalizados<\/li>\n<li>Proporciona una capa adicional de seguridad a su sitio web<\/li>\n<li>F\u00e1cil de usar y configurar<\/li>\n<li>Compatible con las \u00faltimas versiones de WordPress<\/li>\n<li>Actualizado regularmente con nuevas caracter\u00edsticas y parches de seguridad<\/li>\n<li>Ofrece un excelente servicio de atenci\u00f3n al cliente y documentaci\u00f3n<\/li>\n<\/ul>\n","protected":false},"excerpt":{"rendered":"<p>Aseg\u00farese de que la m\u00e1xima protecci\u00f3n para sus categor\u00edas de WordPress utilizando este complemento de seguridad robusto que salvaguardan efectivamente contra el acceso no autorizado y el posible robo. Operando discretamente en el fondo, esta herramienta sirve como una barrera impenetrable, disuadiendo cualquier intento malicioso destinado a manipular o robar su precioso contenido. Con un proceso de instalaci\u00f3n sin interrupciones y una interfaz de usuario intuitiva, el complemento Protect WordPress Categories se erige como la soluci\u00f3n definitiva para fortalecer los datos vulnerables de su sitio web, garantizando una experiencia de navegaci\u00f3n que es impermeable a las violaciones de seguridad. Negarse a permitir que los hackers nefastos socaven su presencia en l\u00ednea; En su lugar, equiparse con esta herramienta indispensable para proteger sus categor\u00edas de WordPress de cualquier compromiso potencial. \u00a1No pierda el tiempo y asegure su sitio web adquiriendo esta herramienta esencial hoy!<\/p>\n","protected":false},"featured_media":167276,"comment_status":"open","ping_status":"open","template":"","meta":[],"product_brand":[2422],"product_cat":[1214,1206,1211],"product_tag":[1660],"class_list":{"0":"post-119003","1":"product","2":"type-product","3":"status-publish","4":"has-post-thumbnail","6":"product_brand-barn2","7":"product_cat-personalizacion","8":"product_cat-plugins","9":"product_cat-wordpress-plugins","10":"product_tag-barn2","11":"member-discount","12":"discount-restricted","14":"first","15":"instock","16":"sale","17":"downloadable","18":"virtual","19":"sold-individually","20":"purchasable","21":"product-type-simple"},"_links":{"self":[{"href":"https:\/\/gpl-love.com\/es\/wp-json\/wp\/v2\/product\/119003","targetHints":{"allow":["GET"]}}],"collection":[{"href":"https:\/\/gpl-love.com\/es\/wp-json\/wp\/v2\/product"}],"about":[{"href":"https:\/\/gpl-love.com\/es\/wp-json\/wp\/v2\/types\/product"}],"replies":[{"embeddable":true,"href":"https:\/\/gpl-love.com\/es\/wp-json\/wp\/v2\/comments?post=119003"}],"wp:featuredmedia":[{"embeddable":true,"href":"https:\/\/gpl-love.com\/es\/wp-json\/wp\/v2\/media\/167276"}],"wp:attachment":[{"href":"https:\/\/gpl-love.com\/es\/wp-json\/wp\/v2\/media?parent=119003"}],"wp:term":[{"taxonomy":"product_brand","embeddable":true,"href":"https:\/\/gpl-love.com\/es\/wp-json\/wp\/v2\/product_brand?post=119003"},{"taxonomy":"product_cat","embeddable":true,"href":"https:\/\/gpl-love.com\/es\/wp-json\/wp\/v2\/product_cat?post=119003"},{"taxonomy":"product_tag","embeddable":true,"href":"https:\/\/gpl-love.com\/es\/wp-json\/wp\/v2\/product_tag?post=119003"}],"curies":[{"name":"wp","href":"https:\/\/api.w.org\/{rel}","templated":true}]}}