{"id":118939,"date":"2021-11-04T00:00:00","date_gmt":"2021-11-04T05:00:00","guid":{"rendered":"https:\/\/gpl-love.com\/es\/?post_type=product&#038;p=118939"},"modified":"2026-04-10T11:18:18","modified_gmt":"2026-04-10T16:18:18","slug":"mythemeshop-purple-wordpress-theme","status":"publish","type":"product","link":"https:\/\/gpl-love.com\/es\/producto\/mythemeshop-purple-wordpress-theme\/","title":{"rendered":"MyThemeShop Purple WordPress Theme 1.1.1"},"content":{"rendered":"<h3>MyThemeShop Purple WordPress Theme Caracteristicas<\/h3>\n<p>Mythemeshop Purple WordPress Temo, con su dise\u00f1o visualmente impresionante y totalmente receptivo, demuestra ser una opci\u00f3n ideal para sitios web en varios dominios. Cuenta con una est\u00e9tica elegante y moderna, que se distingue por un atractivo esquema de color p\u00farpura que lo distingue de sus contrapartes en el \u00e1mbito de los temas. En particular, este tema presenta un panel de opciones notable, repleto de energ\u00eda, que lo equipa con la capacidad de personalizar una variedad de elementos, desde fuentes hasta colores y dise\u00f1os. En consecuencia, elaborar un sitio web que se alinee sin problemas con su marca se convierte en un proceso sin problemas. Adem\u00e1s, el tema se optimiza cuidadosamente para la velocidad, asegurando que su sitio web se cargue de manera r\u00e1pida y eficiente, mejorando as\u00ed la experiencia del usuario. Adem\u00e1s, abarca una multitud de caracter\u00edsticas, como diversos dise\u00f1os de publicaci\u00f3n y p\u00e1gina, integraci\u00f3n perfecta con plataformas de redes sociales e incluso un sistema de revisi\u00f3n incorporado. Ya sea que sea un blogger apasionado o un propietario de un negocio inteligente, el tema de Mythemeshop Purple WordPress, sin duda, surge como la elecci\u00f3n por excelencia para construir un sitio web exquisitamente atractivo y completamente funcional.<\/p>\n<ul>\n<li>Dise\u00f1o ultra sensible adecuado para todos los dispositivos<\/li>\n<li>Traducci\u00f3n y RTL listo<\/li>\n<li>Optimizado para la velocidad y el SEO<\/li>\n<li>Fondo personalizable y opciones de fuentes<\/li>\n<li>Botones de intercambio de redes sociales incorporados<\/li>\n<li>Integrado con Google Fonts<\/li>\n<li>Widgets personalizados para publicaciones populares, redes sociales y m\u00e1s<\/li>\n<li>WooCommerce Compatible para una f\u00e1cil configuraci\u00f3n de la tienda en l\u00ednea<\/li>\n<li>Opciones de color ilimitadas para que coincidan con su marca<\/li>\n<li>Instalaci\u00f3n y configuraci\u00f3n de un solo clic<\/li>\n<li>Atenci\u00f3n al cliente y actualizaciones regulares incluidas.<\/li>\n<\/ul>\n","protected":false},"excerpt":{"rendered":"<p>El tema Mythemeshop Purple WordPress, repleto de un encanto vibrante y contempor\u00e1neo, se presenta como una selecci\u00f3n exquisita para las personas que buscan mejorar el atractivo visual de su sitio web. Con un esquema de color p\u00farpura elegante y atractivo, as\u00ed como una gran cantidad de opciones de dise\u00f1o personalizables, este tema atiende con una amplia gama de industrias e inclinaciones personales. Adem\u00e1s, su compromiso resuelto con la capacidad de respuesta garantiza que su sitio web exudar\u00e1 a una magnificencia incomparable en cualquier dispositivo con el que se acceda, mientras que su interfaz f\u00e1cil de usar garantiza que el proceso de personalizaci\u00f3n siga siendo un esfuerzo sin costuras y sin esfuerzo. Independientemente de si se identifica con orgullo como blogger, magnate de los negocios o un profesional creativo visionario, el tema de Mythemeshop Purple WordPress es inequ\u00edvocamente como una opci\u00f3n \u00f3ptima para estimular y amplificar su presencia en l\u00ednea a alturas sin precedentes.<\/p>\n","protected":false},"featured_media":166924,"comment_status":"open","ping_status":"open","template":"","meta":[],"product_brand":[2505],"product_cat":[1267,1237,1238],"product_tag":[1334],"class_list":{"0":"post-118939","1":"product","2":"type-product","3":"status-publish","4":"has-post-thumbnail","6":"product_brand-my-theme-shop","7":"product_cat-creativo","8":"product_cat-temas","9":"product_cat-wordpress-temas","10":"product_tag-my-theme-shop","11":"member-discount","12":"discount-restricted","14":"first","15":"instock","16":"sale","17":"downloadable","18":"virtual","19":"sold-individually","20":"purchasable","21":"product-type-simple"},"_links":{"self":[{"href":"https:\/\/gpl-love.com\/es\/wp-json\/wp\/v2\/product\/118939","targetHints":{"allow":["GET"]}}],"collection":[{"href":"https:\/\/gpl-love.com\/es\/wp-json\/wp\/v2\/product"}],"about":[{"href":"https:\/\/gpl-love.com\/es\/wp-json\/wp\/v2\/types\/product"}],"replies":[{"embeddable":true,"href":"https:\/\/gpl-love.com\/es\/wp-json\/wp\/v2\/comments?post=118939"}],"wp:featuredmedia":[{"embeddable":true,"href":"https:\/\/gpl-love.com\/es\/wp-json\/wp\/v2\/media\/166924"}],"wp:attachment":[{"href":"https:\/\/gpl-love.com\/es\/wp-json\/wp\/v2\/media?parent=118939"}],"wp:term":[{"taxonomy":"product_brand","embeddable":true,"href":"https:\/\/gpl-love.com\/es\/wp-json\/wp\/v2\/product_brand?post=118939"},{"taxonomy":"product_cat","embeddable":true,"href":"https:\/\/gpl-love.com\/es\/wp-json\/wp\/v2\/product_cat?post=118939"},{"taxonomy":"product_tag","embeddable":true,"href":"https:\/\/gpl-love.com\/es\/wp-json\/wp\/v2\/product_tag?post=118939"}],"curies":[{"name":"wp","href":"https:\/\/api.w.org\/{rel}","templated":true}]}}