{"id":118867,"date":"2021-11-02T00:00:00","date_gmt":"2021-11-02T05:00:00","guid":{"rendered":"https:\/\/gpl-love.com\/es\/?post_type=product&#038;p=118867"},"modified":"2026-03-09T08:28:20","modified_gmt":"2026-03-09T13:28:20","slug":"wp-geoip-country-redirect","status":"publish","type":"product","link":"https:\/\/gpl-love.com\/es\/producto\/wp-geoip-country-redirect\/","title":{"rendered":"WP GeoIP Country Redirect 3.6"},"content":{"rendered":"<h3>WP GeoIP Country Redirect Caracteristicas<\/h3>\n<p>WP Geoip Country Redirect es un complemento de WordPress incre\u00edblemente robusto y altamente efectivo que permite a los propietarios de sitios web la capacidad de redirigir sin esfuerzo a sus visitantes a diferentes p\u00e1ginas dependiendo de su geolocalizaci\u00f3n espec\u00edfica. Al utilizar este complemento excepcional, tiene la capacidad de dirigirse espec\u00edficamente a las personas y redirigir a las personas provenientes de regiones distintas o incluso pa\u00edses, lo que garantiza que est\u00e9n perfectamente dirigidos hacia p\u00e1ginas que son pertinentes y aplicables a sus circunstancias \u00fanicas. Esta caracter\u00edstica invaluable es particularmente ventajosa para las empresas que cuentan con diversas ofertas o promociones en lugares diferentes. Aprovechando la direcci\u00f3n IP del visitante, este complemento determina con precisi\u00f3n su ubicaci\u00f3n precisa, aumentando a\u00fan m\u00e1s sus capacidades para incluso redirigir seg\u00fan el lenguaje del navegador. Al incorporar la redirecci\u00f3n de WP Geoip Country a su sitio web, tiene la incre\u00edble oportunidad de mejorar en gran medida la experiencia general del usuario, lo que lo hace considerablemente m\u00e1s personalizado y hecho a medida para satisfacer las preferencias y necesidades individuales de sus visitantes exigentes.<\/p>\n<ul>\n<li>Redirige autom\u00e1ticamente a los visitantes del sitio web a p\u00e1ginas espec\u00edficas basadas en su pa\u00eds de origen.<\/li>\n<li>Rastrea con precisi\u00f3n la ubicaci\u00f3n del visitante en funci\u00f3n de su direcci\u00f3n IP.<\/li>\n<li>F\u00e1cil de instalar y configurar, no se necesita experiencia en codificaci\u00f3n.<\/li>\n<li>Opciones de redirecci\u00f3n personalizables para satisfacer necesidades comerciales espec\u00edficas.<\/li>\n<li>Admite la redirecci\u00f3n para m\u00faltiples idiomas, divisas y dominios.<\/li>\n<li>Mejora de la experiencia del usuario al entregar contenido dirigido a los visitantes de diferentes ubicaciones.<\/li>\n<li>Puede ayudar a impulsar el SEO proporcionando contenido localizado y mejorando los tiempos de carga de la p\u00e1gina.<\/li>\n<li>Compatible con la mayor\u00eda de los temas y complementos de WordPress.<\/li>\n<\/ul>\n","protected":false},"excerpt":{"rendered":"<p>El complemento de redirecci\u00f3n de WP GeoIP Country demuestra ser una herramienta ejemplar cuando se trata de redirigir de manera efectiva a los visitantes del sitio web de acuerdo con la ubicaci\u00f3n de su pa\u00eds. Haciendo uso de la tecnolog\u00eda GEOIP avanzada, este complemento robusto identifica con precisi\u00f3n la ubicaci\u00f3n precisa del usuario y, posteriormente, los redirige a la secci\u00f3n o p\u00e1gina correspondiente dentro de su sitio web. Al capitalizar las reglas de redirecci\u00f3n personalizables que son espec\u00edficas de cada pa\u00eds, puede cultivar sin esfuerzo una experiencia de usuario armoniosa, mejorar los niveles de participaci\u00f3n y, en \u00faltima instancia, elevar sus tasas de conversi\u00f3n. Adem\u00e1s, el proceso de instalaci\u00f3n y utilizaci\u00f3n de este complemento es notablemente sencillo, lo que lo convierte en una opci\u00f3n ideal para propietarios y desarrolladores de sitios web, independientemente de su nivel de competencia.<\/p>\n","protected":false},"featured_media":168390,"comment_status":"open","ping_status":"open","template":"","meta":[],"product_brand":[2339],"product_cat":[1214,1206,1211],"product_tag":[1256],"class_list":{"0":"post-118867","1":"product","2":"type-product","3":"status-publish","4":"has-post-thumbnail","6":"product_brand-codecanyon","7":"product_cat-personalizacion","8":"product_cat-plugins","9":"product_cat-wordpress-plugins","10":"product_tag-codecanyon","11":"member-discount","12":"discount-restricted","14":"first","15":"instock","16":"sale","17":"downloadable","18":"virtual","19":"sold-individually","20":"purchasable","21":"product-type-simple"},"_links":{"self":[{"href":"https:\/\/gpl-love.com\/es\/wp-json\/wp\/v2\/product\/118867","targetHints":{"allow":["GET"]}}],"collection":[{"href":"https:\/\/gpl-love.com\/es\/wp-json\/wp\/v2\/product"}],"about":[{"href":"https:\/\/gpl-love.com\/es\/wp-json\/wp\/v2\/types\/product"}],"replies":[{"embeddable":true,"href":"https:\/\/gpl-love.com\/es\/wp-json\/wp\/v2\/comments?post=118867"}],"wp:featuredmedia":[{"embeddable":true,"href":"https:\/\/gpl-love.com\/es\/wp-json\/wp\/v2\/media\/168390"}],"wp:attachment":[{"href":"https:\/\/gpl-love.com\/es\/wp-json\/wp\/v2\/media?parent=118867"}],"wp:term":[{"taxonomy":"product_brand","embeddable":true,"href":"https:\/\/gpl-love.com\/es\/wp-json\/wp\/v2\/product_brand?post=118867"},{"taxonomy":"product_cat","embeddable":true,"href":"https:\/\/gpl-love.com\/es\/wp-json\/wp\/v2\/product_cat?post=118867"},{"taxonomy":"product_tag","embeddable":true,"href":"https:\/\/gpl-love.com\/es\/wp-json\/wp\/v2\/product_tag?post=118867"}],"curies":[{"name":"wp","href":"https:\/\/api.w.org\/{rel}","templated":true}]}}