{"id":118865,"date":"2025-05-16T00:00:00","date_gmt":"2025-05-16T05:00:00","guid":{"rendered":"https:\/\/gpl-love.com\/es\/?post_type=product&#038;p=118865"},"modified":"2026-03-09T08:30:41","modified_gmt":"2026-03-09T13:30:41","slug":"wpdiscuz-user-y-comment-mentioning","status":"publish","type":"product","link":"https:\/\/gpl-love.com\/es\/producto\/wpdiscuz-user-y-comment-mentioning\/","title":{"rendered":"wpDiscuz User y Comment Mentioning 7.2.1"},"content":{"rendered":"<h3>wpDiscuz User y Comment Mentioning Caracteristicas<\/h3>\n<p>El usuario y comentario de WPDiscuz que mencionan el complemento sirven para mejorar la participaci\u00f3n del usuario en su sitio web de WordPress al otorgar a los usuarios la capacidad de mencionar a otros usuarios en los comentarios que hacen. Al permitir esta acci\u00f3n, el complemento cultiva efectivamente un profundo sentido de comunidad entre los usuarios y estimula su participaci\u00f3n activa en las discusiones en curso. Adem\u00e1s, esta caracter\u00edstica notable tambi\u00e9n permite a los usuarios recibir notificaciones cada vez que alguien los menciona o cuando alguien responde a sus comentarios, facilitando as\u00ed el seguimiento sin esfuerzo de las conversaciones. El usuario y comentario de WPDiscuz no solo es notablemente f\u00e1cil de usar, sino que tambi\u00e9n es altamente personalizable y perfectamente compatible con la gran mayor\u00eda de los temas y complementos de WordPress. Por lo tanto, es una herramienta indispensable que todo propietario del sitio web debe poseer para optimizar la participaci\u00f3n del usuario y establecer una comunidad en l\u00ednea altamente interactiva.<\/p>\n<ul>\n<li>Mejore la participaci\u00f3n del usuario en su sitio web de WordPress con el usuario de WPDiscuz y los comentarios mencionando.<\/li>\n<li>Permitir a los usuarios mencionar a otros dentro de sus comentarios, creando una comunidad m\u00e1s conectada e interactiva.<\/li>\n<li>Aumente la visibilidad de los comentarios notificando a los usuarios mencionados, alent\u00e1ndolos a unirse a la conversaci\u00f3n.<\/li>\n<li>Personalice la configuraci\u00f3n de notificaci\u00f3n para adaptarse a las necesidades de su sitio web, incluidas las notificaciones por correo electr\u00f3nico y el resaltado de las menciones dentro de los comentarios.<\/li>\n<li>Administre f\u00e1cilmente a los usuarios mencionados con una p\u00e1gina de administraci\u00f3n de usuarios designada, donde puede aprobar o negar solicitudes de notificaci\u00f3n y m\u00e1s.<\/li>\n<li>Totalmente integrado con el sistema de comentarios WPDiscuz, asegurando una implementaci\u00f3n perfecta y un rendimiento confiable.<\/li>\n<\/ul>\n","protected":false},"excerpt":{"rendered":"<p>El usuario y comentario de WPDiscuz que mencionan el complemento agrega una mejora valiosa al sistema de comentarios de su sitio web de WordPress, otorgando a los usuarios la capacidad de mencionar a otros usuarios dentro de sus comentarios. Esta funcionalidad sirve no solo para fomentar un mayor compromiso entre los usuarios, sino que tambi\u00e9n simplifica el proceso de identificaci\u00f3n y respuesta efectiva a los comentarios de los dem\u00e1s. Adem\u00e1s, el complemento ofrece una interfaz intuitiva que capacita a los usuarios para administrar eficientemente sus menciones y recibir notificaciones oportunas. Eleve la interactividad del sistema de comentarios de su sitio web integrando el usuario de WPDiscuz y los comentarios de comentarios.<\/p>\n","protected":false},"featured_media":168486,"comment_status":"open","ping_status":"open","template":"","meta":[],"product_brand":[2645],"product_cat":[1214,1206,1211],"product_tag":[2204],"class_list":{"0":"post-118865","1":"product","2":"type-product","3":"status-publish","4":"has-post-thumbnail","6":"product_brand-wp-discuz","7":"product_cat-personalizacion","8":"product_cat-plugins","9":"product_cat-wordpress-plugins","10":"product_tag-wp-discuz","11":"member-discount","12":"discount-restricted","14":"first","15":"instock","16":"sale","17":"downloadable","18":"virtual","19":"sold-individually","20":"purchasable","21":"product-type-simple"},"_links":{"self":[{"href":"https:\/\/gpl-love.com\/es\/wp-json\/wp\/v2\/product\/118865","targetHints":{"allow":["GET"]}}],"collection":[{"href":"https:\/\/gpl-love.com\/es\/wp-json\/wp\/v2\/product"}],"about":[{"href":"https:\/\/gpl-love.com\/es\/wp-json\/wp\/v2\/types\/product"}],"replies":[{"embeddable":true,"href":"https:\/\/gpl-love.com\/es\/wp-json\/wp\/v2\/comments?post=118865"}],"wp:featuredmedia":[{"embeddable":true,"href":"https:\/\/gpl-love.com\/es\/wp-json\/wp\/v2\/media\/168486"}],"wp:attachment":[{"href":"https:\/\/gpl-love.com\/es\/wp-json\/wp\/v2\/media?parent=118865"}],"wp:term":[{"taxonomy":"product_brand","embeddable":true,"href":"https:\/\/gpl-love.com\/es\/wp-json\/wp\/v2\/product_brand?post=118865"},{"taxonomy":"product_cat","embeddable":true,"href":"https:\/\/gpl-love.com\/es\/wp-json\/wp\/v2\/product_cat?post=118865"},{"taxonomy":"product_tag","embeddable":true,"href":"https:\/\/gpl-love.com\/es\/wp-json\/wp\/v2\/product_tag?post=118865"}],"curies":[{"name":"wp","href":"https:\/\/api.w.org\/{rel}","templated":true}]}}