{"id":118863,"date":"2025-05-16T00:00:00","date_gmt":"2025-05-16T05:00:00","guid":{"rendered":"https:\/\/gpl-love.com\/es\/?post_type=product&#038;p=118863"},"modified":"2026-03-09T08:30:40","modified_gmt":"2026-03-09T13:30:40","slug":"wpdiscuz-subscription-manager","status":"publish","type":"product","link":"https:\/\/gpl-love.com\/es\/producto\/wpdiscuz-subscription-manager\/","title":{"rendered":"wpDiscuz Subscription Manager 7.0.9"},"content":{"rendered":"<h3>wpDiscuz Subscription Manager Caracteristicas<\/h3>\n<p>El Administrador de suscripci\u00f3n de WPDiscuz se destaca como un complemento de WordPress incre\u00edblemente robusto y potente que sirve como ayuda para los propietarios de sitios web en la gesti\u00f3n de su secci\u00f3n de comentarios con la m\u00e1xima eficiencia. Esta herramienta ejemplar faculta a los usuarios al otorgarles la capacidad de suscribirse sin esfuerzo a hilos de comentarios espec\u00edficos, lo que les permite recibir notificaciones instant\u00e1neas cada vez que se agregan comentarios novedosos. Adem\u00e1s, el complemento optimiza todo el proceso de administraci\u00f3n de suscripci\u00f3n al proporcionar una interfaz altamente f\u00e1cil de usar para que los usuarios supervisen y regulen convenientemente sus suscripciones. Adem\u00e1s, este notable complemento viene equipado con una gran cantidad de opciones de personalizaci\u00f3n, lo que brinda a los propietarios de sitios web la oportunidad de adaptar el proceso de suscripci\u00f3n a sus necesidades distintivas e individualistas. En conclusi\u00f3n, est\u00e1 incontrovertiblemente claro que el Administrador de suscripci\u00f3n de WPDiscuz es una herramienta indispensable para cualquier sitio web que anhela elevar su gesti\u00f3n de comentarios y fomentar un mejor compromiso con su estimada audiencia.<\/p>\n<ul>\n<li>Gesti\u00f3n eficiente de suscripciones de usuarios para comentarios de WPDiscuz<\/li>\n<li>Notificaciones autom\u00e1ticas por correo electr\u00f3nico a suscriptores en nuevos comentarios o respuestas a sus comentarios<\/li>\n<li>F\u00e1cil personalizaci\u00f3n de plantillas de correo electr\u00f3nico para que coincida con la marca del sitio web<\/li>\n<li>Capacidad para excluir o incluir ciertas categor\u00edas o publicaciones para opciones de suscripci\u00f3n<\/li>\n<li>Admite la integraci\u00f3n con los populares servicios de marketing por correo electr\u00f3nico como MailChimp y Constant Contact<\/li>\n<li>Informes detallados y an\u00e1lisis sobre actividad y compromiso de suscriptores<\/li>\n<li>Integraci\u00f3n perfecta con el sistema de comentarios de WPDiscuz sin afectar el rendimiento del sitio web<\/li>\n<li>Interfaz f\u00e1cil de usar para administrar suscripciones y opciones para la personalizaci\u00f3n<\/li>\n<li>Opciones para permitir a los invitados suscribirse a publicaciones o categor\u00edas espec\u00edficas de blog<\/li>\n<li>Dise\u00f1o receptivo para dispositivos m\u00f3viles y tabletas.<\/li>\n<\/ul>\n","protected":false},"excerpt":{"rendered":"<p>El Administrador de suscripci\u00f3n WPDiscuz, un complemento de WordPress muy conveniente, sirve como una soluci\u00f3n efectiva para los propietarios de sitios web que buscan administrar eficientemente sus suscripciones de usuarios relacionadas con comentarios y discusiones. Esta herramienta excepcional facilita a los usuarios a suscribirse o cancelarse sin suscripci\u00f3n de hilos espec\u00edficos, recibir notificaciones por correo electr\u00f3nico y personalizar sus preferencias de acuerdo con sus necesidades y deseos. Adem\u00e1s, este complemento viene equipado con funcionalidades avanzadas como la lista negra del usuario, plantillas de correo electr\u00f3nico personalizadas e integraciones perfectas con servicios de marketing por correo electr\u00f3nico conocidos. Al aprovechar las poderosas capacidades del administrador de suscripci\u00f3n de WPDiscuz, los propietarios de sitios web pueden amplificar significativamente los niveles de participaci\u00f3n, fomentar una comunidad pr\u00f3spera y garantizar una comunicaci\u00f3n r\u00e1pida con los usuarios con respecto a cualquier actualizaci\u00f3n o contenido nuevo que pueda publicarse.<\/p>\n","protected":false},"featured_media":168485,"comment_status":"open","ping_status":"open","template":"","meta":[],"product_brand":[2645],"product_cat":[1212,1206,1211],"product_tag":[2204],"class_list":{"0":"post-118863","1":"product","2":"type-product","3":"status-publish","4":"has-post-thumbnail","6":"product_brand-wp-discuz","7":"product_cat-administracion-wordpress-plugins","8":"product_cat-plugins","9":"product_cat-wordpress-plugins","10":"product_tag-wp-discuz","11":"member-discount","12":"discount-restricted","14":"first","15":"instock","16":"sale","17":"downloadable","18":"virtual","19":"sold-individually","20":"purchasable","21":"product-type-simple"},"_links":{"self":[{"href":"https:\/\/gpl-love.com\/es\/wp-json\/wp\/v2\/product\/118863","targetHints":{"allow":["GET"]}}],"collection":[{"href":"https:\/\/gpl-love.com\/es\/wp-json\/wp\/v2\/product"}],"about":[{"href":"https:\/\/gpl-love.com\/es\/wp-json\/wp\/v2\/types\/product"}],"replies":[{"embeddable":true,"href":"https:\/\/gpl-love.com\/es\/wp-json\/wp\/v2\/comments?post=118863"}],"wp:featuredmedia":[{"embeddable":true,"href":"https:\/\/gpl-love.com\/es\/wp-json\/wp\/v2\/media\/168485"}],"wp:attachment":[{"href":"https:\/\/gpl-love.com\/es\/wp-json\/wp\/v2\/media?parent=118863"}],"wp:term":[{"taxonomy":"product_brand","embeddable":true,"href":"https:\/\/gpl-love.com\/es\/wp-json\/wp\/v2\/product_brand?post=118863"},{"taxonomy":"product_cat","embeddable":true,"href":"https:\/\/gpl-love.com\/es\/wp-json\/wp\/v2\/product_cat?post=118863"},{"taxonomy":"product_tag","embeddable":true,"href":"https:\/\/gpl-love.com\/es\/wp-json\/wp\/v2\/product_tag?post=118863"}],"curies":[{"name":"wp","href":"https:\/\/api.w.org\/{rel}","templated":true}]}}