{"id":118861,"date":"2025-05-16T00:00:00","date_gmt":"2025-05-16T05:00:00","guid":{"rendered":"https:\/\/gpl-love.com\/es\/?post_type=product&#038;p=118861"},"modified":"2026-03-09T08:30:38","modified_gmt":"2026-03-09T13:30:38","slug":"wpdiscuz-report-y-flagging","status":"publish","type":"product","link":"https:\/\/gpl-love.com\/es\/producto\/wpdiscuz-report-y-flagging\/","title":{"rendered":"wpDiscuz Report y Flagging 7.1.0"},"content":{"rendered":"<h3>wpDiscuz Report y Flagging Caracteristicas<\/h3>\n<p>El Informe WPDiscuz y la herramienta de marcado, un complemento indispensable para sitios web de WordPress que facilitan la commentaci\u00f3n de usuarios, sirve como un instrumento primordial para mantener una secci\u00f3n de comentarios vivaz y din\u00e1mica. Logra esto al empoderar a los usuarios para marcar cualquier comentario considerado inapropiado y posteriormente los informa a los administradores del sitio vigilante. Lo que distingue a este complemento es su interfaz notablemente f\u00e1cil de usar, que sin esfuerzo permite a los lectores marcar los comentarios de inmediato que transgreden la pol\u00edtica de comentarios del sitio web. Al integrar el informe WPDiscuz y la herramienta de marcado en su sitio web, los propietarios pueden aumentar la moderaci\u00f3n de comentarios, asegurando as\u00ed la perpetuaci\u00f3n de una plataforma segura y abarcadora para todos sus usuarios.<\/p>\n<ul>\n<li>Un complemento f\u00e1cil de usar para WordPress que permite a los visitantes del sitio web informar y marcar contenido inapropiado<\/li>\n<li>Ofrece a los administradores del sitio web la capacidad de moderar comentarios y publicaciones r\u00e1pidamente<\/li>\n<li>Ayuda a mantener una comunidad en l\u00ednea segura y acogedora<\/li>\n<li>Opciones de informes y marcas personalizables para adaptarse a las necesidades espec\u00edficas de su sitio web<\/li>\n<li>Proporciona opciones de informes r\u00e1pidos y f\u00e1ciles para usuarios registrados y no registrados<\/li>\n<li>Optimizar el proceso de moderaci\u00f3n, ahorr\u00e1ndole tiempo y esfuerzo<\/li>\n<li>Protecci\u00f3n de spam incorporada para ayudar a mantener contenido no deseado fuera de su sitio web<\/li>\n<li>Informaci\u00f3n detallada de informes e informaci\u00f3n para ayudarlo a identificar y abordar posibles problemas<\/li>\n<li>Compatible con una amplia gama de temas, complementos y extensiones de WordPress<\/li>\n<li>Actualizaciones regulares y atenci\u00f3n al cliente para garantizar el m\u00e1ximo rendimiento y confiabilidad.<\/li>\n<\/ul>\n","protected":false},"excerpt":{"rendered":"<p>El informe WPDiscuz y el complemento de marcado, que cuenta con una gran cantidad de funcionalidades, sirve como una soluci\u00f3n ideal e impecable para administrar efectivamente el contenido generado por el usuario en su sitio web de WordPress. Al proporcionar a sus usuarios estimados la capacidad de informar de inmediato cualquier comentario considerado inapropiado y spam de indicador, este complemento notablemente robusto le permite el dominio completo sobre su secci\u00f3n de comentarios. Adem\u00e1s, con su configuraci\u00f3n altamente personalizable, puede ejercer moderaci\u00f3n sin esfuerzo sobre los comentarios, palabras espec\u00edficas de la lista negra que pueden considerarse objetables e incluso evitar proactivamente la afluencia de ciertos tipos de comentarios por completo. Por lo tanto, es imperativo que cualquier sitio web de WordPress es propietario de seriedad sustancial adquiere diligentemente y despliega el informe WPDiscuz y el complemento de marcado como una herramienta indispensable dentro de su arsenal digital.<\/p>\n","protected":false},"featured_media":168484,"comment_status":"open","ping_status":"open","template":"","meta":[],"product_brand":[2645],"product_cat":[1214,1206,1211],"product_tag":[2204],"class_list":{"0":"post-118861","1":"product","2":"type-product","3":"status-publish","4":"has-post-thumbnail","6":"product_brand-wp-discuz","7":"product_cat-personalizacion","8":"product_cat-plugins","9":"product_cat-wordpress-plugins","10":"product_tag-wp-discuz","11":"member-discount","12":"discount-restricted","14":"first","15":"instock","16":"sale","17":"downloadable","18":"virtual","19":"sold-individually","20":"purchasable","21":"product-type-simple"},"_links":{"self":[{"href":"https:\/\/gpl-love.com\/es\/wp-json\/wp\/v2\/product\/118861","targetHints":{"allow":["GET"]}}],"collection":[{"href":"https:\/\/gpl-love.com\/es\/wp-json\/wp\/v2\/product"}],"about":[{"href":"https:\/\/gpl-love.com\/es\/wp-json\/wp\/v2\/types\/product"}],"replies":[{"embeddable":true,"href":"https:\/\/gpl-love.com\/es\/wp-json\/wp\/v2\/comments?post=118861"}],"wp:featuredmedia":[{"embeddable":true,"href":"https:\/\/gpl-love.com\/es\/wp-json\/wp\/v2\/media\/168484"}],"wp:attachment":[{"href":"https:\/\/gpl-love.com\/es\/wp-json\/wp\/v2\/media?parent=118861"}],"wp:term":[{"taxonomy":"product_brand","embeddable":true,"href":"https:\/\/gpl-love.com\/es\/wp-json\/wp\/v2\/product_brand?post=118861"},{"taxonomy":"product_cat","embeddable":true,"href":"https:\/\/gpl-love.com\/es\/wp-json\/wp\/v2\/product_cat?post=118861"},{"taxonomy":"product_tag","embeddable":true,"href":"https:\/\/gpl-love.com\/es\/wp-json\/wp\/v2\/product_tag?post=118861"}],"curies":[{"name":"wp","href":"https:\/\/api.w.org\/{rel}","templated":true}]}}