{"id":118859,"date":"2025-05-16T00:00:00","date_gmt":"2025-05-16T05:00:00","guid":{"rendered":"https:\/\/gpl-love.com\/es\/?post_type=product&#038;p=118859"},"modified":"2026-03-09T08:30:37","modified_gmt":"2026-03-09T13:30:37","slug":"wpdiscuz-private-comments","status":"publish","type":"product","link":"https:\/\/gpl-love.com\/es\/producto\/wpdiscuz-private-comments\/","title":{"rendered":"wpDiscuz Private Comments 7.1.0"},"content":{"rendered":"<h3>wpDiscuz Private Comments Caracteristicas<\/h3>\n<p>El notable complemento conocido como WPDiscuz Private Comments sirve como una herramienta poderosa para aumentar la funcionalidad de comentarios de los sitios web de WordPress. En virtud de este complemento, los usuarios ahora est\u00e1n dotados de la capacidad de impartir comentarios privados que permanecen ocultos de la mirada del p\u00fablico, pero siguen siendo accesibles \u00fanicamente para el administrador del sitio web y dicho comentarista. Este atributo particular resulta extremadamente ventajoso para aquellos sitios web que requieren correspondencias encubiertas entre usuarios y administradores. Adem\u00e1s, el proceso de instalaci\u00f3n del complemento es nada menos que la simplicidad en s\u00ed misma, y \u200b\u200bsu interfaz presenta una naturaleza intuitiva y f\u00e1cil de usar, asegurando as\u00ed que los usuarios puedan difundir sin esfuerzo sus comentarios privados. En resumen, la indispensabilidad de los comentarios privados de WPDiscuz se hace evidente para aquellos sitios web de WordPress que tienen la privacidad y la comunicaci\u00f3n segura de la m\u00e1s alta consideraci\u00f3n.<\/p>\n<ul>\n<li>Permite a los propietarios de sitios web habilitar comentarios privados en su sitio de WordPress<\/li>\n<li>Proporciona una forma segura y confidencial para que los usuarios dejen comentarios<\/li>\n<li>Permite a los usuarios elegir si su comentario es privado o p\u00fablico<\/li>\n<li>Protege la informaci\u00f3n confidencial al prevenir la divulgaci\u00f3n p\u00fablica<\/li>\n<li>Aumenta el compromiso y alienta a los usuarios a compartir sus comentarios e ideas<\/li>\n<li>Mejora la calidad de los comentarios al permitir a los usuarios proporcionar comentarios honestos sin temor al juicio o reacci\u00f3n<\/li>\n<li>Se integra a la perfecci\u00f3n con el sistema de comentarios WPDiscuz<\/li>\n<li>Permite a los propietarios de sitios web moderados comentarios privados antes de publicarlos<\/li>\n<li>Proporciona una interfaz intuitiva y f\u00e1cil de usar para administrar comentarios privados<\/li>\n<li>Compatible con todos los temas y complementos de WordPress.<\/li>\n<\/ul>\n","protected":false},"excerpt":{"rendered":"<p>Los comentarios privados de WPDiscuz son un complemento muy ventajoso y eficaz, dise\u00f1ado espec\u00edficamente para sitios web de WordPress, que permite a los usuarios participar en conversaciones privadas. Presenta una caracter\u00edstica exclusiva que permite a las personas dejar comentarios en una publicaci\u00f3n o p\u00e1gina, limitando su visibilidad a un grupo de destinatarios seleccionados. Esta extraordinaria funcionalidad demuestra ser extremadamente beneficiosa en situaciones en las que las discusiones requieren la m\u00e1xima confidencialidad, o cuando la retroalimentaci\u00f3n debe llegar \u00fanicamente a las personas designadas. Sin lugar a dudas, los comentarios privados de WPDiscuz personifican una soluci\u00f3n notablemente segura y perfecta, facilitando la comunicaci\u00f3n discreta y personal dentro del \u00e1mbito de los sitios web de WordPress.<\/p>\n","protected":false},"featured_media":168483,"comment_status":"open","ping_status":"open","template":"","meta":[],"product_brand":[2645],"product_cat":[1214,1206,1211],"product_tag":[2204],"class_list":{"0":"post-118859","1":"product","2":"type-product","3":"status-publish","4":"has-post-thumbnail","6":"product_brand-wp-discuz","7":"product_cat-personalizacion","8":"product_cat-plugins","9":"product_cat-wordpress-plugins","10":"product_tag-wp-discuz","11":"member-discount","12":"discount-restricted","14":"first","15":"instock","16":"sale","17":"downloadable","18":"virtual","19":"sold-individually","20":"purchasable","21":"product-type-simple"},"_links":{"self":[{"href":"https:\/\/gpl-love.com\/es\/wp-json\/wp\/v2\/product\/118859","targetHints":{"allow":["GET"]}}],"collection":[{"href":"https:\/\/gpl-love.com\/es\/wp-json\/wp\/v2\/product"}],"about":[{"href":"https:\/\/gpl-love.com\/es\/wp-json\/wp\/v2\/types\/product"}],"replies":[{"embeddable":true,"href":"https:\/\/gpl-love.com\/es\/wp-json\/wp\/v2\/comments?post=118859"}],"wp:featuredmedia":[{"embeddable":true,"href":"https:\/\/gpl-love.com\/es\/wp-json\/wp\/v2\/media\/168483"}],"wp:attachment":[{"href":"https:\/\/gpl-love.com\/es\/wp-json\/wp\/v2\/media?parent=118859"}],"wp:term":[{"taxonomy":"product_brand","embeddable":true,"href":"https:\/\/gpl-love.com\/es\/wp-json\/wp\/v2\/product_brand?post=118859"},{"taxonomy":"product_cat","embeddable":true,"href":"https:\/\/gpl-love.com\/es\/wp-json\/wp\/v2\/product_cat?post=118859"},{"taxonomy":"product_tag","embeddable":true,"href":"https:\/\/gpl-love.com\/es\/wp-json\/wp\/v2\/product_tag?post=118859"}],"curies":[{"name":"wp","href":"https:\/\/api.w.org\/{rel}","templated":true}]}}