{"id":118857,"date":"2025-06-24T00:00:00","date_gmt":"2025-06-24T05:00:00","guid":{"rendered":"https:\/\/gpl-love.com\/es\/?post_type=product&#038;p=118857"},"modified":"2026-03-09T08:30:36","modified_gmt":"2026-03-09T13:30:36","slug":"wpdiscuz-online-users","status":"publish","type":"product","link":"https:\/\/gpl-love.com\/es\/producto\/wpdiscuz-online-users\/","title":{"rendered":"wpDiscuz Online Users 7.1.1"},"content":{"rendered":"<h3>wpDiscuz Online Users Caracteristicas<\/h3>\n<p>Los usuarios en l\u00ednea de WPDiscuz es un complemento notablemente conveniente y f\u00e1cil de usar, dise\u00f1ado espec\u00edficamente para los propietarios de sitios web, lo que les permite exhibir y presentar una lista extensa que comprende usuarios en l\u00ednea que actualmente est\u00e1n navegando y explorando su estimado sitio. El proceso de instalaci\u00f3n sin problemas y la configuraci\u00f3n sin esfuerzo de este complemento ejemplar lo convierten en un imprescindible absoluto para cualquier sitio web con el objetivo de reforzar la participaci\u00f3n del usuario y fomentar una pr\u00f3spera comunidad en l\u00ednea. La naturaleza vers\u00e1til y personalizable de este complemento permite a los propietarios de sitios web adaptar la visualizaci\u00f3n de la lista de usuarios en l\u00ednea a sus preferencias precisas, lo que les permite exhibir una amplia gama de informaci\u00f3n pertinente, incluidos, entre otros, nombres de usuario y avatares, e incluso m\u00e1s cautivadoras detalles. Adem\u00e1s, con la invaluable inclusi\u00f3n de los usuarios en l\u00ednea de WPDiscuz, los propietarios de sitios web est\u00e1n dotados de la capacidad invaluable para determinar juiciosamente el posicionamiento de la lista de usuarios en l\u00ednea, otorg\u00e1ndoles una autonom\u00eda incomparable sobre el dise\u00f1o general y la est\u00e9tica de su sitio estimado. En su totalidad, este ingenioso complemento sirve como un recurso invaluable para los propietarios de sitios web exigentes que aspiran a elevar la experiencia de sus estimados usuarios a alturas sin precedentes, al tiempo que fomentan simult\u00e1neamente un sentido m\u00e1s profundo de interactividad y embargo con su estimado audiencia.<\/p>\n<ul>\n<li>Proporciona informaci\u00f3n en tiempo real sobre los usuarios actualmente en l\u00ednea en su sitio web<\/li>\n<li>Muestra el n\u00famero de usuarios activos en un widget o barra lateral<\/li>\n<li>Muestra la lista de usuarios activos en una p\u00e1gina dedicada<\/li>\n<li>Ofrece avatares de usuario, nombres e informaci\u00f3n de tiempo personalizable de usuarios opciones de visualizaci\u00f3n<\/li>\n<li>Altamente compatible con WordPress y se integra a la perfecci\u00f3n con el complemento de comentarios de WPDiscuz<\/li>\n<li>Le brinda informaci\u00f3n sobre su audiencia y lo ayuda a comprender el comportamiento del usuario en su sitio web<\/li>\n<li>Le permite administrar y moderar los comentarios de los usuarios activos, mejorando la participaci\u00f3n e interacci\u00f3n del usuario en su sitio<\/li>\n<li>Proporciona estad\u00edsticas detalladas y an\u00e1lisis de la actividad del usuario, incluidos los usuarios m\u00e1s activos, las publicaciones m\u00e1s comentadas, temas populares y m\u00e1s<\/li>\n<li>Le ayuda a mejorar su contenido y tomar decisiones basadas en datos al proporcionar informaci\u00f3n sobre las preferencias de los usuarios y las rutinas de comportamiento.<\/li>\n<\/ul>\n","protected":false},"excerpt":{"rendered":"<p>El complemento de usuarios en l\u00ednea de WPDiscuz, reconocido por su versatilidad, sirve como una herramienta invaluable que le permite mostrar sin esfuerzo el recuento preciso de los visitantes en l\u00ednea en tiempo real en su sitio web de WordPress. Facilitando la m\u00e1xima conveniencia, este complemento ofrece una gran cantidad de configuraciones f\u00e1ciles de usar, lo que le otorga la autonom\u00eda para adaptar la visualizaci\u00f3n y el posicionamiento de los contadores de usuarios en l\u00ednea de acuerdo con sus preferencias. En consecuencia, demuestra ser la soluci\u00f3n por excelencia para las personas que buscan mejorar los niveles de participaci\u00f3n y fomentar la interacci\u00f3n sin problemas del usuario dentro del \u00e1mbito virtual de su sitio web. Independientemente de si uno opera un blog modesto o un emporio de comercio electr\u00f3nico en expansi\u00f3n, el complemento de usuarios en l\u00ednea de WPDiscuz sirve como el instrumento primordial para animar y fomentar un sentido de conectividad entre los visitantes.<\/p>\n","protected":false},"featured_media":168482,"comment_status":"open","ping_status":"open","template":"","meta":[],"product_brand":[2645],"product_cat":[1214,1206,1211],"product_tag":[2204],"class_list":{"0":"post-118857","1":"product","2":"type-product","3":"status-publish","4":"has-post-thumbnail","6":"product_brand-wp-discuz","7":"product_cat-personalizacion","8":"product_cat-plugins","9":"product_cat-wordpress-plugins","10":"product_tag-wp-discuz","11":"member-discount","12":"discount-restricted","14":"first","15":"instock","16":"sale","17":"downloadable","18":"virtual","19":"sold-individually","20":"purchasable","21":"product-type-simple"},"_links":{"self":[{"href":"https:\/\/gpl-love.com\/es\/wp-json\/wp\/v2\/product\/118857","targetHints":{"allow":["GET"]}}],"collection":[{"href":"https:\/\/gpl-love.com\/es\/wp-json\/wp\/v2\/product"}],"about":[{"href":"https:\/\/gpl-love.com\/es\/wp-json\/wp\/v2\/types\/product"}],"replies":[{"embeddable":true,"href":"https:\/\/gpl-love.com\/es\/wp-json\/wp\/v2\/comments?post=118857"}],"wp:featuredmedia":[{"embeddable":true,"href":"https:\/\/gpl-love.com\/es\/wp-json\/wp\/v2\/media\/168482"}],"wp:attachment":[{"href":"https:\/\/gpl-love.com\/es\/wp-json\/wp\/v2\/media?parent=118857"}],"wp:term":[{"taxonomy":"product_brand","embeddable":true,"href":"https:\/\/gpl-love.com\/es\/wp-json\/wp\/v2\/product_brand?post=118857"},{"taxonomy":"product_cat","embeddable":true,"href":"https:\/\/gpl-love.com\/es\/wp-json\/wp\/v2\/product_cat?post=118857"},{"taxonomy":"product_tag","embeddable":true,"href":"https:\/\/gpl-love.com\/es\/wp-json\/wp\/v2\/product_tag?post=118857"}],"curies":[{"name":"wp","href":"https:\/\/api.w.org\/{rel}","templated":true}]}}