{"id":118855,"date":"2025-02-25T00:00:00","date_gmt":"2025-02-25T05:00:00","guid":{"rendered":"https:\/\/gpl-love.com\/es\/?post_type=product&#038;p=118855"},"modified":"2026-03-09T08:30:35","modified_gmt":"2026-03-09T13:30:35","slug":"wpdiscuz-mycred-integration","status":"publish","type":"product","link":"https:\/\/gpl-love.com\/es\/producto\/wpdiscuz-mycred-integration\/","title":{"rendered":"wpDiscuz myCRED Integration 7.0.7"},"content":{"rendered":"<h3>wpDiscuz myCRED Integration Caracteristicas<\/h3>\n<p>La integraci\u00f3n de WPDiscuz MyCred cuenta con una capacidad notable que facilita la integraci\u00f3n perfecta de la secci\u00f3n de comentarios de WPDiscuz con el complemento MyCred ampliamente aclamado. En virtud de esta integraci\u00f3n, los usuarios est\u00e1n facultados para acumular puntos y recibir recompensas por sus valiosas contribuciones y participaci\u00f3n activa en el sitio web. Tal sistema sirve efectivamente como una incitaci\u00f3n para que los usuarios contribuyan con mayor frecuencia y en\u00e9rgicamente. Vale la pena se\u00f1alar que el sistema MyCred es incre\u00edblemente adaptable, brindando a los propietarios de sitios web la libertad de establecer sus propios valores y recompensas de puntos. Adem\u00e1s, se adapta f\u00e1cilmente a la integraci\u00f3n con otros complementos y caracter\u00edsticas en el sitio web, lo que mejora su versatilidad. A trav\u00e9s de la utilizaci\u00f3n de la integraci\u00f3n de WPDiscuz, los propietarios de sitios web pueden aumentar la participaci\u00f3n y participaci\u00f3n del usuario, que finalmente culmin\u00f3 en un aumento sustancial en el tr\u00e1fico y el \u00e9xito general de su sitio web.<\/p>\n<ul>\n<li>Integra sin problemas el sistema de comentarios WPDiscuz con el complemento MyCred<\/li>\n<li>Permite a los usuarios ganar y gastar puntos haciendo comentarios e interactuando en su sitio de WordPress<\/li>\n<li>Aumenta la participaci\u00f3n del usuario y fomenta un sentido de comunidad entre su audiencia<\/li>\n<li>Ofrece una variedad de opciones de ganancias de puntos, que incluyen comentarios, respuesta y comentarios de votaci\u00f3n\/votaci\u00f3n<\/li>\n<li>Le permite establecer valores de punto personalizados para diferentes acciones y ajustar los valores de puntos a lo largo del tiempo<\/li>\n<li>Proporciona documentaci\u00f3n detallada y soporte para garantizar una instalaci\u00f3n y uso sin problemas<\/li>\n<li>Compatible con una amplia gama de temas y complementos de WordPress<\/li>\n<li>Configuraci\u00f3n flexible y personalizable para satisfacer sus necesidades y preferencias espec\u00edficas<\/li>\n<li>Realiza un seguimiento de los puntos de los usuarios y muestra el saldo en su perfil o en un widget de la tabla de clasificaci\u00f3n<\/li>\n<li>Se puede utilizar para numerosos prop\u00f3sitos, desde discusiones de incentivos hasta recompensar a clientes leales o seguidores de redes sociales.<\/li>\n<\/ul>\n","protected":false},"excerpt":{"rendered":"<p>La integraci\u00f3n de WPDiscuz MyCred es un complemento de WordPress excepcionalmente robusto y formidable, que amalgama sin esfuerzo dos soluciones muy solicitadas, a saber, los comentarios de WPDiscuz y el notable sistema de gesti\u00f3n de puntos MYCRED. Este ingenioso complemento sirve para mejorar la experiencia general de comentarios en su estimado sitio web, al tiempo que le permite satisfacer acertadamente a sus valiosos usuarios, que participan en varias interacciones, dotando con puntos virtuales. Dentro del \u00e1mbito de la integraci\u00f3n de WPDiscuz, se le brinda la oportunidad perfecta de configurar sin esfuerzo y establecer un sistema de comentarios eficaz y encomiable orientado a puntos que innegablemente sirve para estimular y fomentar un compromiso activo, desempe\u00f1ando as\u00ed un papel fundamental en la creaci\u00f3n y evoluci\u00f3n de un Comunidad pr\u00f3spera y vibrante que gira en torno a su estimado contenido. Adem\u00e1s, este complemento notablemente ingenioso est\u00e1 repleto de una gran cantidad de diversas opciones y configuraciones de personalizaci\u00f3n, a fin de garantizar un sistema de comentarios verdaderamente personalizado y basado en puntos a medida que se adapta de manera precisa y de manera coherente para cumplir con sus requisitos y aspiraciones \u00fanicos y espec\u00edficos.<\/p>\n","protected":false},"featured_media":168481,"comment_status":"open","ping_status":"open","template":"","meta":[],"product_brand":[2645],"product_cat":[1214,1206,1211],"product_tag":[2204],"class_list":{"0":"post-118855","1":"product","2":"type-product","3":"status-publish","4":"has-post-thumbnail","6":"product_brand-wp-discuz","7":"product_cat-personalizacion","8":"product_cat-plugins","9":"product_cat-wordpress-plugins","10":"product_tag-wp-discuz","11":"member-discount","12":"discount-restricted","14":"first","15":"instock","16":"sale","17":"downloadable","18":"virtual","19":"sold-individually","20":"purchasable","21":"product-type-simple"},"_links":{"self":[{"href":"https:\/\/gpl-love.com\/es\/wp-json\/wp\/v2\/product\/118855","targetHints":{"allow":["GET"]}}],"collection":[{"href":"https:\/\/gpl-love.com\/es\/wp-json\/wp\/v2\/product"}],"about":[{"href":"https:\/\/gpl-love.com\/es\/wp-json\/wp\/v2\/types\/product"}],"replies":[{"embeddable":true,"href":"https:\/\/gpl-love.com\/es\/wp-json\/wp\/v2\/comments?post=118855"}],"wp:featuredmedia":[{"embeddable":true,"href":"https:\/\/gpl-love.com\/es\/wp-json\/wp\/v2\/media\/168481"}],"wp:attachment":[{"href":"https:\/\/gpl-love.com\/es\/wp-json\/wp\/v2\/media?parent=118855"}],"wp:term":[{"taxonomy":"product_brand","embeddable":true,"href":"https:\/\/gpl-love.com\/es\/wp-json\/wp\/v2\/product_brand?post=118855"},{"taxonomy":"product_cat","embeddable":true,"href":"https:\/\/gpl-love.com\/es\/wp-json\/wp\/v2\/product_cat?post=118855"},{"taxonomy":"product_tag","embeddable":true,"href":"https:\/\/gpl-love.com\/es\/wp-json\/wp\/v2\/product_tag?post=118855"}],"curies":[{"name":"wp","href":"https:\/\/api.w.org\/{rel}","templated":true}]}}