{"id":118853,"date":"2025-05-16T00:00:00","date_gmt":"2025-05-16T05:00:00","guid":{"rendered":"https:\/\/gpl-love.com\/es\/?post_type=product&#038;p=118853"},"modified":"2026-03-09T08:30:34","modified_gmt":"2026-03-09T13:30:34","slug":"wpdiscuz-media-uploader","status":"publish","type":"product","link":"https:\/\/gpl-love.com\/es\/producto\/wpdiscuz-media-uploader\/","title":{"rendered":"wpDiscuz Media Uploader 7.1.6"},"content":{"rendered":"<h3>wpDiscuz Media Uploader Caracteristicas<\/h3>\n<p>El cargador de medios WPDiscuz es una herramienta incre\u00edblemente potente y notablemente f\u00e1cil de usar que otorga a los propietarios de sitios web de WordPress la capacidad sin esfuerzo para incorporar y administrar de manera perfecta archivos de medios dentro de su sitio web. Este complemento extraordinario simplifica notablemente el intrincado proceso de cargar eficientemente, organizar astutamente e insertar juiciosamente una amplia gama de im\u00e1genes, videos y otros archivos multimedia en el tapiz intrincadamente tejido de comentarios y publicaciones del sitio web. Ingeniosamente otorga una interfaz innumeradamente entrelazada e indudablemente intuitiva a los visitantes del sitio web, lo que les permite cargar archivos multimedia de manera h\u00e1bil y directa directamente desde la misma secci\u00f3n de comentarios, lo que representa el proceso de participaci\u00f3n y participaci\u00f3n en el sitio web una b\u00fasqueda sin esfuerzo asombrosamente sin esfuerzo. Con la implementaci\u00f3n del cargador de medios WPDiscuz en el marco de su sitio web, estos propietarios pueden ascender sin esfuerzo a alturas m\u00e1s altas en t\u00e9rminos de sus capacidades de gesti\u00f3n de medios, asegurando as\u00ed una experiencia de usuario indudablemente suave e inequ\u00edvocamente agradable para su audiencia estimada.<\/p>\n<ul>\n<li>Permite a los usuarios cargar im\u00e1genes y videos en comentarios en sitios web de WordPress utilizando wpdiscuz<\/li>\n<li>Interfaz simple y f\u00e1cil de usar<\/li>\n<li>Acepta varios tipos de archivos, incluidos JPG, PNG, GIF y MP4<\/li>\n<li>Admite la funcionalidad de arrastrar y soltar para una f\u00e1cil carga<\/li>\n<li>Proporciona una vista previa de miniatura para medios cargados<\/li>\n<li>Garantiza la carga de medios segura y confiable a trav\u00e9s de la tecnolog\u00eda WPDiscuz<\/li>\n<li>Mejora la participaci\u00f3n del usuario en los sitios de WP haciendo que los comentarios sean m\u00e1s din\u00e1micos y visualmente atractivos<\/li>\n<li>Integraci\u00f3n con galer\u00edas de medios en WordPress<\/li>\n<li>Compatible con todos los principales navegadores web y dispositivos m\u00f3viles para diversas accesibilidad de los usuarios<\/li>\n<\/ul>\n","protected":false},"excerpt":{"rendered":"<p>El cargador de medios WPDiscuz, una herramienta incre\u00edblemente \u00fatil, proporciona a los usuarios una experiencia perfecta en la carga y distribuci\u00f3n de su contenido de medios. Este complemento excepcional le otorga la capacidad de cargar sin esfuerzo una variedad de archivos multimedia, incluidas im\u00e1genes y videos, directamente desde su sitio de WordPress. La conveniencia de esta caracter\u00edstica simplifica el proceso de enriquecer el contenido de su sitio y cautivar a su audiencia. Con su interfaz intuitiva y su amplia gama de caracter\u00edsticas, el cargador de medios WPDiscuz es indispensable para los propietarios de sitios web que buscan elevar sus enfoques de creaci\u00f3n y participaci\u00f3n de contenido.<\/p>\n","protected":false},"featured_media":168480,"comment_status":"open","ping_status":"open","template":"","meta":[],"product_brand":[2645],"product_cat":[1214,1206,1211],"product_tag":[2204],"class_list":{"0":"post-118853","1":"product","2":"type-product","3":"status-publish","4":"has-post-thumbnail","6":"product_brand-wp-discuz","7":"product_cat-personalizacion","8":"product_cat-plugins","9":"product_cat-wordpress-plugins","10":"product_tag-wp-discuz","11":"member-discount","12":"discount-restricted","14":"first","15":"instock","16":"sale","17":"downloadable","18":"virtual","19":"sold-individually","20":"purchasable","21":"product-type-simple"},"_links":{"self":[{"href":"https:\/\/gpl-love.com\/es\/wp-json\/wp\/v2\/product\/118853","targetHints":{"allow":["GET"]}}],"collection":[{"href":"https:\/\/gpl-love.com\/es\/wp-json\/wp\/v2\/product"}],"about":[{"href":"https:\/\/gpl-love.com\/es\/wp-json\/wp\/v2\/types\/product"}],"replies":[{"embeddable":true,"href":"https:\/\/gpl-love.com\/es\/wp-json\/wp\/v2\/comments?post=118853"}],"wp:featuredmedia":[{"embeddable":true,"href":"https:\/\/gpl-love.com\/es\/wp-json\/wp\/v2\/media\/168480"}],"wp:attachment":[{"href":"https:\/\/gpl-love.com\/es\/wp-json\/wp\/v2\/media?parent=118853"}],"wp:term":[{"taxonomy":"product_brand","embeddable":true,"href":"https:\/\/gpl-love.com\/es\/wp-json\/wp\/v2\/product_brand?post=118853"},{"taxonomy":"product_cat","embeddable":true,"href":"https:\/\/gpl-love.com\/es\/wp-json\/wp\/v2\/product_cat?post=118853"},{"taxonomy":"product_tag","embeddable":true,"href":"https:\/\/gpl-love.com\/es\/wp-json\/wp\/v2\/product_tag?post=118853"}],"curies":[{"name":"wp","href":"https:\/\/api.w.org\/{rel}","templated":true}]}}