{"id":118851,"date":"2025-05-16T00:00:00","date_gmt":"2025-05-16T05:00:00","guid":{"rendered":"https:\/\/gpl-love.com\/es\/?post_type=product&#038;p=118851"},"modified":"2026-03-09T08:30:32","modified_gmt":"2026-03-09T13:30:32","slug":"wpdiscuz-google-recaptcha","status":"publish","type":"product","link":"https:\/\/gpl-love.com\/es\/producto\/wpdiscuz-google-recaptcha\/","title":{"rendered":"wpDiscuz Google reCAPTCHA 7.0.8"},"content":{"rendered":"<h3>wpDiscuz Google reCAPTCHA Caracteristicas<\/h3>\n<p>La implementaci\u00f3n de WPDiscuz Google Recaptcha sirve como un medio muy potente para frustrar el spam y los comentarios no deseados en su sitio. Esta oferta en particular cuenta con una interfaz que es notablemente f\u00e1cil de usar, lo que permite a los propietarios de sitios web incorporar sin esfuerzo Google Recaptcha en sus respectivas plataformas. Al aprovechar este sistema, los usuarios est\u00e1n obligatoriamente obligados a resolver un rompecabezas relativamente f\u00e1cil como un medio para corroborar su identidad humana, garantizando as\u00ed que los comentarios \u00fanicamente de buena fe encuentren su camino en su sitio web. En consecuencia, la utilizaci\u00f3n de WPDiscuz Google Recaptcha no solo fortalece la autenticidad de los comentarios, sino que tambi\u00e9n protege su sitio contra bots perniciosos y ataques maliciosos. Se puede postular inequ\u00edvocamente que este producto ejemplifica fundamentalmente una herramienta indispensable para aquellos que buscan elevar el calibre de los comentarios al tiempo que garantizan la seguridad de su sitio web.<\/p>\n<ul>\n<li>Protege su sitio web contra el spam<\/li>\n<li>Mejora la seguridad de su sistema de comentarios<\/li>\n<li>Utiliza la \u00faltima tecnolog\u00eda de Google Recaptcha<\/li>\n<li>F\u00e1cil de instalar y configurar en su sitio web<\/li>\n<li>Interfaz f\u00e1cil de usar para comentaristas<\/li>\n<li>Configuraci\u00f3n personalizable para adaptarse a las necesidades de su sitio web<\/li>\n<li>Compatible con WPDiscuz 7 y por encima de las versiones<\/li>\n<li>Los moderadores tienen acceso al panel de Google Recaptcha<\/li>\n<li>Mejora la experiencia del usuario al reducir los comentarios de spam y las distracciones relacionadas<\/li>\n<li>Mejora el SEO del sitio web reduciendo el n\u00famero de comentarios de spam en su p\u00e1gina.<\/li>\n<\/ul>\n","protected":false},"excerpt":{"rendered":"<p>El WPDiscuz Google Recaptcha sirve como una soluci\u00f3n robusta y efectiva, lo que permite a los propietarios de sitios web a evitar efectivamente las incursiones de spam y Bot dentro de su secci\u00f3n de comentarios, fortaleciendo as\u00ed la santidad de su discurso en l\u00ednea. Este complemento navegable sin esfuerzo se combina sin problemas con el sistema de comentarios WPDiscuz, ofreciendo un reino inexpugnable e inconsciente para que florezca las discusiones comunitarias consecuentes. Aprovechando la incomparable destreza de la tecnolog\u00eda de Google Recaptcha de vanguardia, los usuarios pueden autenticar sin esfuerzo sus identidades, allanando as\u00ed el camino para su participaci\u00f3n activa y significativa en las conversaciones, despreocupadas por cualquier inquietud relacionado con cuentas falsificadas o materiales promocionales no justificados. \u00a1Salvaguardar la rectitud de su sitio web adoptando r\u00e1pidamente las formidables fortificaciones que ofrecen el WPDiscuz Google Recaptcha!<\/p>\n","protected":false},"featured_media":168479,"comment_status":"open","ping_status":"open","template":"","meta":[],"product_brand":[2645],"product_cat":[1214,1206,1211],"product_tag":[2204],"class_list":{"0":"post-118851","1":"product","2":"type-product","3":"status-publish","4":"has-post-thumbnail","6":"product_brand-wp-discuz","7":"product_cat-personalizacion","8":"product_cat-plugins","9":"product_cat-wordpress-plugins","10":"product_tag-wp-discuz","11":"member-discount","12":"discount-restricted","14":"first","15":"instock","16":"sale","17":"downloadable","18":"virtual","19":"sold-individually","20":"purchasable","21":"product-type-simple"},"_links":{"self":[{"href":"https:\/\/gpl-love.com\/es\/wp-json\/wp\/v2\/product\/118851","targetHints":{"allow":["GET"]}}],"collection":[{"href":"https:\/\/gpl-love.com\/es\/wp-json\/wp\/v2\/product"}],"about":[{"href":"https:\/\/gpl-love.com\/es\/wp-json\/wp\/v2\/types\/product"}],"replies":[{"embeddable":true,"href":"https:\/\/gpl-love.com\/es\/wp-json\/wp\/v2\/comments?post=118851"}],"wp:featuredmedia":[{"embeddable":true,"href":"https:\/\/gpl-love.com\/es\/wp-json\/wp\/v2\/media\/168479"}],"wp:attachment":[{"href":"https:\/\/gpl-love.com\/es\/wp-json\/wp\/v2\/media?parent=118851"}],"wp:term":[{"taxonomy":"product_brand","embeddable":true,"href":"https:\/\/gpl-love.com\/es\/wp-json\/wp\/v2\/product_brand?post=118851"},{"taxonomy":"product_cat","embeddable":true,"href":"https:\/\/gpl-love.com\/es\/wp-json\/wp\/v2\/product_cat?post=118851"},{"taxonomy":"product_tag","embeddable":true,"href":"https:\/\/gpl-love.com\/es\/wp-json\/wp\/v2\/product_tag?post=118851"}],"curies":[{"name":"wp","href":"https:\/\/api.w.org\/{rel}","templated":true}]}}