{"id":118847,"date":"2025-09-22T00:00:00","date_gmt":"2025-09-22T05:00:00","guid":{"rendered":"https:\/\/gpl-love.com\/es\/?post_type=product&#038;p=118847"},"modified":"2026-03-09T08:30:29","modified_gmt":"2026-03-09T13:30:29","slug":"wpdiscuz-emoticons","status":"publish","type":"product","link":"https:\/\/gpl-love.com\/es\/producto\/wpdiscuz-emoticons\/","title":{"rendered":"wpDiscuz Emoticons 7.1.4"},"content":{"rendered":"<h3>wpDiscuz Emoticons Caracteristicas<\/h3>\n<p>WPDiscuz Emoticons es un complemento robusto y rico en caracter\u00edsticas que proporciona una gran variedad de emoticones para mejorar las capacidades de expresi\u00f3n emotiva de su sitio web de WordPress. Al integrar perfectamente este complemento, puede incorporar sin esfuerzo emoticones en su secci\u00f3n de comentarios, facilitando as\u00ed la conveniente articulaci\u00f3n de las emociones por parte de sus estimados visitantes, fomentando as\u00ed una mayor participaci\u00f3n con su contenido cautivador. El complemento cuenta con una extensa variedad de emoticones, que abarca un alegre smileys, desanimados ce\u00f1ados, aprobaci\u00f3n o desaprobaci\u00f3n a trav\u00e9s de los pulgares hacia arriba o los pulgares hacia abajo, y una variedad de otros elementos emotivos cautivadores. Adem\u00e1s, posee la flexibilidad para dise\u00f1ar sus propios emoticones personalizados, lo que le brinda la oportunidad incomparable de infundir su sitio web con un toque emotivo distintivo y exclusivo. La instalaci\u00f3n y la utilizaci\u00f3n de este complemento son notablemente f\u00e1ciles, asegurando una integraci\u00f3n perfecta y armoniosa con su tema de WordPress preexistente. Al integrar los emoticones de WPDiscuz, puede trascender las limitaciones de los sitios web convencionales y impulsar su presencia en l\u00ednea a nuevas alturas, dise\u00f1ando un entorno inmersivo, cautivador e interactivo que sumerge a sus estimados visitantes en una experiencia digital incomparable.<\/p>\n<ul>\n<li>Mejore su secci\u00f3n de comentarios con m\u00e1s de 2,000 emoticones disponibles para usar<\/li>\n<li>Compatible con la \u00faltima versi\u00f3n de WordPress y el complemento WPDiscuz<\/li>\n<li>Elija entre una variedad de categor\u00edas como Happy, Sad, Animals y m\u00e1s<\/li>\n<li>Inserte f\u00e1cilmente emoticones en sus comentarios con unos pocos clics<\/li>\n<li>Interact\u00faa con tu audiencia en un nivel m\u00e1s personal y expresivo<\/li>\n<li>Estilos de emoticon personalizables para que coincidan con el dise\u00f1o de su sitio web<\/li>\n<li>Instalaci\u00f3n simple y proceso de configuraci\u00f3n para comenzar a usar inmediatamente<\/li>\n<li>Aumentar la participaci\u00f3n e interacci\u00f3n del usuario en su sitio web<\/li>\n<li>Las actualizaciones autom\u00e1ticas aseguran que siempre tenga acceso a los \u00faltimos emoticones<\/li>\n<li>Acceso a apoyo premium para cualquier pregunta o problema<\/li>\n<\/ul>\n","protected":false},"excerpt":{"rendered":"<p>El complemento WPDiscuz Emoticons es una herramienta excelente que permite a los usuarios enriquecer sin esfuerzo sus comentarios incorporando una amplia gama de emoticones agradables y expresivos en su discurso. Con una interfaz f\u00e1cil de usar, este complemento facilita la integraci\u00f3n perfecta de los emoticones en comentarios, lo que permite a las personas interactuar con otros usuarios de una manera m\u00e1s vibrante y agradable. Adem\u00e1s, los emoticones de WPDiscuz son totalmente compatibles con la iteraci\u00f3n m\u00e1s actualizada de WordPress, lo que lo convierte en un complemento indispensable para cualquier sitio web o blog que aspira a elevar la eficacia de su funcionalidad de comentarios.<\/p>\n","protected":false},"featured_media":168477,"comment_status":"open","ping_status":"open","template":"","meta":[],"product_brand":[2645],"product_cat":[1214,1206,1211],"product_tag":[2204],"class_list":{"0":"post-118847","1":"product","2":"type-product","3":"status-publish","4":"has-post-thumbnail","6":"product_brand-wp-discuz","7":"product_cat-personalizacion","8":"product_cat-plugins","9":"product_cat-wordpress-plugins","10":"product_tag-wp-discuz","11":"member-discount","12":"discount-restricted","14":"first","15":"instock","16":"sale","17":"downloadable","18":"virtual","19":"sold-individually","20":"purchasable","21":"product-type-simple"},"_links":{"self":[{"href":"https:\/\/gpl-love.com\/es\/wp-json\/wp\/v2\/product\/118847","targetHints":{"allow":["GET"]}}],"collection":[{"href":"https:\/\/gpl-love.com\/es\/wp-json\/wp\/v2\/product"}],"about":[{"href":"https:\/\/gpl-love.com\/es\/wp-json\/wp\/v2\/types\/product"}],"replies":[{"embeddable":true,"href":"https:\/\/gpl-love.com\/es\/wp-json\/wp\/v2\/comments?post=118847"}],"wp:featuredmedia":[{"embeddable":true,"href":"https:\/\/gpl-love.com\/es\/wp-json\/wp\/v2\/media\/168477"}],"wp:attachment":[{"href":"https:\/\/gpl-love.com\/es\/wp-json\/wp\/v2\/media?parent=118847"}],"wp:term":[{"taxonomy":"product_brand","embeddable":true,"href":"https:\/\/gpl-love.com\/es\/wp-json\/wp\/v2\/product_brand?post=118847"},{"taxonomy":"product_cat","embeddable":true,"href":"https:\/\/gpl-love.com\/es\/wp-json\/wp\/v2\/product_cat?post=118847"},{"taxonomy":"product_tag","embeddable":true,"href":"https:\/\/gpl-love.com\/es\/wp-json\/wp\/v2\/product_tag?post=118847"}],"curies":[{"name":"wp","href":"https:\/\/api.w.org\/{rel}","templated":true}]}}