{"id":118843,"date":"2025-11-10T00:00:00","date_gmt":"2025-11-10T05:00:00","guid":{"rendered":"https:\/\/gpl-love.com\/es\/?post_type=product&#038;p=118843"},"modified":"2026-03-09T08:30:26","modified_gmt":"2026-03-09T13:30:26","slug":"wpdiscuz-comment-author-info","status":"publish","type":"product","link":"https:\/\/gpl-love.com\/es\/producto\/wpdiscuz-comment-author-info\/","title":{"rendered":"wpDiscuz Comment Author Info 7.2.0"},"content":{"rendered":"<h3>wpDiscuz Comment Author Info Caracteristicas<\/h3>\n<p>El complemento de informaci\u00f3n del autor de comentarios de WPDiscuz ofrece a los usuarios una soluci\u00f3n conveniente y f\u00e1cil de usar para presentar los detalles del autor dentro de la secci\u00f3n de comentarios de WordPress. Este complemento faculta a los usuarios para personalizar la informaci\u00f3n exhibida relacionada con los autores de comentarios, que abarcan aspectos como su nombre, biograf\u00eda, sitio web e incluso sus enlaces de redes sociales. Adem\u00e1s, una variedad diversa de alternativas de presentaci\u00f3n est\u00e1 f\u00e1cilmente disponible, que incluye avatares, \u00edconos y informaci\u00f3n sobre herramientas, facilitando as\u00ed la creaci\u00f3n de una experiencia de comentarios cautivadora e esclarecedora adaptada a los lectores. Independientemente de si uno opera un blog personal o un sitio web profesional, el complemento de informaci\u00f3n del autor de comentarios de WPDiscuz sirve como un instrumento indispensable para aumentar el atractivo de la secci\u00f3n de comentarios y fomentar una comunidad m\u00e1s atractiva e interactiva.<\/p>\n<ul>\n<li>Agrega informaci\u00f3n del autor a los comentarios en los sitios web de WordPress<\/li>\n<li>Muestra el nombre del autor, la foto de perfil, la URL del sitio web y la biograf\u00eda<\/li>\n<li>Opci\u00f3n para personalizar la pantalla de informaci\u00f3n del autor<\/li>\n<li>Admite m\u00faltiples fuentes de avatar que incluyen Gravatar, BuddyPress y complemento de im\u00e1genes de perfil de usuario<\/li>\n<li>Proporciona una interfaz f\u00e1cil de usar para administrar la informaci\u00f3n del autor de comentarios<\/li>\n<li>Optimizado para la velocidad y el rendimiento<\/li>\n<li>Compatible con temas y complementos populares de WordPress<\/li>\n<li>Actualizado regularmente con correcciones de errores y mejoras de caracter\u00edsticas<\/li>\n<li>Proporciona soporte y documentaci\u00f3n \u00fatiles para los usuarios<\/li>\n<\/ul>\n","protected":false},"excerpt":{"rendered":"<p>El complemento de informaci\u00f3n del autor de comentarios de WPDiscuz ofrece una variedad de detalles complementarios sobre autores de comentarios, aumentando as\u00ed la experiencia de comentarios y alentando la interacci\u00f3n elevada en su sitio web de WordPress. Esta valiosa informaci\u00f3n abarca el avatar, el nombre y la biograf\u00eda del autor, fomentando efectivamente una atm\u00f3sfera personalizada dentro de su secci\u00f3n de comentarios. Con un procedimiento directo de instalaci\u00f3n y personalizaci\u00f3n, este complemento sirve como un activo invaluable para cualquier propietario del sitio web que busque elevar la calidad de su secci\u00f3n de comentarios.<\/p>\n","protected":false},"featured_media":168475,"comment_status":"open","ping_status":"open","template":"","meta":[],"product_brand":[2645],"product_cat":[1214,1206,1211],"product_tag":[2204],"class_list":{"0":"post-118843","1":"product","2":"type-product","3":"status-publish","4":"has-post-thumbnail","6":"product_brand-wp-discuz","7":"product_cat-personalizacion","8":"product_cat-plugins","9":"product_cat-wordpress-plugins","10":"product_tag-wp-discuz","11":"member-discount","12":"discount-restricted","14":"first","15":"instock","16":"sale","17":"downloadable","18":"virtual","19":"sold-individually","20":"purchasable","21":"product-type-simple"},"_links":{"self":[{"href":"https:\/\/gpl-love.com\/es\/wp-json\/wp\/v2\/product\/118843","targetHints":{"allow":["GET"]}}],"collection":[{"href":"https:\/\/gpl-love.com\/es\/wp-json\/wp\/v2\/product"}],"about":[{"href":"https:\/\/gpl-love.com\/es\/wp-json\/wp\/v2\/types\/product"}],"replies":[{"embeddable":true,"href":"https:\/\/gpl-love.com\/es\/wp-json\/wp\/v2\/comments?post=118843"}],"wp:featuredmedia":[{"embeddable":true,"href":"https:\/\/gpl-love.com\/es\/wp-json\/wp\/v2\/media\/168475"}],"wp:attachment":[{"href":"https:\/\/gpl-love.com\/es\/wp-json\/wp\/v2\/media?parent=118843"}],"wp:term":[{"taxonomy":"product_brand","embeddable":true,"href":"https:\/\/gpl-love.com\/es\/wp-json\/wp\/v2\/product_brand?post=118843"},{"taxonomy":"product_cat","embeddable":true,"href":"https:\/\/gpl-love.com\/es\/wp-json\/wp\/v2\/product_cat?post=118843"},{"taxonomy":"product_tag","embeddable":true,"href":"https:\/\/gpl-love.com\/es\/wp-json\/wp\/v2\/product_tag?post=118843"}],"curies":[{"name":"wp","href":"https:\/\/api.w.org\/{rel}","templated":true}]}}