{"id":118841,"date":"2025-05-16T00:00:00","date_gmt":"2025-05-16T05:00:00","guid":{"rendered":"https:\/\/gpl-love.com\/es\/?post_type=product&#038;p=118841"},"modified":"2026-03-09T08:30:25","modified_gmt":"2026-03-09T13:30:25","slug":"wpdiscuz-advanced-likers","status":"publish","type":"product","link":"https:\/\/gpl-love.com\/es\/producto\/wpdiscuz-advanced-likers\/","title":{"rendered":"wpDiscuz Advanced Likers 7.1.1"},"content":{"rendered":"<h3>wpDiscuz Advanced Likers Caracteristicas<\/h3>\n<p>WPDiscuz Advanced Likers es un complemento de WordPress incre\u00edblemente \u00fatil y altamente efectivo que ha sido especialmente dise\u00f1ado para mejorar y elevar en gran medida la experiencia de comentarios en su sitio web. Al incorporar este complemento excepcional en su sitio, est\u00e1 proporcionando a sus lectores valiosos la capacidad conveniente de los comentarios que me gustan y no me gustan, lo que le permite obtener ideas invaluables y una comprensi\u00f3n m\u00e1s profunda de lo que el contenido espec\u00edfico realmente resuena y se conecta con su estimada audiencia. Adem\u00e1s, este notable complemento tambi\u00e9n integra perfectamente una secci\u00f3n excepcional de \u00abcomentarios m\u00e1s gustos\u00bb dentro de su secci\u00f3n de comentarios, que muestra de manera inteligente y destaca los comentarios m\u00e1s atractivos, cautivadores y que provocan la reflexi\u00f3n para que sus usuarios disfruten. Adem\u00e1s, WPDiscuz Advanced Likers tambi\u00e9n ofrece un nivel de personalizaci\u00f3n incomparable, otorg\u00e1ndole la total libertad y control para adaptar y ajustar personalmente los \u00edconos utilizados para gustar y disgustar comentarios, lo que le permite alinear y armonizar precisamente la est\u00e9tica visual de su sitio web de su sitio web. con su identidad de marca \u00fanica y su visi\u00f3n general de dise\u00f1o. Sin lugar a dudas, WPDiscuz Advanced Likers realmente se destaca como una herramienta excepcionalmente potente e influyente que eleva y maximiza efectivamente la participaci\u00f3n del usuario, al tiempo que mejora y optimiza la experiencia general del usuario en su estimado sitio de WordPress.<\/p>\n<ul>\n<li>Ayuda a los usuarios a mostrar apreciaci\u00f3n y soporte para el contenido en los sitios de WordPress<\/li>\n<li>Agrega un bot\u00f3n \u00abMe gusta\u00bb a los comentarios, lo que permite a los visitantes mostrar su agradecimiento por comentarios o hilos particulares<\/li>\n<li>Muestra el n\u00famero total de me gusta para cada comentario<\/li>\n<li>Ofrece a los administradores del sitio la capacidad de ocultar o deshabilitar el bot\u00f3n similar si se desea<\/li>\n<li>Proporciona opciones avanzadas para personalizar la apariencia y el comportamiento del bot\u00f3n similar y las caracter\u00edsticas asociadas<\/li>\n<li>Dise\u00f1ado para ser completamente compatible con el popular complemento de comentarios de WPDiscuz, as\u00ed como otros complementos y temas de WordPress<\/li>\n<li>Ayuda a fomentar el compromiso y la construcci\u00f3n de la comunidad en sitios de WordPress al proporcionar una forma simple e intuitiva para que los visitantes expresen su inter\u00e9s y apoyo.<\/li>\n<\/ul>\n","protected":false},"excerpt":{"rendered":"<p>WPDiscuz Advanced Likers es un complemento de WordPress extremadamente robusto y formidable que le otorga la capacidad de integrar perfectamente la funcionalidad avanzada y desagradable en la secci\u00f3n de comentarios de su estimado sitio web. Al incorporar este ingenioso complemento, usted ofrece a los atesorados visitantes del sitio web la oportunidad de expresar de manera articulada y pertinente sus opiniones multifac\u00e9ticas relacionadas con varios hilos de comentarios. Adem\u00e1s de los botones convencionales de los pulgares hacia arriba y el pulgar hacia abajo, los usuarios reciben una extensa variedad de \u00edconos de reacci\u00f3n, que abarcan un semblante euf\u00f3rico, un semblante abatido y un semblante indignado, entre otros. Sorprendentemente adaptable y navegable sin esfuerzo, este complemento representa el ep\u00edtome de la facilidad de uso y es particularmente adecuado para los sitios web que aspiran a fomentar una experiencia de comentarios m\u00e1s interactiva y cautivadora.<\/p>\n","protected":false},"featured_media":168474,"comment_status":"open","ping_status":"open","template":"","meta":[],"product_brand":[2645],"product_cat":[1214,1206,1211],"product_tag":[2204],"class_list":{"0":"post-118841","1":"product","2":"type-product","3":"status-publish","4":"has-post-thumbnail","6":"product_brand-wp-discuz","7":"product_cat-personalizacion","8":"product_cat-plugins","9":"product_cat-wordpress-plugins","10":"product_tag-wp-discuz","11":"member-discount","12":"discount-restricted","14":"first","15":"instock","16":"sale","17":"downloadable","18":"virtual","19":"sold-individually","20":"purchasable","21":"product-type-simple"},"_links":{"self":[{"href":"https:\/\/gpl-love.com\/es\/wp-json\/wp\/v2\/product\/118841","targetHints":{"allow":["GET"]}}],"collection":[{"href":"https:\/\/gpl-love.com\/es\/wp-json\/wp\/v2\/product"}],"about":[{"href":"https:\/\/gpl-love.com\/es\/wp-json\/wp\/v2\/types\/product"}],"replies":[{"embeddable":true,"href":"https:\/\/gpl-love.com\/es\/wp-json\/wp\/v2\/comments?post=118841"}],"wp:featuredmedia":[{"embeddable":true,"href":"https:\/\/gpl-love.com\/es\/wp-json\/wp\/v2\/media\/168474"}],"wp:attachment":[{"href":"https:\/\/gpl-love.com\/es\/wp-json\/wp\/v2\/media?parent=118841"}],"wp:term":[{"taxonomy":"product_brand","embeddable":true,"href":"https:\/\/gpl-love.com\/es\/wp-json\/wp\/v2\/product_brand?post=118841"},{"taxonomy":"product_cat","embeddable":true,"href":"https:\/\/gpl-love.com\/es\/wp-json\/wp\/v2\/product_cat?post=118841"},{"taxonomy":"product_tag","embeddable":true,"href":"https:\/\/gpl-love.com\/es\/wp-json\/wp\/v2\/product_tag?post=118841"}],"curies":[{"name":"wp","href":"https:\/\/api.w.org\/{rel}","templated":true}]}}