{"id":118839,"date":"2026-04-10T00:00:00","date_gmt":"2026-04-10T05:00:00","guid":{"rendered":"https:\/\/gpl-love.com\/es\/?post_type=product&#038;p=118839"},"modified":"2026-04-10T11:33:39","modified_gmt":"2026-04-10T16:33:39","slug":"wpdiscuz-ads-manager","status":"publish","type":"product","link":"https:\/\/gpl-love.com\/es\/producto\/wpdiscuz-ads-manager\/","title":{"rendered":"wpDiscuz Ads Manager 7.6.53"},"content":{"rendered":"<h3>wpDiscuz Ads Manager Caracteristicas<\/h3>\n<p>WPDiscuz ADS Manager es una herramienta incre\u00edblemente poderosa que se ha desarrollado espec\u00edficamente para ayudar a los propietarios de sitios web a monetizar eficazmente su contenido. Su funci\u00f3n principal es mostrar anuncios espec\u00edficos dentro de las secciones de comentarios, lo que permite a los administradores del sitio administrar sin esfuerzo la colocaci\u00f3n y la configuraci\u00f3n sin necesidad de poseer ning\u00fan conocimiento de codificaci\u00f3n. La integraci\u00f3n perfecta del administrador de anuncios WPDiscuz con el sistema de comentarios WPDiscuz ampliamente utilizado crea una soluci\u00f3n altamente completa para maximizar los ingresos del contenido generado por el usuario. Al utilizar opciones de orientaci\u00f3n avanzada, como la categor\u00eda y la coincidencia de palabras clave, el administrador de anuncios WPDiscuz asegura que los anuncios mostrados no solo sean relevantes sino tambi\u00e9n cautivadores para los usuarios, lo que resulta en tasas de clics m\u00e1s elevadas y, en \u00faltima instancia, aumentan los ingresos. Con una interfaz f\u00e1cil de usar y una amplia gama de caracter\u00edsticas integrales, el administrador de anuncios WPDiscuz es absolutamente indispensable para cualquier propietario del sitio web que busque monetizar comentarios y elevar sus ingresos.<\/p>\n<ul>\n<li>Administre f\u00e1cilmente los anuncios que se muestran en los comentarios de WPDiscuz<\/li>\n<li>Opciones de colocaci\u00f3n de anuncios personalizables dentro de los comentarios<\/li>\n<li>Admite una variedad de tipos de anuncios y tama\u00f1os<\/li>\n<li>Funci\u00f3n de rotaci\u00f3n de anuncios para m\u00faltiples anuncios en una colocaci\u00f3n<\/li>\n<li>Establezca limitaci\u00f3n de frecuencia para anuncios individuales o grupos de anuncios<\/li>\n<li>Opci\u00f3n para programar cu\u00e1ndo se muestran los anuncios<\/li>\n<li>Compatible con AdSense y otras redes publicitarias<\/li>\n<li>Panel de control intuitivo para una gesti\u00f3n de anuncios eficiente<\/li>\n<li>Informes detallados sobre impresiones de anuncios y clics<\/li>\n<li>Actualizaciones regulares y atenci\u00f3n al cliente.<\/li>\n<\/ul>\n","protected":false},"excerpt":{"rendered":"<p>Perm\u00edtanos presentarle al notable administrador de anuncios WPDiscuz, una herramienta extraordinaria y altamente eficiente dise\u00f1ada espec\u00edficamente para ayudarlo a monetizar su querido blog o sitio web de WordPress. Este complemento incre\u00edblemente robusto ofrece un nivel de funcionalidad incomparable, lo que le permite integrar y administrar de manera efectiva sus campa\u00f1as publicitarias, as\u00ed que refuerza significativamente sus ingresos y optimiza su presencia digital. Al aprovechar sus caracter\u00edsticas f\u00e1ciles de usar, como opciones de colocaci\u00f3n de anuncios, programaci\u00f3n de anuncios, focalizaci\u00f3n de anuncios y seguimiento de rendimiento, podr\u00e1 aprovechar sin esfuerzo el control completo sobre su estrategia de anuncios, en \u00faltima instancia, lo impulsan hacia el logro de sus estimados objetivos comerciales. Independientemente de si usted es un vendedor experimentado o un blogger incipiente, el gerente de anuncios WPDiscuz es realmente el compa\u00f1ero ideal que le permitir\u00e1 desbloquear la extensi\u00f3n total de su potencial de ingresos. \u00a1Hoy lo alentamos de todo coraz\u00f3n a embarcarnos en este viaje transformador hoy y personalmente presenciamos la notable diferencia que esta herramienta fenomenal puede hacer en su vida!<\/p>\n","protected":false},"featured_media":168473,"comment_status":"open","ping_status":"open","template":"","meta":[],"product_brand":[2645],"product_cat":[1212,1206,1211],"product_tag":[2204],"class_list":{"0":"post-118839","1":"product","2":"type-product","3":"status-publish","4":"has-post-thumbnail","6":"product_brand-wp-discuz","7":"product_cat-administracion-wordpress-plugins","8":"product_cat-plugins","9":"product_cat-wordpress-plugins","10":"product_tag-wp-discuz","11":"member-discount","12":"discount-restricted","14":"first","15":"instock","16":"sale","17":"downloadable","18":"virtual","19":"sold-individually","20":"purchasable","21":"product-type-simple"},"_links":{"self":[{"href":"https:\/\/gpl-love.com\/es\/wp-json\/wp\/v2\/product\/118839","targetHints":{"allow":["GET"]}}],"collection":[{"href":"https:\/\/gpl-love.com\/es\/wp-json\/wp\/v2\/product"}],"about":[{"href":"https:\/\/gpl-love.com\/es\/wp-json\/wp\/v2\/types\/product"}],"replies":[{"embeddable":true,"href":"https:\/\/gpl-love.com\/es\/wp-json\/wp\/v2\/comments?post=118839"}],"wp:featuredmedia":[{"embeddable":true,"href":"https:\/\/gpl-love.com\/es\/wp-json\/wp\/v2\/media\/168473"}],"wp:attachment":[{"href":"https:\/\/gpl-love.com\/es\/wp-json\/wp\/v2\/media?parent=118839"}],"wp:term":[{"taxonomy":"product_brand","embeddable":true,"href":"https:\/\/gpl-love.com\/es\/wp-json\/wp\/v2\/product_brand?post=118839"},{"taxonomy":"product_cat","embeddable":true,"href":"https:\/\/gpl-love.com\/es\/wp-json\/wp\/v2\/product_cat?post=118839"},{"taxonomy":"product_tag","embeddable":true,"href":"https:\/\/gpl-love.com\/es\/wp-json\/wp\/v2\/product_tag?post=118839"}],"curies":[{"name":"wp","href":"https:\/\/api.w.org\/{rel}","templated":true}]}}