{"id":118724,"date":"2025-11-06T00:00:00","date_gmt":"2025-11-06T05:00:00","guid":{"rendered":"https:\/\/gpl-love.com\/es\/?post_type=product&#038;p=118724"},"modified":"2026-03-09T08:25:07","modified_gmt":"2026-03-09T13:25:07","slug":"woocommerce-sale-flash-pro","status":"publish","type":"product","link":"https:\/\/gpl-love.com\/es\/producto\/woocommerce-sale-flash-pro\/","title":{"rendered":"WooCommerce Sale Flash Pro 1.4.0"},"content":{"rendered":"<h3>WooCommerce Sale Flash Pro Caracteristicas<\/h3>\n<p>WooCommerce Sale Flash Pro surge como un complemento muy robusto e influyente que faculta a los usuarios generar y adaptar las notificaciones de Flash de venta para su tienda WooCommerce. Otorgado con una interfaz notablemente f\u00e1cil de usar, este complemento juega un papel fundamental en la intensificaci\u00f3n de las ventas al mostrar prominentemente productos con descuento y fomentar un sentido de urgencia en los clientes para completar sus compras. El complemento abarca una gran cantidad de opciones de personalizaci\u00f3n, que abarca la capacidad de elegir qu\u00e9 productos ser\u00edan destacados a trav\u00e9s de las notificaciones de ventas, la libertad de ajustar el color y el estilo de la notificaci\u00f3n y la autoridad para determinar la duraci\u00f3n de la campa\u00f1a promocional. WooCommerce Sale Flash Flash Installable sin esfuerzo, sino que su configuraci\u00f3n maleable lo convierte en un activo indispensable para cualquier tienda en l\u00ednea que busque amplificar las ventas y aumentar la experiencia general del cliente.<\/p>\n<ul>\n<li>Agrega etiquetas de flash de venta a los productos en la tienda WooCommerce<\/li>\n<li>Opci\u00f3n para mostrar texto personalizado en venta flash<\/li>\n<li>Capacidad para establecer diferentes porcentajes de venta para productos individuales<\/li>\n<li>Opci\u00f3n para elegir el color y el estilo de la etiqueta Flash de venta<\/li>\n<li>Opci\u00f3n para ocultar el flash de venta despu\u00e9s de una cierta fecha<\/li>\n<li>Compatible con todos los temas de WooCommerce<\/li>\n<li>F\u00e1cil de instalar y configurar<\/li>\n<li>Optimizado para tiempos de carga r\u00e1pidas<\/li>\n<li>Ayuda a aumentar las ventas destacando productos con descuento<\/li>\n<li>Proporciona un dise\u00f1o profesional y llamativo para los art\u00edculos de venta<\/li>\n<li>Aumenta la participaci\u00f3n del cliente y fomenta la navegaci\u00f3n de art\u00edculos de venta<\/li>\n<\/ul>\n","protected":false},"excerpt":{"rendered":"<p>WooCommerce Sale Flash Pro, un complemento incre\u00edblemente robusto, empodera a los propietarios de tiendas en l\u00ednea con la capacidad de fabricar y exhibir notificaciones fascinantes de venta flash para su mercanc\u00eda. Por medio de una interfaz simple y f\u00e1cil de usar, tiene la capacidad de configurar r\u00e1pidamente sus notificaciones de Flash de venta en cuesti\u00f3n de meros clics. Est\u00e1 a su discreci\u00f3n personalizar el mensaje, seleccionar la fuente, el color y el fondo del flash, as\u00ed como especificar el tiempo y la duraci\u00f3n. El complemento alberga una notable adaptabilidad de modo que la notificaci\u00f3n de ventas se manifestar\u00e1 r\u00e1pidamente en las pantallas de sus clientes, incit\u00e1ndolos a tomar medidas proactivas y reforzar sus ventas. A trav\u00e9s de la utilizaci\u00f3n de WooCommerce Sale Flash Pro, tiene el potencial de amplificar la alluraci\u00f3n de su tienda, mejorar la participaci\u00f3n del cliente y mejorar sin esfuerzo sus ingresos.<\/p>\n","protected":false},"featured_media":168252,"comment_status":"open","ping_status":"open","template":"","meta":[],"product_brand":[2344],"product_cat":[1207,1225,1206],"product_tag":[1423],"class_list":{"0":"post-118724","1":"product","2":"type-product","3":"status-publish","4":"has-post-thumbnail","6":"product_brand-woocommerce","7":"product_cat-comercio-electronico-plugins","8":"product_cat-marketing","9":"product_cat-plugins","10":"product_tag-woocommerce","11":"member-discount","12":"discount-restricted","14":"first","15":"instock","16":"sale","17":"downloadable","18":"virtual","19":"sold-individually","20":"purchasable","21":"product-type-simple"},"_links":{"self":[{"href":"https:\/\/gpl-love.com\/es\/wp-json\/wp\/v2\/product\/118724","targetHints":{"allow":["GET"]}}],"collection":[{"href":"https:\/\/gpl-love.com\/es\/wp-json\/wp\/v2\/product"}],"about":[{"href":"https:\/\/gpl-love.com\/es\/wp-json\/wp\/v2\/types\/product"}],"replies":[{"embeddable":true,"href":"https:\/\/gpl-love.com\/es\/wp-json\/wp\/v2\/comments?post=118724"}],"wp:featuredmedia":[{"embeddable":true,"href":"https:\/\/gpl-love.com\/es\/wp-json\/wp\/v2\/media\/168252"}],"wp:attachment":[{"href":"https:\/\/gpl-love.com\/es\/wp-json\/wp\/v2\/media?parent=118724"}],"wp:term":[{"taxonomy":"product_brand","embeddable":true,"href":"https:\/\/gpl-love.com\/es\/wp-json\/wp\/v2\/product_brand?post=118724"},{"taxonomy":"product_cat","embeddable":true,"href":"https:\/\/gpl-love.com\/es\/wp-json\/wp\/v2\/product_cat?post=118724"},{"taxonomy":"product_tag","embeddable":true,"href":"https:\/\/gpl-love.com\/es\/wp-json\/wp\/v2\/product_tag?post=118724"}],"curies":[{"name":"wp","href":"https:\/\/api.w.org\/{rel}","templated":true}]}}