{"id":118668,"date":"2023-05-19T00:00:00","date_gmt":"2023-05-19T05:00:00","guid":{"rendered":"https:\/\/gpl-love.com\/es\/?post_type=product&#038;p=118668"},"modified":"2026-03-09T08:26:30","modified_gmt":"2026-03-09T13:26:30","slug":"woocommerce-weight-based-shipping","status":"publish","type":"product","link":"https:\/\/gpl-love.com\/es\/producto\/woocommerce-weight-based-shipping\/","title":{"rendered":"WooCommerce Weight Based Shipping 5.5.3"},"content":{"rendered":"<h3>WooCommerce Weight Based Shipping Caracteristicas<\/h3>\n<p>El complemento de env\u00edo basado en el peso de WooCommerce sirve como una herramienta valiosa para las tiendas en l\u00ednea que se basan en la plataforma WooCommerce. Su prop\u00f3sito es capacitar a los propietarios de tiendas para establecer tarifas de env\u00edo de acuerdo con el peso de los productos que ofrecen. Este complemento resulta particularmente ventajoso para las empresas que tratan con productos de diversos pesos y tama\u00f1os, ya que les permite definir sin esfuerzo las reglas de env\u00edo para varias categor\u00edas de productos. Al emplear el env\u00edo basado en el peso de WooCommerce, los propietarios de tiendas obtienen la capacidad de configurar diferentes m\u00e9todos de env\u00edo, incluidos tierra, aire o expreso, equipando as\u00ed a los clientes con informaci\u00f3n precisa de los costos de env\u00edo antes de finalizar su compra. Adem\u00e1s, este complemento proporciona la opci\u00f3n de personalizar y crear reglas de env\u00edo \u00fanicas, como ofrecer env\u00edo gratuito para pedidos que superan un umbral de peso o precio espec\u00edfico. Con una interfaz intuitiva e intuitiva f\u00e1cil de usar, el env\u00edo basado en el peso de WooCommerce se convierte en una herramienta indispensable para cualquier tienda de WooCommerce que busque optimizar sus procedimientos de env\u00edo y ofrecer una experiencia de compra perfecta a sus valiosos clientes.<\/p>\n<ul>\n<li>Permite c\u00e1lculos de env\u00edo basados \u200b\u200ben peso avanzados<\/li>\n<li>F\u00e1cil de configurar y configurar<\/li>\n<li>Proporciona flexibilidad y opciones personalizables para tarifas de env\u00edo<\/li>\n<li>Se puede usar para configurar opciones de env\u00edo \u00fanicas para diferentes productos.<\/li>\n<li>Admite m\u00faltiples clases de env\u00edo y zonas<\/li>\n<li>Se integra a la perfecci\u00f3n con la plataforma WooCommerce<\/li>\n<li>Proporciona cotizaciones de env\u00edo en tiempo real para los clientes<\/li>\n<li>Puede ayudar a reducir los costos de env\u00edo para las empresas<\/li>\n<li>Ofrece opciones para env\u00edo gratuito seg\u00fan el peso del pedido<\/li>\n<li>Permite a las empresas ofrecer env\u00edo de tarifa plana por ciertos rangos de peso.<\/li>\n<\/ul>\n","protected":false},"excerpt":{"rendered":"<p>El complemento de env\u00edo basado en el peso de WooCommerce es una herramienta extremadamente \u00fatil que le permite establecer sin esfuerzo tasas de env\u00edo distintivas basadas en el peso de su variedad diversificada de productos. A trav\u00e9s de la utilizaci\u00f3n de este complemento notable, se le otorga la capacidad de elaborar regulaciones de env\u00edo personalizadas dependiendo de clasificaciones de peso, zonas de env\u00edo, as\u00ed como varios m\u00e9todos de entrega. Adem\u00e1s, este complemento excepcional le permite configurar con expertos c\u00e1lculos de costos de env\u00edo, que se basan indudablemente en el peso agregado abarcado dentro del pedido del cliente. En consecuencia, queda muy claro que este complemento indispensable es una necesidad absoluta para los propietarios de establecimientos en l\u00ednea que anhelan ofrecer su estimada clientela con tarifas de env\u00edo que no solo son confiablemente precisas sino tambi\u00e9n sorprendentemente equitativas.<\/p>\n","protected":false},"featured_media":168308,"comment_status":"open","ping_status":"open","template":"","meta":[],"product_brand":[2339],"product_cat":[1207,1248,1206],"product_tag":[1256],"class_list":{"0":"post-118668","1":"product","2":"type-product","3":"status-publish","4":"has-post-thumbnail","6":"product_brand-codecanyon","7":"product_cat-comercio-electronico-plugins","8":"product_cat-personalizacion-comercio-electronico-plugins","9":"product_cat-plugins","10":"product_tag-codecanyon","11":"member-discount","12":"discount-restricted","14":"first","15":"instock","16":"sale","17":"downloadable","18":"virtual","19":"sold-individually","20":"purchasable","21":"product-type-simple"},"_links":{"self":[{"href":"https:\/\/gpl-love.com\/es\/wp-json\/wp\/v2\/product\/118668","targetHints":{"allow":["GET"]}}],"collection":[{"href":"https:\/\/gpl-love.com\/es\/wp-json\/wp\/v2\/product"}],"about":[{"href":"https:\/\/gpl-love.com\/es\/wp-json\/wp\/v2\/types\/product"}],"replies":[{"embeddable":true,"href":"https:\/\/gpl-love.com\/es\/wp-json\/wp\/v2\/comments?post=118668"}],"wp:featuredmedia":[{"embeddable":true,"href":"https:\/\/gpl-love.com\/es\/wp-json\/wp\/v2\/media\/168308"}],"wp:attachment":[{"href":"https:\/\/gpl-love.com\/es\/wp-json\/wp\/v2\/media?parent=118668"}],"wp:term":[{"taxonomy":"product_brand","embeddable":true,"href":"https:\/\/gpl-love.com\/es\/wp-json\/wp\/v2\/product_brand?post=118668"},{"taxonomy":"product_cat","embeddable":true,"href":"https:\/\/gpl-love.com\/es\/wp-json\/wp\/v2\/product_cat?post=118668"},{"taxonomy":"product_tag","embeddable":true,"href":"https:\/\/gpl-love.com\/es\/wp-json\/wp\/v2\/product_tag?post=118668"}],"curies":[{"name":"wp","href":"https:\/\/api.w.org\/{rel}","templated":true}]}}