{"id":118652,"date":"2026-04-16T00:00:00","date_gmt":"2026-04-16T05:00:00","guid":{"rendered":"https:\/\/gpl-love.com\/es\/?post_type=product&#038;p=118652"},"modified":"2026-04-16T17:15:57","modified_gmt":"2026-04-16T22:15:57","slug":"gravity-perks-populate-anything","status":"publish","type":"product","link":"https:\/\/gpl-love.com\/es\/producto\/gravity-perks-populate-anything\/","title":{"rendered":"Gravity Perks Populate Anything 2.1.66"},"content":{"rendered":"<h3>Gravity Perks Populate Anything Caracteristicas<\/h3>\n<p>Las ventajas de gravedad poblados son un complemento muy robusto y eficiente que ofrece una soluci\u00f3n perfecta para poblar sin esfuerzo sus formas de gravedad con una amplia gama de datos derivados de varias fuentes externas. Este notable complemento le permite la capacidad de completar sus campos de formulario con datos que no solo desde publicaciones, usuarios y taxonom\u00edas, sino tambi\u00e9n de una variedad diversa de otras fuentes. Adem\u00e1s, facilita la creaci\u00f3n de fuentes de datos hechas a medida, otorg\u00e1ndole la capacidad sin precedentes para llenar sus formas con pr\u00e1cticamente cualquier datos que su imaginaci\u00f3n pueda conjurar. Al automatizar el laborioso proceso de entrada de datos, este complemento optimiza efectivamente su flujo de trabajo, en consecuencia, liberando tiempo y energ\u00eda invaluables para que usted se asigne a tareas m\u00e1s imperativas. En esencia, si se encuentra en busca de un medio f\u00e1cil de usar y eficiente para llenar sus formularios de gravedad con datos adquiridos de fuentes externas, no busque m\u00e1s que la soluci\u00f3n incomparable proporcionada por los beneficios de gravedad que llenan cualquier cosa.<\/p>\n<ul>\n<li>Olvocar datos de cualquier tipo de publicaci\u00f3n, taxonom\u00eda o campo personalizado en formularios de gravedad.<\/li>\n<li>Cree formularios din\u00e1micos que se generen autom\u00e1ticamente con informaci\u00f3n actualizada.<\/li>\n<li>Convenientemente muestran datos basados \u200b\u200ben la selecci\u00f3n del usuario con el mismo nivel de personalizaci\u00f3n que los formularios de gravedad.<\/li>\n<li>Ahorre tiempo y mejore la productividad al racionalizar los procesos de recopilaci\u00f3n de datos y formularios de creaci\u00f3n.<\/li>\n<li>Obtenga datos m\u00e1s precisos de sus formularios incorporando fuentes de datos existentes.<\/li>\n<li>Aproveche las caracter\u00edsticas avanzadas de los formularios de gravedad, como la l\u00f3gica condicional y los c\u00e1lculos, al tiempo que integran datos din\u00e1micos con cualquier cosa poblaci\u00f3n.<\/li>\n<li>Genere autom\u00e1ticamente opciones de formulario a partir de tipos de publicaciones personalizados, campos y taxonom\u00edas.<\/li>\n<li>Muestra f\u00e1cilmente datos con dise\u00f1os f\u00e1ciles de usar que est\u00e1n optimizados para dispositivos m\u00f3viles y de escritorio.<\/li>\n<li>Las opciones de salida de campo personalizables le permiten adaptar las pantallas de datos a sus necesidades espec\u00edficas.<\/li>\n<li>Disfrute de la tranquilidad con la atenci\u00f3n al cliente receptiva y las actualizaciones regulares de complementos.<\/li>\n<\/ul>\n","protected":false},"excerpt":{"rendered":"<p>Gravity Perks Popule Anything es un complemento incre\u00edblemente robusto y rico en funciones que ha sido meticulosamente dise\u00f1ado para simplificar en gran medida el proceso de entrada de datos que requiere mucho tiempo en su sitio web. Al integrarse sin problemas con la potente biblioteca de datos de Forms Gravity Forms, este complemento ofrece un nivel incomparable de conveniencia y eficiencia. Atr\u00e1s quedaron los d\u00edas de ingresar informaci\u00f3n manualmente en sus campos; Dado que las ventajas de gravedad pueblan cualquier cosa, puede poblar sin esfuerzo sus campos con datos de otras entradas en su biblioteca de formularios. Esto incluye no solo casillas de verificaci\u00f3n simples, sino tambi\u00e9n campos de direcciones complejos, lo que garantiza que pueda manejar cualquier tipo de tarea de entrada de datos con la m\u00e1xima facilidad.<\/p>\n","protected":false},"featured_media":166359,"comment_status":"open","ping_status":"open","template":"","meta":[],"product_brand":[2471],"product_cat":[1214,1206,1211],"product_tag":[2114],"class_list":{"0":"post-118652","1":"product","2":"type-product","3":"status-publish","4":"has-post-thumbnail","6":"product_brand-gravity-wiz","7":"product_cat-personalizacion","8":"product_cat-plugins","9":"product_cat-wordpress-plugins","10":"product_tag-gravity-wiz","11":"member-discount","12":"discount-restricted","14":"first","15":"instock","16":"sale","17":"downloadable","18":"virtual","19":"sold-individually","20":"purchasable","21":"product-type-simple"},"_links":{"self":[{"href":"https:\/\/gpl-love.com\/es\/wp-json\/wp\/v2\/product\/118652","targetHints":{"allow":["GET"]}}],"collection":[{"href":"https:\/\/gpl-love.com\/es\/wp-json\/wp\/v2\/product"}],"about":[{"href":"https:\/\/gpl-love.com\/es\/wp-json\/wp\/v2\/types\/product"}],"replies":[{"embeddable":true,"href":"https:\/\/gpl-love.com\/es\/wp-json\/wp\/v2\/comments?post=118652"}],"wp:featuredmedia":[{"embeddable":true,"href":"https:\/\/gpl-love.com\/es\/wp-json\/wp\/v2\/media\/166359"}],"wp:attachment":[{"href":"https:\/\/gpl-love.com\/es\/wp-json\/wp\/v2\/media?parent=118652"}],"wp:term":[{"taxonomy":"product_brand","embeddable":true,"href":"https:\/\/gpl-love.com\/es\/wp-json\/wp\/v2\/product_brand?post=118652"},{"taxonomy":"product_cat","embeddable":true,"href":"https:\/\/gpl-love.com\/es\/wp-json\/wp\/v2\/product_cat?post=118652"},{"taxonomy":"product_tag","embeddable":true,"href":"https:\/\/gpl-love.com\/es\/wp-json\/wp\/v2\/product_tag?post=118652"}],"curies":[{"name":"wp","href":"https:\/\/api.w.org\/{rel}","templated":true}]}}