{"id":118647,"date":"2022-03-25T00:00:00","date_gmt":"2022-03-25T05:00:00","guid":{"rendered":"https:\/\/gpl-love.com\/es\/?post_type=product&#038;p=118647"},"modified":"2026-04-10T11:23:42","modified_gmt":"2026-04-10T16:23:42","slug":"salon-booking","status":"publish","type":"product","link":"https:\/\/gpl-love.com\/es\/producto\/salon-booking\/","title":{"rendered":"Salon Booking 7.6.4"},"content":{"rendered":"<h3>Salon Booking Caracteristicas<\/h3>\n<p>Salon Booking es una extensa soluci\u00f3n de software dise\u00f1ada espec\u00edficamente para Salon Management, cuyo objetivo es optimizar y simplificar la tarea a menudo compleja y lento de reservar citas. Al utilizar este poderoso software, los propietarios de salones pueden manejar sin esfuerzo sus diversas responsabilidades, incluida la gesti\u00f3n de sus horarios, la organizaci\u00f3n de citas y mantener efectivamente una base de datos de clientes bien organizada. Adem\u00e1s, los clientes se beneficiar\u00e1n enormemente de la conveniencia y la eficiencia que ofrecen la reserva de salones, ya que se les proporciona la capacidad de reservar citas sin esfuerzo en l\u00ednea, examinar sin esfuerzo las intervalos de tiempo disponibles y, en \u00faltima instancia, recibir confirmaci\u00f3n autom\u00e1tica r\u00e1pida y confiable. Adem\u00e1s de estas caracter\u00edsticas invaluables, la reserva de salones tambi\u00e9n cuenta con una variedad de otras funcionalidades impresionantes, como capacidades integrales de gesti\u00f3n de calendario, procesamiento de pagos en l\u00ednea sin problemas y la utilizaci\u00f3n de herramientas de marketing automatizadas, todas las cuales est\u00e1n dise\u00f1adas para ayudar efectivamente a los salones en expandir y expandir y expandir mejorando su negocio. En \u00faltima instancia, con su interfaz intuitivamente dise\u00f1ada y f\u00e1cil de usar, la reserva de sal\u00f3n sin duda sirve como una herramienta indispensablemente indispensable para cualquier sal\u00f3n que busque optimizar sus operaciones y garantizar que cada cliente tenga una experiencia excepcional e incomparable.<\/p>\n<ul>\n<li>Administre eficientemente las reservas de sal\u00f3n con facilidad<\/li>\n<li>Simplifique la programaci\u00f3n de citas para empleados y clientes<\/li>\n<li>Eliminar el riesgo de reservas dobles y conflictos de programaci\u00f3n<\/li>\n<li>Proporciona disponibilidad en tiempo real y confirmaci\u00f3n de reserva para clientes<\/li>\n<li>Formularios de reserva personalizables para capturar informaci\u00f3n importante al cliente<\/li>\n<li>SMS automatizados y recordatorios de correo electr\u00f3nico para reducir las no shows<\/li>\n<li>Opciones de pago flexibles que incluyen dep\u00f3sitos y pagos en l\u00ednea<\/li>\n<li>Informes y an\u00e1lisis integrales para ayudarlo a tomar decisiones comerciales informadas<\/li>\n<li>Disponible en todos los dispositivos para un acceso conveniente a sus reservas en cualquier momento y en cualquier lugar.<\/li>\n<\/ul>\n","protected":false},"excerpt":{"rendered":"<p>Presentaci\u00f3n de la reserva de sal\u00f3n: \u00a1la soluci\u00f3n \u00fanica para revolucionar el establecimiento de su sal\u00f3n! D\u00e9jate despedir a la ardua tarea de la reserva manual y la programaci\u00f3n de citas, y adopta el flujo de trabajo perfecto y una mayor eficiencia. Al aprovechar la reserva de sal\u00f3n, puede supervisar sin esfuerzo su amplia gama de servicios, asignar competentemente a su personal y atender efectivamente a su valiosa clientela, todo dentro de una plataforma centralizada. Nuestro sistema automatizado meticulosamente dise\u00f1ado garantiza que ninguna cita se desliza a trav\u00e9s de las grietas, mientras que los informes integrales proporcionados le permiten tomar decisiones comerciales astutas. Adem\u00e1s, la interfaz de usuario intuitiva facilita sin esfuerzo tanto su estimado personal como a clientes apreciados para crear y administrar sus reservas sin esfuerzo. Prep\u00e1rese para embarcarse en una transformaci\u00f3n incomparable de su negocio de sal\u00f3n, cortes\u00eda de la incomparable reserva de sal\u00f3n.<\/p>\n","protected":false},"featured_media":167396,"comment_status":"open","ping_status":"open","template":"","meta":[],"product_brand":[2339],"product_cat":[1214,1206,1211],"product_tag":[1256],"class_list":{"0":"post-118647","1":"product","2":"type-product","3":"status-publish","4":"has-post-thumbnail","6":"product_brand-codecanyon","7":"product_cat-personalizacion","8":"product_cat-plugins","9":"product_cat-wordpress-plugins","10":"product_tag-codecanyon","11":"member-discount","12":"discount-restricted","14":"first","15":"instock","16":"sale","17":"downloadable","18":"virtual","19":"sold-individually","20":"purchasable","21":"product-type-simple"},"_links":{"self":[{"href":"https:\/\/gpl-love.com\/es\/wp-json\/wp\/v2\/product\/118647","targetHints":{"allow":["GET"]}}],"collection":[{"href":"https:\/\/gpl-love.com\/es\/wp-json\/wp\/v2\/product"}],"about":[{"href":"https:\/\/gpl-love.com\/es\/wp-json\/wp\/v2\/types\/product"}],"replies":[{"embeddable":true,"href":"https:\/\/gpl-love.com\/es\/wp-json\/wp\/v2\/comments?post=118647"}],"wp:featuredmedia":[{"embeddable":true,"href":"https:\/\/gpl-love.com\/es\/wp-json\/wp\/v2\/media\/167396"}],"wp:attachment":[{"href":"https:\/\/gpl-love.com\/es\/wp-json\/wp\/v2\/media?parent=118647"}],"wp:term":[{"taxonomy":"product_brand","embeddable":true,"href":"https:\/\/gpl-love.com\/es\/wp-json\/wp\/v2\/product_brand?post=118647"},{"taxonomy":"product_cat","embeddable":true,"href":"https:\/\/gpl-love.com\/es\/wp-json\/wp\/v2\/product_cat?post=118647"},{"taxonomy":"product_tag","embeddable":true,"href":"https:\/\/gpl-love.com\/es\/wp-json\/wp\/v2\/product_tag?post=118647"}],"curies":[{"name":"wp","href":"https:\/\/api.w.org\/{rel}","templated":true}]}}