{"id":118607,"date":"2025-02-18T00:00:00","date_gmt":"2025-02-18T05:00:00","guid":{"rendered":"https:\/\/gpl-love.com\/es\/?post_type=product&#038;p=118607"},"modified":"2026-03-09T07:37:09","modified_gmt":"2026-03-09T12:37:09","slug":"gamipress-transfers","status":"publish","type":"product","link":"https:\/\/gpl-love.com\/es\/producto\/gamipress-transfers\/","title":{"rendered":"GamiPress Transfers 1.3.6"},"content":{"rendered":"<h3>GamiPress Transfers Caracteristicas<\/h3>\n<p>Las transferencias de Gamipress, una herramienta incre\u00edblemente vers\u00e1til que sirve para facilitar la transferencia de puntos, logros y clasificaciones entre diferentes usuarios en su sitio web de WordPress, surge como una opci\u00f3n muy conveniente y eficiente. Simplemente participando en unos pocos clics, puede cambiar sin esfuerzo el progreso de un usuario a otro, lo que lo hace particularmente adecuado para sitios web que cuentan con m\u00faltiples contribuyentes o equipos. Sorprendentemente, este complemento inmensamente poderoso se integra perfectamente con Gamipress, lo que le otorga la facilidad y la conveniencia de administrar todas sus caracter\u00edsticas de gamificaci\u00f3n desde un solo tablero centralizado. Adem\u00e1s, Gamipress Transfers ofrece una flexibilidad incomparable, ya que le permite adaptar personalmente el proceso de transferencia, otorg\u00e1ndole la capacidad de establecer l\u00edmites en el n\u00famero de transferencias por usuario, definir las fechas de vencimiento y mucho m\u00e1s. Ya sea que su objetivo es felicitar y recompensar a los usuarios por sus valiosas contribuciones o transferir el progreso entre los miembros de su estimado equipo, Gamipress transfiere sin duda se erige como la soluci\u00f3n por excelencia para cualquier sitio de WordPress.<\/p>\n<ul>\n<li>Optimiza el proceso de transferencia de datos de juego entre sitios web<\/li>\n<li>Ahorra tiempo al permitir una f\u00e1cil migraci\u00f3n de logros, puntos, rangos y otros datos de juego<\/li>\n<li>Compatible con las versiones de Gamipress -7 y superior<\/li>\n<li>El proceso de transferencia segura garantiza la integridad de los datos y la confidencialidad<\/li>\n<li>Simplifica la gesti\u00f3n del sitio web al permitir a los desarrolladores trabajar con una sola fuente de datos de juego<\/li>\n<li>La interfaz f\u00e1cil de usar facilita la configuraci\u00f3n y configuraci\u00f3n de transferencias<\/li>\n<li>Admite una gama de tipos de transferencia, que incluyen transferencias unidireccionales, bidireccionales y selectivas<\/li>\n<li>Integraci\u00f3n con otros complementos de Gamipress para una funcionalidad y personalizaci\u00f3n mejoradas<\/li>\n<li>Respaldado por un equipo de apoyo dedicado y receptivo para una resoluci\u00f3n r\u00e1pida de cualquier problema o consulta.<\/li>\n<\/ul>\n","protected":false},"excerpt":{"rendered":"<p>Las transferencias de Gamipress, un complemento impresionante, le otorga la capacidad de transferir sin problemas los puntos, logros y clasificados entre varias instalaciones de Gamipress en su sitio de WordPress. Esta herramienta excepcional es particularmente beneficiosa para las personas que supervisan m\u00faltiples sitios o dise\u00f1an sistemas de recompensa intrincados. Al utilizar las transferencias de gamipress, puede armonizar sin esfuerzo su progreso en diversos sitios, asegurando as\u00ed la participaci\u00f3n constante y la motivaci\u00f3n para sus usuarios. Adem\u00e1s, la interfaz f\u00e1cil de usar optimiza la administraci\u00f3n de todas las transferencias, que requieren solo unos pocos clics. Eleve su plataforma de juego y impulse su sistema de recompensas a alturas incomparables adoptando las capacidades incomparables de las transferencias de juego.<\/p>\n","protected":false},"featured_media":166189,"comment_status":"open","ping_status":"open","template":"","meta":[],"product_brand":[2461],"product_cat":[1207,1248,1206],"product_tag":[2196],"class_list":{"0":"post-118607","1":"product","2":"type-product","3":"status-publish","4":"has-post-thumbnail","6":"product_brand-gami-press","7":"product_cat-comercio-electronico-plugins","8":"product_cat-personalizacion-comercio-electronico-plugins","9":"product_cat-plugins","10":"product_tag-gami-press","11":"member-discount","12":"discount-restricted","14":"first","15":"instock","16":"sale","17":"downloadable","18":"virtual","19":"sold-individually","20":"purchasable","21":"product-type-simple"},"_links":{"self":[{"href":"https:\/\/gpl-love.com\/es\/wp-json\/wp\/v2\/product\/118607","targetHints":{"allow":["GET"]}}],"collection":[{"href":"https:\/\/gpl-love.com\/es\/wp-json\/wp\/v2\/product"}],"about":[{"href":"https:\/\/gpl-love.com\/es\/wp-json\/wp\/v2\/types\/product"}],"replies":[{"embeddable":true,"href":"https:\/\/gpl-love.com\/es\/wp-json\/wp\/v2\/comments?post=118607"}],"wp:featuredmedia":[{"embeddable":true,"href":"https:\/\/gpl-love.com\/es\/wp-json\/wp\/v2\/media\/166189"}],"wp:attachment":[{"href":"https:\/\/gpl-love.com\/es\/wp-json\/wp\/v2\/media?parent=118607"}],"wp:term":[{"taxonomy":"product_brand","embeddable":true,"href":"https:\/\/gpl-love.com\/es\/wp-json\/wp\/v2\/product_brand?post=118607"},{"taxonomy":"product_cat","embeddable":true,"href":"https:\/\/gpl-love.com\/es\/wp-json\/wp\/v2\/product_cat?post=118607"},{"taxonomy":"product_tag","embeddable":true,"href":"https:\/\/gpl-love.com\/es\/wp-json\/wp\/v2\/product_tag?post=118607"}],"curies":[{"name":"wp","href":"https:\/\/api.w.org\/{rel}","templated":true}]}}