{"id":118606,"date":"2025-05-05T00:00:00","date_gmt":"2025-05-05T05:00:00","guid":{"rendered":"https:\/\/gpl-love.com\/es\/?post_type=product&#038;p=118606"},"modified":"2026-03-09T07:21:24","modified_gmt":"2026-03-09T12:21:24","slug":"bookly-mollie","status":"publish","type":"product","link":"https:\/\/gpl-love.com\/es\/producto\/bookly-mollie\/","title":{"rendered":"Bookly Mollie 3.6"},"content":{"rendered":"<h3>Bookly Mollie Caracteristicas<\/h3>\n<p>Bookly Mollie, un software de contabilidad altamente sofisticado, ofrece una eficiencia excepcional en la gesti\u00f3n de registros financieros para peque\u00f1as empresas. Cuenta con una gran cantidad de caracter\u00edsticas f\u00e1ciles de usar que permiten a los usuarios monitorear sin esfuerzo las facturas, los gastos y los pagos en tiempo real. Adem\u00e1s, este notable software proporciona servicios de contabilidad automatizados, incluida la conciliaci\u00f3n bancaria, los informes de impuestos y la generaci\u00f3n de estados financieros integrales. Al utilizar un sistema de almacenamiento basado en la nube de vanguardia y una interfaz intuitivamente dise\u00f1ada, Bookly Mollie garantiza la m\u00e1xima precisi\u00f3n y seguridad para todos los datos almacenados. Sin duda, este software es el ep\u00edtome de una soluci\u00f3n ideal para los due\u00f1os de negocios que anhelan un medio sin esfuerzo y confiable para manejar sus finanzas de manera efectiva a diario.<\/p>\n<ul>\n<li>Soluci\u00f3n de software innovadora dise\u00f1ada para optimizar los procesos de programaci\u00f3n y reserva<\/li>\n<li>Integre perfectamente con su sitio web o aplicaci\u00f3n existente para una gesti\u00f3n sin esfuerzo<\/li>\n<li>Caracter\u00edsticas de Mollie, la popular plataforma de pagos en l\u00ednea, para transacciones seguras y convenientes<\/li>\n<li>Acepta una amplia gama de m\u00e9todos de pago, que incluyen tarjetas de cr\u00e9dito, transferencias bancarias y m\u00e1s<\/li>\n<li>Los formularios de reserva personalizables le permiten recopilar toda la informaci\u00f3n necesaria de sus clientes<\/li>\n<li>Los recordatorios de citas automatizadas aseguran que tanto usted como sus clientes se mantengan al tanto de las pr\u00f3ximas citas<\/li>\n<li>Las herramientas de informes robustas proporcionan informaci\u00f3n en tiempo real sobre el rendimiento y las tendencias de reserva de su negocio<\/li>\n<li>Las funciones integrales de gesti\u00f3n del cliente le permiten rastrear r\u00e1pida y f\u00e1cilmente la informaci\u00f3n, el historial y las preferencias del cliente<\/li>\n<li>Compatible con una variedad de industrias y empresas, que incluyen salud y bienestar, belleza y spa, educaci\u00f3n y capacitaci\u00f3n, y m\u00e1s<\/li>\n<li>Altos niveles de atenci\u00f3n al cliente, incluidos tutoriales en l\u00ednea, chat en vivo y orientaci\u00f3n experta de un administrador de cuentas dedicado.<\/li>\n<\/ul>\n","protected":false},"excerpt":{"rendered":"<p>Bookly Mollie es una soluci\u00f3n moderna dise\u00f1ada para optimizar sus procesos de reserva y pago en l\u00ednea. Se integra a la perfecci\u00f3n con el complemento Bookly Pro, que proporciona a los usuarios una interfaz f\u00e1cil de usar y una pasarela de pago segura y confiable. Con Mollie, puede aceptar una amplia gama de m\u00e9todos de pago, incluidas tarjetas de cr\u00e9dito, PayPal y m\u00e1s, lo que es m\u00e1s f\u00e1cil que nunca que sus clientes pagen sus servicios. Este complemento tambi\u00e9n es altamente personalizable, lo que le permite adaptar su proceso de reserva y pago para satisfacer sus necesidades comerciales. Al usar Bookly Mollie, puede mejorar la experiencia de reserva de su cliente, mejorar la eficiencia de su servicio y aumentar el crecimiento de su negocio.<\/p>\n","protected":false},"featured_media":165520,"comment_status":"open","ping_status":"open","template":"","meta":[],"product_brand":[2339],"product_cat":[1207,1426,1206],"product_tag":[1256],"class_list":{"0":"post-118606","1":"product","2":"type-product","3":"status-publish","4":"has-post-thumbnail","6":"product_brand-codecanyon","7":"product_cat-comercio-electronico-plugins","8":"product_cat-pago-comercio-electronico-plugins","9":"product_cat-plugins","10":"product_tag-codecanyon","11":"member-discount","12":"discount-restricted","14":"first","15":"instock","16":"sale","17":"downloadable","18":"virtual","19":"sold-individually","20":"purchasable","21":"product-type-simple"},"_links":{"self":[{"href":"https:\/\/gpl-love.com\/es\/wp-json\/wp\/v2\/product\/118606","targetHints":{"allow":["GET"]}}],"collection":[{"href":"https:\/\/gpl-love.com\/es\/wp-json\/wp\/v2\/product"}],"about":[{"href":"https:\/\/gpl-love.com\/es\/wp-json\/wp\/v2\/types\/product"}],"replies":[{"embeddable":true,"href":"https:\/\/gpl-love.com\/es\/wp-json\/wp\/v2\/comments?post=118606"}],"wp:featuredmedia":[{"embeddable":true,"href":"https:\/\/gpl-love.com\/es\/wp-json\/wp\/v2\/media\/165520"}],"wp:attachment":[{"href":"https:\/\/gpl-love.com\/es\/wp-json\/wp\/v2\/media?parent=118606"}],"wp:term":[{"taxonomy":"product_brand","embeddable":true,"href":"https:\/\/gpl-love.com\/es\/wp-json\/wp\/v2\/product_brand?post=118606"},{"taxonomy":"product_cat","embeddable":true,"href":"https:\/\/gpl-love.com\/es\/wp-json\/wp\/v2\/product_cat?post=118606"},{"taxonomy":"product_tag","embeddable":true,"href":"https:\/\/gpl-love.com\/es\/wp-json\/wp\/v2\/product_tag?post=118606"}],"curies":[{"name":"wp","href":"https:\/\/api.w.org\/{rel}","templated":true}]}}