{"id":118605,"date":"2022-01-24T00:00:00","date_gmt":"2022-01-24T05:00:00","guid":{"rendered":"https:\/\/gpl-love.com\/es\/?post_type=product&#038;p=118605"},"modified":"2026-03-09T07:21:29","modified_gmt":"2026-03-09T12:21:29","slug":"bookly-payson","status":"publish","type":"product","link":"https:\/\/gpl-love.com\/es\/producto\/bookly-payson\/","title":{"rendered":"Bookly Payson 2.8"},"content":{"rendered":"<h3>Bookly Payson Caracteristicas<\/h3>\n<p>Bookly Payson es una soluci\u00f3n de software de contabilidad de vanguardia y con visi\u00f3n Este notable software abarca una amplia gama de caracter\u00edsticas impresionantes, que incluyen, entre otros, la facturaci\u00f3n automatizada, el seguimiento de gastos meticuloso y las funcionalidades integrales de informes financieros. Al aprovechar el poder de Bookly Payson, los usuarios est\u00e1n facultados con la capacidad de monitorear y supervisar su clasificaci\u00f3n financiera en tiempo real, facilitando posteriormente un enfoque m\u00e1s racionalizado y simplificado para gestionar las operaciones comerciales cr\u00edticas, facilitando la decisi\u00f3n financiera informada y calculada. Hacer procesos, as\u00ed como prepararse diligentemente para la temporada de impuestos a menudo graves. Adem\u00e1s, vale la pena se\u00f1alar que esta soluci\u00f3n de software excepcional ha sido dise\u00f1ada meticulosamente para proporcionar una experiencia intuitiva y f\u00e1cil de usar, lo que garantiza una configuraci\u00f3n y utilizaci\u00f3n sin problemas para los due\u00f1os de negocios. En \u00faltima instancia, Bookly Payson emerge como una soluci\u00f3n de contabilidad integral e integral que mejora y eleva con \u00e9xito los \u00e1mbitos de la gesti\u00f3n financiera y la transparencia para las peque\u00f1as empresas de una manera incomparable e incomparable.<\/p>\n<ul>\n<li>Soluci\u00f3n de pago eficiente y f\u00e1cil de usar para servicios de contabilidad<\/li>\n<li>Procesamiento de pagos simplificado para clientes<\/li>\n<li>Procesamiento de pago seguro con cumplimiento de PCI DSS<\/li>\n<li>Integraci\u00f3n con las principales pasarelas de pago como PayPal y Stripe<\/li>\n<li>Caracter\u00edsticas avanzadas como pagos recurrentes y formularios de pago personalizables<\/li>\n<li>Factura automatizada y generaci\u00f3n de recibos para f\u00e1cil mantenimiento de registros<\/li>\n<li>Seguimiento de pagos en tiempo real e informes para una f\u00e1cil gesti\u00f3n financiera<\/li>\n<li>Atenci\u00f3n al cliente personalizada y asistencia con la configuraci\u00f3n y la personalizaci\u00f3n<\/li>\n<li>Planes de precios asequibles para empresas de todos los tama\u00f1os<\/li>\n<li>Compatible con las otras soluciones de contabilidad de Bookly para la gesti\u00f3n financiera de servicio completo.<\/li>\n<\/ul>\n","protected":false},"excerpt":{"rendered":"<p>Bookly Payson es una soluci\u00f3n confiable, f\u00e1cil de usar y vers\u00e1til para administrar todas sus necesidades de pago. Es una herramienta innovadora que simplifica las transacciones al integrarse perfectamente con sus operaciones comerciales. Bookly Payson ofrece una variedad de caracter\u00edsticas como procesamiento de pago seguro, seguimiento en tiempo real y configuraci\u00f3n simple. Est\u00e1 dise\u00f1ado no solo para optimizar sus transacciones comerciales, sino tambi\u00e9n para mejorar la experiencia de pago de su cliente. La pasarela de pago confiable garantiza transacciones seguras, lo que brinda tranquilidad a sus clientes al realizar transacciones con usted. Con Bookly Payson, obtiene un seguimiento en tiempo real que le permite monitorear los pagos a medida que ocurren, asegurando la transparencia y la responsabilidad. La configuraci\u00f3n simple de este sistema significa que puede integrarlo f\u00e1cilmente en su negocio sin ning\u00fan obst\u00e1culo t\u00e9cnico. Elija Bookly Payson hoy para una soluci\u00f3n de pago suave, segura y eficiente.<\/p>\n","protected":false},"featured_media":165524,"comment_status":"open","ping_status":"open","template":"","meta":[],"product_brand":[2339],"product_cat":[1207,1426,1206],"product_tag":[1256],"class_list":{"0":"post-118605","1":"product","2":"type-product","3":"status-publish","4":"has-post-thumbnail","6":"product_brand-codecanyon","7":"product_cat-comercio-electronico-plugins","8":"product_cat-pago-comercio-electronico-plugins","9":"product_cat-plugins","10":"product_tag-codecanyon","11":"member-discount","12":"discount-restricted","14":"first","15":"instock","16":"sale","17":"downloadable","18":"virtual","19":"sold-individually","20":"purchasable","21":"product-type-simple"},"_links":{"self":[{"href":"https:\/\/gpl-love.com\/es\/wp-json\/wp\/v2\/product\/118605","targetHints":{"allow":["GET"]}}],"collection":[{"href":"https:\/\/gpl-love.com\/es\/wp-json\/wp\/v2\/product"}],"about":[{"href":"https:\/\/gpl-love.com\/es\/wp-json\/wp\/v2\/types\/product"}],"replies":[{"embeddable":true,"href":"https:\/\/gpl-love.com\/es\/wp-json\/wp\/v2\/comments?post=118605"}],"wp:featuredmedia":[{"embeddable":true,"href":"https:\/\/gpl-love.com\/es\/wp-json\/wp\/v2\/media\/165524"}],"wp:attachment":[{"href":"https:\/\/gpl-love.com\/es\/wp-json\/wp\/v2\/media?parent=118605"}],"wp:term":[{"taxonomy":"product_brand","embeddable":true,"href":"https:\/\/gpl-love.com\/es\/wp-json\/wp\/v2\/product_brand?post=118605"},{"taxonomy":"product_cat","embeddable":true,"href":"https:\/\/gpl-love.com\/es\/wp-json\/wp\/v2\/product_cat?post=118605"},{"taxonomy":"product_tag","embeddable":true,"href":"https:\/\/gpl-love.com\/es\/wp-json\/wp\/v2\/product_tag?post=118605"}],"curies":[{"name":"wp","href":"https:\/\/api.w.org\/{rel}","templated":true}]}}