{"id":118603,"date":"2025-04-11T00:00:00","date_gmt":"2025-04-11T05:00:00","guid":{"rendered":"https:\/\/gpl-love.com\/es\/?post_type=product&#038;p=118603"},"modified":"2026-03-09T07:36:54","modified_gmt":"2026-03-09T12:36:54","slug":"gamipress-easy-digital-downloads-discounts","status":"publish","type":"product","link":"https:\/\/gpl-love.com\/es\/producto\/gamipress-easy-digital-downloads-discounts\/","title":{"rendered":"GamiPress Easy Digital Downloads Discounts 1.1.0"},"content":{"rendered":"<h3>GamiPress Easy Digital Downloads Discounts Caracteristicas<\/h3>\n<p>Gamipress Easy Digital Downloads Descuentos es un complemento altamente innovador y de vanguardia que se ha desarrollado intrincadamente y meticulosamente para satisfacer las necesidades de los usuarios que desean optimizar y optimizar sus descuentos de descargas digitales. Este complemento fenomenal cuenta con una interfaz incre\u00edblemente f\u00e1cil de usar e intuitiva que permite a los usuarios, independientemente de su competencia de codificaci\u00f3n, establecer y personalizar sin esfuerzo sus descuentos. Es importante destacar que este complemento se ha integrado perfectamente con la plataforma de descargas digitales f\u00e1ciles, lo que empodera a los usuarios con la capacidad incomparable para fabricar y administrar descuentos sin esfuerzo para sus productos digitales. Como si esto ya no fuera lo suficientemente impresionante, los descuentos de descargas digitales de Gamipress f\u00e1ciles tambi\u00e9n les presenta a los usuarios una amplia e integral variedad de opciones de personalizaci\u00f3n, lo que les permite configurar astutamente descuentos basados \u200b\u200ben una gran cantidad de criterios, incluidas, entre otras, categor\u00eda de productos o categor\u00eda de productos o categor\u00eda de productos o rol del usuario. Al aprovechar el notable poder y eficacia de este complemento, los usuarios pueden catalizar efectivamente sus ventas, generar lealtad al cliente y, en \u00faltima instancia, aumentar sus ingresos generales al ofrecer descuentos meticulosamente adaptados, efectivos y espec\u00edficos.<\/p>\n<ul>\n<li>Proporciona una gesti\u00f3n de descuento f\u00e1cil para descargas digitales en Gamipress<\/li>\n<li>Permite que se apliquen descuentos en funci\u00f3n de los roles y logros de los usuarios<\/li>\n<li>Ofrece una interfaz f\u00e1cil de usar para configurar y administrar descuentos<\/li>\n<li>Se integra completamente con Gamipress, asegurando una operaci\u00f3n perfecta con su sistema de gamificaci\u00f3n<\/li>\n<li>Admite una variedad de tipos de descuento, que incluyen descuentos por porcentaje y precios fijos<\/li>\n<li>Se puede usar junto con otros complementos de Gamipress para opciones de personalizaci\u00f3n a\u00fan mayores<\/li>\n<li>No requiere conocimiento de codificaci\u00f3n, lo que lo hace accesible para los usuarios de todos los niveles de habilidad<\/li>\n<li>Regularmente actualizado y compatible con el equipo de Gamipress para garantizar un rendimiento y compatibilidad \u00f3ptimos con las \u00faltimas versiones de WordPress y descargas digitales f\u00e1ciles.<\/li>\n<\/ul>\n","protected":false},"excerpt":{"rendered":"<p>El complemento de descuentos de descargas digitales de Gamipress Easy, una herramienta muy robusta elaborada para mejorar la generaci\u00f3n de ingresos y la satisfacci\u00f3n del consumidor de comerciantes en l\u00ednea, abarca una amplia gama de alternativas de descuento para los clientes que adquieren mercanc\u00edas de su emporio virtual, que abarca las deducciones de la cantidad fija o las deducciones fijas, basadas en porcentaje, Reducciones espec\u00edficas del tiempo y descuentos condicionales dependiendo de las cr\u00f3nicas de compra o clasificaciones de usuario. Incorporando sin problemas con la plataforma EDD, el proceso de instalaci\u00f3n y administraci\u00f3n de descuentos se ha simplificado en un grado sin precedentes. Empod\u00e9rate con cifras de ventas amplificadas y fomenta la satisfacci\u00f3n entre su clientela capitalizando el complemento de descuentos de descargas digitales de Gamipress Easy.<\/p>\n","protected":false},"featured_media":166180,"comment_status":"open","ping_status":"open","template":"","meta":[],"product_brand":[2461],"product_cat":[1207,1248,1206],"product_tag":[2196],"class_list":{"0":"post-118603","1":"product","2":"type-product","3":"status-publish","4":"has-post-thumbnail","6":"product_brand-gami-press","7":"product_cat-comercio-electronico-plugins","8":"product_cat-personalizacion-comercio-electronico-plugins","9":"product_cat-plugins","10":"product_tag-gami-press","11":"member-discount","12":"discount-restricted","14":"first","15":"instock","16":"sale","17":"downloadable","18":"virtual","19":"sold-individually","20":"purchasable","21":"product-type-simple"},"_links":{"self":[{"href":"https:\/\/gpl-love.com\/es\/wp-json\/wp\/v2\/product\/118603","targetHints":{"allow":["GET"]}}],"collection":[{"href":"https:\/\/gpl-love.com\/es\/wp-json\/wp\/v2\/product"}],"about":[{"href":"https:\/\/gpl-love.com\/es\/wp-json\/wp\/v2\/types\/product"}],"replies":[{"embeddable":true,"href":"https:\/\/gpl-love.com\/es\/wp-json\/wp\/v2\/comments?post=118603"}],"wp:featuredmedia":[{"embeddable":true,"href":"https:\/\/gpl-love.com\/es\/wp-json\/wp\/v2\/media\/166180"}],"wp:attachment":[{"href":"https:\/\/gpl-love.com\/es\/wp-json\/wp\/v2\/media?parent=118603"}],"wp:term":[{"taxonomy":"product_brand","embeddable":true,"href":"https:\/\/gpl-love.com\/es\/wp-json\/wp\/v2\/product_brand?post=118603"},{"taxonomy":"product_cat","embeddable":true,"href":"https:\/\/gpl-love.com\/es\/wp-json\/wp\/v2\/product_cat?post=118603"},{"taxonomy":"product_tag","embeddable":true,"href":"https:\/\/gpl-love.com\/es\/wp-json\/wp\/v2\/product_tag?post=118603"}],"curies":[{"name":"wp","href":"https:\/\/api.w.org\/{rel}","templated":true}]}}