{"id":118601,"date":"2024-08-20T00:00:00","date_gmt":"2024-08-20T05:00:00","guid":{"rendered":"https:\/\/gpl-love.com\/es\/?post_type=product&#038;p=118601"},"modified":"2026-04-10T11:16:29","modified_gmt":"2026-04-10T16:16:29","slug":"meta-box-columns","status":"publish","type":"product","link":"https:\/\/gpl-love.com\/es\/producto\/meta-box-columns\/","title":{"rendered":"Meta Box Columns 1.2.16"},"content":{"rendered":"<h3>Meta Box Columns Caracteristicas<\/h3>\n<p>Meta Box Columns es un complemento excepcionalmente robusto y vers\u00e1til que le otorga la capacidad de generar y personalizar columnas personalizadas para su estimado sitio web de WordPress. Este complemento fenomenal le otorga la capacidad de exhibir datos hechos a medida en un formato meticulosamente dispuesto y sin esfuerzo. Ya sea que su objetivo sea mostrar competencia, los campos personalizados, las taxonom\u00edas o los tipos de publicaci\u00f3n, las columnas Meta Box es una soluci\u00f3n ejemplar que superar\u00e1 sus expectativas. Este complemento extraordinario no solo proporciona una amplia gama de opciones de personalizaci\u00f3n para el dise\u00f1o y la est\u00e9tica de sus columnas, sino que tambi\u00e9n cuenta con una variedad de caracter\u00edsticas notables, como filtrar y clasificar, lo que hace una herramienta indispensable para cualquier propietario de sitios web exigente o desarrollador conocedor. Si se encuentra en busca de un medio efectivo para mostrar elocuentemente sus valiosos datos de una manera m\u00e1s met\u00f3dica y conveniente, entonces no busque m\u00e1s que la soluci\u00f3n notable que son columnas meta de caja.<\/p>\n<ul>\n<li>Un complemento dise\u00f1ado para mejorar la funcionalidad de las metaboxas de WordPress<\/li>\n<li>Permite la creaci\u00f3n de dise\u00f1os de columna personalizados para metaboxes<\/li>\n<li>Proporciona una interfaz de arrastrar y soltar para dise\u00f1ar estos dise\u00f1os personalizados<\/li>\n<li>Admite anchos de columna fijos y receptivos<\/li>\n<li>Permite la adici\u00f3n de clases CSS personalizadas a columnas individuales o dise\u00f1os completos<\/li>\n<li>Compatible con todos los tipos est\u00e1ndar de metabox de WordPress, incluidos editores de publicaciones y p\u00e1ginas, tipos de publicaciones personalizadas y m\u00e1s<\/li>\n<li>Se puede usar tanto para metaboxes front-end como de fondo<\/li>\n<li>Ahorra tiempo y reduce la frustraci\u00f3n al racionalizar el proceso de dise\u00f1o de metabox<\/li>\n<li>Altamente personalizable para satisfacer las necesidades de cualquier sitio o proyecto de WordPress<\/li>\n<li>Actualizado y compatible continuamente para garantizar la compatibilidad con las \u00faltimas versiones de WordPress<\/li>\n<\/ul>\n","protected":false},"excerpt":{"rendered":"<p>Las columnas de Meta Box, un complemento de WordPress altamente robusto, ofrece a los usuarios la notable capacidad de generar columnas personalizadas para sus publicaciones, p\u00e1ginas y tipos de publicaciones personalizadas adicionales. Al utilizar este complemento excepcional, las personas pueden mostrar cualquier meta de datos vinculado a su contenido en un dise\u00f1o f\u00e1cil de usar y comprensible, facilitando as\u00ed la perfecta navegaci\u00f3n de sus visitantes hacia su informaci\u00f3n deseada. Si el objetivo de uno implica la creaci\u00f3n de columnas personalizadas relacionadas con fechas, nombres de los autores, campos personalizados o cualquier otro elemento concebible, las columnas Meta Box incre\u00edblemente vers\u00e1tiles est\u00e1n totalmente equipadas para cumplir con estos diversos requisitos. Por lo tanto, \u00bfpor qu\u00e9 retrasar m\u00e1s? \u00a1Abrace las innumerables posibilidades de las columnas meta de caja adquirirla hoy y elevar la calidad de su contenido a alturas sin precedentes!<\/p>\n","protected":false},"featured_media":166769,"comment_status":"open","ping_status":"open","template":"","meta":[],"product_brand":[2497],"product_cat":[1214,1206,1211],"product_tag":[2216],"class_list":{"0":"post-118601","1":"product","2":"type-product","3":"status-publish","4":"has-post-thumbnail","6":"product_brand-meta-box","7":"product_cat-personalizacion","8":"product_cat-plugins","9":"product_cat-wordpress-plugins","10":"product_tag-meta-box","11":"member-discount","12":"discount-restricted","14":"first","15":"instock","16":"sale","17":"downloadable","18":"virtual","19":"sold-individually","20":"purchasable","21":"product-type-simple"},"_links":{"self":[{"href":"https:\/\/gpl-love.com\/es\/wp-json\/wp\/v2\/product\/118601","targetHints":{"allow":["GET"]}}],"collection":[{"href":"https:\/\/gpl-love.com\/es\/wp-json\/wp\/v2\/product"}],"about":[{"href":"https:\/\/gpl-love.com\/es\/wp-json\/wp\/v2\/types\/product"}],"replies":[{"embeddable":true,"href":"https:\/\/gpl-love.com\/es\/wp-json\/wp\/v2\/comments?post=118601"}],"wp:featuredmedia":[{"embeddable":true,"href":"https:\/\/gpl-love.com\/es\/wp-json\/wp\/v2\/media\/166769"}],"wp:attachment":[{"href":"https:\/\/gpl-love.com\/es\/wp-json\/wp\/v2\/media?parent=118601"}],"wp:term":[{"taxonomy":"product_brand","embeddable":true,"href":"https:\/\/gpl-love.com\/es\/wp-json\/wp\/v2\/product_brand?post=118601"},{"taxonomy":"product_cat","embeddable":true,"href":"https:\/\/gpl-love.com\/es\/wp-json\/wp\/v2\/product_cat?post=118601"},{"taxonomy":"product_tag","embeddable":true,"href":"https:\/\/gpl-love.com\/es\/wp-json\/wp\/v2\/product_tag?post=118601"}],"curies":[{"name":"wp","href":"https:\/\/api.w.org\/{rel}","templated":true}]}}