{"id":118599,"date":"2023-02-22T00:00:00","date_gmt":"2023-02-22T05:00:00","guid":{"rendered":"https:\/\/gpl-love.com\/es\/?post_type=product&#038;p=118599"},"modified":"2026-03-09T07:17:49","modified_gmt":"2026-03-09T12:17:49","slug":"amp-comments","status":"publish","type":"product","link":"https:\/\/gpl-love.com\/es\/producto\/amp-comments\/","title":{"rendered":"AMP Comments 2.7.15"},"content":{"rendered":"<h3>AMP Comments Caracteristicas<\/h3>\n<p>La herramienta de comentarios de AMP sirve como un medio altamente efectivo para que los propietarios de sitios web se involucren activamente con su audiencia, otorg\u00e1ndoles la oportunidad de compartir sus pensamientos y opiniones sobre el contenido del sitio web de una manera que es r\u00e1pida y sin esfuerzo. Al utilizar esta herramienta, los propietarios de sitios web pueden incorporar a la perfecci\u00f3n un sistema de comentarios en sus p\u00e1ginas de AMP, todo mientras se asegura que la velocidad de carga de su sitio web no se vea afectada. Hecho en mente con un enfoque centrado en el usuario, los comentarios de AMP cuenta con una interfaz que no solo es intuitiva, sino tambi\u00e9n totalmente personalizable, facilitando as\u00ed la facilidad de moderaci\u00f3n de comentarios y la gesti\u00f3n de la interacci\u00f3n de la audiencia para los propietarios de sitios web. Al utilizar esta herramienta, los propietarios de sitios web tienen una mayor autoridad sobre el contenido de su sitio web, adem\u00e1s de la creaci\u00f3n de una plataforma que fomenta una comunidad devota centrada en su marca. En esencia, los comentarios de AMP representan la soluci\u00f3n ideal para los propietarios de sitios web que buscan fortalecer sus niveles de compromiso y cultivar una experiencia interactiva para su audiencia.<\/p>\n<ul>\n<li>Aumento de la participaci\u00f3n: alienta a los usuarios a dejar comentarios, lo que lleva a m\u00e1s compromiso e interacci\u00f3n en su sitio web o blog.<\/li>\n<li>Opciones de personalizaci\u00f3n: le permite personalizar la apariencia de la secci\u00f3n de comentarios para que coincida con la marca y el estilo de su sitio web.<\/li>\n<li>Actualizaciones en tiempo real: los comentarios aparecen instant\u00e1neamente, lo que lleva a una experiencia de usuario m\u00e1s din\u00e1mica y atractiva.<\/li>\n<li>Protecci\u00f3n de spam: incluye protecci\u00f3n de spam incorporada para evitar comentarios no deseados y mantener la calidad de las discusiones en su sitio web.<\/li>\n<li>Interfaz f\u00e1cil de usar: la interfaz intuitiva y f\u00e1cil de usar permite a los usuarios dejar comentarios de forma r\u00e1pida y f\u00e1cil e interactuar con otros.<\/li>\n<li>Se integra con AMP: dise\u00f1ado espec\u00edficamente para p\u00e1ginas de AMP para garantizar una integraci\u00f3n perfecta y una experiencia de usuario m\u00e1s r\u00e1pida.<\/li>\n<li>SEO mejorado: el contenido generado por el usuario, como los comentarios, puede mejorar su SEO agregando contenido m\u00e1s relevante a sus p\u00e1ginas.<\/li>\n<li>Herramientas de moderaci\u00f3n: las herramientas de moderaci\u00f3n incorporadas le permiten administrar comentarios y garantizar que las discusiones sigan siendo respetuosas y apropiadas.<\/li>\n<\/ul>\n","protected":false},"excerpt":{"rendered":"<p>Los comentarios de AMP es un complemento innovador que maximiza el potencial de su sitio web. Ofrece una plataforma perfecta y f\u00e1cil de usar para que los visitantes participen, interact\u00faen y compartan sus pensamientos e ideas. Con su tecnolog\u00eda de primer nivel, amplifica la funcionalidad de su sitio web al habilitar los comentarios listos para AMP. Esta caracter\u00edstica permite una carga r\u00e1pida, asegurando que sus visitantes no se queden esperando. No solo aumenta la participaci\u00f3n del usuario, sino que tambi\u00e9n aumenta el valor de su sitio web en el panorama comercial digital de hoy. Con los comentarios de AMP, puede garantizar una interacci\u00f3n suave y din\u00e1mica con su audiencia, fomentando una mejor conexi\u00f3n y mejorando la satisfacci\u00f3n del cliente.<\/p>\n","protected":false},"featured_media":165360,"comment_status":"open","ping_status":"open","template":"","meta":[],"product_brand":[2351],"product_cat":[1214,1206,1211],"product_tag":[2229],"class_list":{"0":"post-118599","1":"product","2":"type-product","3":"status-publish","4":"has-post-thumbnail","6":"product_brand-amp-wp","7":"product_cat-personalizacion","8":"product_cat-plugins","9":"product_cat-wordpress-plugins","10":"product_tag-amp-wp","11":"member-discount","12":"discount-restricted","14":"first","15":"instock","16":"sale","17":"downloadable","18":"virtual","19":"sold-individually","20":"purchasable","21":"product-type-simple"},"_links":{"self":[{"href":"https:\/\/gpl-love.com\/es\/wp-json\/wp\/v2\/product\/118599","targetHints":{"allow":["GET"]}}],"collection":[{"href":"https:\/\/gpl-love.com\/es\/wp-json\/wp\/v2\/product"}],"about":[{"href":"https:\/\/gpl-love.com\/es\/wp-json\/wp\/v2\/types\/product"}],"replies":[{"embeddable":true,"href":"https:\/\/gpl-love.com\/es\/wp-json\/wp\/v2\/comments?post=118599"}],"wp:featuredmedia":[{"embeddable":true,"href":"https:\/\/gpl-love.com\/es\/wp-json\/wp\/v2\/media\/165360"}],"wp:attachment":[{"href":"https:\/\/gpl-love.com\/es\/wp-json\/wp\/v2\/media?parent=118599"}],"wp:term":[{"taxonomy":"product_brand","embeddable":true,"href":"https:\/\/gpl-love.com\/es\/wp-json\/wp\/v2\/product_brand?post=118599"},{"taxonomy":"product_cat","embeddable":true,"href":"https:\/\/gpl-love.com\/es\/wp-json\/wp\/v2\/product_cat?post=118599"},{"taxonomy":"product_tag","embeddable":true,"href":"https:\/\/gpl-love.com\/es\/wp-json\/wp\/v2\/product_tag?post=118599"}],"curies":[{"name":"wp","href":"https:\/\/api.w.org\/{rel}","templated":true}]}}