{"id":118597,"date":"2025-10-09T00:00:00","date_gmt":"2025-10-09T05:00:00","guid":{"rendered":"https:\/\/gpl-love.com\/es\/?post_type=product&#038;p=118597"},"modified":"2026-04-10T11:16:30","modified_gmt":"2026-04-10T16:16:30","slug":"meta-box-frontend-submission","status":"publish","type":"product","link":"https:\/\/gpl-love.com\/es\/producto\/meta-box-frontend-submission\/","title":{"rendered":"Meta Box Frontend Submission 4.5.5"},"content":{"rendered":"<h3>Meta Box Frontend Submission Caracteristicas<\/h3>\n<p>El env\u00edo de Meta Box Frontend es un complemento de WordPress muy f\u00e1cil de usar e intuitivo que sirve para permitir que los visitantes del sitio web env\u00eden convenientemente y sin problemas su contenido deseado directamente desde la interfaz frontend de un sitio web. Este notable complemento faculta a los usuarios al proporcionarles la capacidad de generar y personalizar sin esfuerzo una amplia gama de formularios personalizados, completos con una amplia gama de opciones de campo, que incluyen, entre otras, textos, casillas e incluso cargas de archivos, lo que posteriormente les permite a Asignar y asignar estos formularios a tipos de publicaci\u00f3n espec\u00edficos. Adem\u00e1s de estas incre\u00edbles caracter\u00edsticas, el complemento tambi\u00e9n cuenta con una gran cantidad de funcionalidades avanzadas, como la l\u00f3gica condicional, las reglas de validaci\u00f3n y los mecanismos integrales de protecci\u00f3n del spam, lo que garantiza que solo el contenido pertinente y v\u00e1lido se env\u00ede al sistema. Adem\u00e1s, el complemento mejora a\u00fan m\u00e1s la experiencia general del usuario al ofrecer procesos de revisi\u00f3n y aprobaci\u00f3n de contenido s\u00f3lidos, asegurando as\u00ed que los administradores conserven el control y la autoridad total sobre el contenido que finalmente se publica en su sitio web. En consecuencia, queda muy claro que Meta Box Box Frontend Sumissing Witsite Websitars con un conjunto de herramientas excepcional e incomparable, empoder\u00e1ndolos para involucrarse activamente con su audiencia y fomentar activamente la capacidad de su audiencia para contribuir y participar en el vibrante proceso de creaci\u00f3n de contenido que tiene lugar en el sitio.<\/p>\n<ul>\n<li>Permite a los usuarios crear y enviar contenido desde el interfaz de su sitio web<\/li>\n<li>Formularios de env\u00edo totalmente personalizables para que coincidan con el dise\u00f1o de su sitio web<\/li>\n<li>Opci\u00f3n para restringir las env\u00edos a usuarios registrados solamente<\/li>\n<li>Capacidad para establecer requisitos de env\u00edo, como cargas de im\u00e1genes o campos requeridos.<\/li>\n<li>Admite m\u00faltiples tipos de contenido que incluyen publicaciones, p\u00e1ginas y tipos de publicaciones personalizadas<\/li>\n<li>Notificaciones enviadas al administrador o al usuario al enviar exitosos<\/li>\n<li>Interfaz de usuario simple e intuitiva para una f\u00e1cil creaci\u00f3n y env\u00edo de contenido<\/li>\n<li>Compatibilidad con constructores de p\u00e1ginas populares y temas de WordPress<\/li>\n<li>Desarrollador amigable con ganchos y filtros para la personalizaci\u00f3n<\/li>\n<li>Actualizaciones y soporte regulares del equipo de complementos.<\/li>\n<\/ul>\n","protected":false},"excerpt":{"rendered":"<p>El env\u00edo de Meta Box Frontend es un complemento notablemente f\u00e1cil de usar e intuitivamente dise\u00f1ado que permite a los usuarios enviar a los usuarios enviar sin esfuerzo su valioso contenido directamente a su estimado sitio web desde el front-end. Este complemento excepcional faculta a sus estimados visitantes para generar y seleccionar publicaciones novedosas sin problemas, cargar elegantemente varios archivos multimedia y, posteriormente, presentarlos para una revisi\u00f3n meticulosa, todo de manera sin problemas directamente desde las formas front-end atractivas y convenientemente accesibles de sus quirecidos. sitio web. Esta ingeniosa soluci\u00f3n es un paradigma absoluto de perfecci\u00f3n para las empresas estimadas y los estimados blogs que desean ardientemente proporcionar a sus atesorados visitantes una v\u00eda inmensamente conveniente y sin problemas para enviar su valioso contenido, todo al tiempo que obvia la necesidad de conferir el acceso a su estimado a su estimado. sitio web. Adem\u00e1s, es notable mencionar que este notable complemento est\u00e1 imbuido de un nivel encomiable de personalizaci\u00f3n y adaptabilidad incomparables, lo que hace que sea absolutamente f\u00e1cil de utilizar e integrar sin esfuerzo en el intrincado marco de su tema ilustre y preexistente de WordPress.<\/p>\n","protected":false},"featured_media":166770,"comment_status":"open","ping_status":"open","template":"","meta":[],"product_brand":[2497],"product_cat":[1214,1206,1211],"product_tag":[2216],"class_list":{"0":"post-118597","1":"product","2":"type-product","3":"status-publish","4":"has-post-thumbnail","6":"product_brand-meta-box","7":"product_cat-personalizacion","8":"product_cat-plugins","9":"product_cat-wordpress-plugins","10":"product_tag-meta-box","11":"member-discount","12":"discount-restricted","14":"first","15":"instock","16":"sale","17":"downloadable","18":"virtual","19":"sold-individually","20":"purchasable","21":"product-type-simple"},"_links":{"self":[{"href":"https:\/\/gpl-love.com\/es\/wp-json\/wp\/v2\/product\/118597","targetHints":{"allow":["GET"]}}],"collection":[{"href":"https:\/\/gpl-love.com\/es\/wp-json\/wp\/v2\/product"}],"about":[{"href":"https:\/\/gpl-love.com\/es\/wp-json\/wp\/v2\/types\/product"}],"replies":[{"embeddable":true,"href":"https:\/\/gpl-love.com\/es\/wp-json\/wp\/v2\/comments?post=118597"}],"wp:featuredmedia":[{"embeddable":true,"href":"https:\/\/gpl-love.com\/es\/wp-json\/wp\/v2\/media\/166770"}],"wp:attachment":[{"href":"https:\/\/gpl-love.com\/es\/wp-json\/wp\/v2\/media?parent=118597"}],"wp:term":[{"taxonomy":"product_brand","embeddable":true,"href":"https:\/\/gpl-love.com\/es\/wp-json\/wp\/v2\/product_brand?post=118597"},{"taxonomy":"product_cat","embeddable":true,"href":"https:\/\/gpl-love.com\/es\/wp-json\/wp\/v2\/product_cat?post=118597"},{"taxonomy":"product_tag","embeddable":true,"href":"https:\/\/gpl-love.com\/es\/wp-json\/wp\/v2\/product_tag?post=118597"}],"curies":[{"name":"wp","href":"https:\/\/api.w.org\/{rel}","templated":true}]}}