{"id":118595,"date":"2026-04-08T00:00:00","date_gmt":"2026-04-08T05:00:00","guid":{"rendered":"https:\/\/gpl-love.com\/es\/?post_type=product&#038;p=118595"},"modified":"2026-04-10T11:16:28","modified_gmt":"2026-04-10T16:16:28","slug":"meta-box-builder","status":"publish","type":"product","link":"https:\/\/gpl-love.com\/es\/producto\/meta-box-builder\/","title":{"rendered":"Meta Box Builder 5.2.3"},"content":{"rendered":"<h3>Meta Box Builder Caracteristicas<\/h3>\n<p>Meta Box Builder es una herramienta innovadora e innovadora, dise\u00f1ada espec\u00edficamente para desarrolladores web, que ofrece una soluci\u00f3n perfecta y sin esfuerzo para la creaci\u00f3n de meta cajas personalizadas. Atr\u00e1s quedaron los d\u00edas de tener que escribir laboriosamente l\u00edneas sobre l\u00edneas de c\u00f3digo, ya que esta herramienta capacita a los usuarios con su interfaz intuitiva y f\u00e1cil de usar de arrastre. Con la mayor facilidad, los desarrolladores pueden moda sin esfuerzo campos personalizados, incorporarlos sin problemas en sus publicaciones o p\u00e1ginas, y personalizar a\u00fan m\u00e1s su configuraci\u00f3n de visualizaci\u00f3n para cumplir con sus especificaciones exactas. Adem\u00e1s, la naturaleza vers\u00e1til de este complemento permite la compatibilidad con todos los temas l\u00edderes de WordPress, lo que otorga a los desarrolladores la capacidad de fabricar un n\u00famero infinito de estas meta cajas personalizadas para los sitios web de sus clientes. El fruto de la mano de obra es una meta caja totalmente funcional y adaptable, meticulosamente elaborada por Meta Box Builder, que reduce significativamente el tiempo y la energ\u00eda gastado por los desarrolladores, al tiempo que mejora la experiencia general del usuario para los visitantes del sitio web. Independientemente de si uno es un ne\u00f3fito o un experto experimentado en el campo, la naturaleza indispensable de Meta Box Builder no puede ser exagerada, ya que es una herramienta indispensable que impulsa la creaci\u00f3n de sitios web profesionales y m\u00e1s destacados a alturas incomparables.<\/p>\n<ul>\n<li>Cree f\u00e1cilmente meta cuadros personalizados para sitios web de WordPress<\/li>\n<li>Interfaz intuitiva de arrastrar y soltar<\/li>\n<li>No se requieren habilidades de codificaci\u00f3n o desarrollo<\/li>\n<li>Admite varios tipos de campo que incluyen texto, im\u00e1genes y casillas de verificaci\u00f3n<\/li>\n<li>Opci\u00f3n para establecer meta cuadros para tipos de publicaciones espec\u00edficos, p\u00e1ginas o plantillas<\/li>\n<li>Proporciona flexibilidad para organizar el orden de los campos dentro de la meta caja<\/li>\n<li>Capacidad para agregar clases y estilos CSS personalizados a meta cajas<\/li>\n<li>Compatible con los principales complementos y temas de WordPress<\/li>\n<li>Actualizado con frecuencia para compatibilidad con las \u00faltimas versiones de WordPress<\/li>\n<li>Documentaci\u00f3n integral y gu\u00edas de usuario para una f\u00e1cil configuraci\u00f3n y uso<\/li>\n<\/ul>\n","protected":false},"excerpt":{"rendered":"<p>Meta Box Builder es una herramienta excepcional y de vanguardia que ha sido meticulosamente elaborada para facilitar a los desarrolladores web a generar sin esfuerzo meta cajas a medida. Aprovechando su interfaz de arrastrar y soltar altamente f\u00e1cil de usar, los desarrolladores pueden incorporar a la perfecci\u00f3n campos personalizados en sus sitios web de WordPress sin el requisito de cualquier destreza de codificaci\u00f3n. Adem\u00e1s de su funcionalidad encomiable, esta notable herramienta cuenta con una variedad diversa de tipos de campo, que abarca, pero no se limita a texto, imagen, video y una variedad de otras opciones. Adem\u00e1s, Meta Box Builder extiende una extensa paleta de opciones de personalizaci\u00f3n, lo que permite a los desarrolladores a concebir meta cajas distintivas y personalizadas que armonizan a la perfecci\u00f3n con sus requisitos idiosincr\u00e1ticos. En resumen, indiscutible, Meta Box Builder se destaca como un activo indispensable para cualquier desarrollador de WordPress que anhele optimizar su eficiencia de flujo de trabajo y amplificar su productividad general.<\/p>\n","protected":false},"featured_media":166768,"comment_status":"open","ping_status":"open","template":"","meta":[],"product_brand":[2497],"product_cat":[1214,1206,1211],"product_tag":[2216],"class_list":{"0":"post-118595","1":"product","2":"type-product","3":"status-publish","4":"has-post-thumbnail","6":"product_brand-meta-box","7":"product_cat-personalizacion","8":"product_cat-plugins","9":"product_cat-wordpress-plugins","10":"product_tag-meta-box","11":"member-discount","12":"discount-restricted","14":"first","15":"instock","16":"sale","17":"downloadable","18":"virtual","19":"sold-individually","20":"purchasable","21":"product-type-simple"},"_links":{"self":[{"href":"https:\/\/gpl-love.com\/es\/wp-json\/wp\/v2\/product\/118595","targetHints":{"allow":["GET"]}}],"collection":[{"href":"https:\/\/gpl-love.com\/es\/wp-json\/wp\/v2\/product"}],"about":[{"href":"https:\/\/gpl-love.com\/es\/wp-json\/wp\/v2\/types\/product"}],"replies":[{"embeddable":true,"href":"https:\/\/gpl-love.com\/es\/wp-json\/wp\/v2\/comments?post=118595"}],"wp:featuredmedia":[{"embeddable":true,"href":"https:\/\/gpl-love.com\/es\/wp-json\/wp\/v2\/media\/166768"}],"wp:attachment":[{"href":"https:\/\/gpl-love.com\/es\/wp-json\/wp\/v2\/media?parent=118595"}],"wp:term":[{"taxonomy":"product_brand","embeddable":true,"href":"https:\/\/gpl-love.com\/es\/wp-json\/wp\/v2\/product_brand?post=118595"},{"taxonomy":"product_cat","embeddable":true,"href":"https:\/\/gpl-love.com\/es\/wp-json\/wp\/v2\/product_cat?post=118595"},{"taxonomy":"product_tag","embeddable":true,"href":"https:\/\/gpl-love.com\/es\/wp-json\/wp\/v2\/product_tag?post=118595"}],"curies":[{"name":"wp","href":"https:\/\/api.w.org\/{rel}","templated":true}]}}