{"id":118593,"date":"2025-09-19T00:00:00","date_gmt":"2025-09-19T05:00:00","guid":{"rendered":"https:\/\/gpl-love.com\/es\/?post_type=product&#038;p=118593"},"modified":"2026-04-10T11:16:32","modified_gmt":"2026-04-10T16:16:32","slug":"meta-box-tabs","status":"publish","type":"product","link":"https:\/\/gpl-love.com\/es\/producto\/meta-box-tabs\/","title":{"rendered":"Meta Box Tabs 1.2.1"},"content":{"rendered":"<h3>Meta Box Tabs Caracteristicas<\/h3>\n<p>Las pesta\u00f1as Meta Box es un complemento muy potente y flexible dise\u00f1ado espec\u00edficamente para WordPress, que le otorga la capacidad de generar pesta\u00f1as personalizadas sin esfuerzo para sus meta cajas. Al implementar este complemento, puede clasificar de manera eficiente sus campos de meta boxes en pesta\u00f1as, facilitando en \u00faltima instancia una conveniente navegaci\u00f3n y uso para sus usuarios con respecto a sus meta cuadros personalizados. El complemento de pesta\u00f1as Meta Box se ha desarrollado intrincadamente para integrarse perfectamente con el complemento Meta Box extremadamente popular, lo que le permite agregar pesta\u00f1as sin esfuerzo a sus meta cajas preexistentes. Independientemente de si est\u00e1 absorto en la creaci\u00f3n de tipos de publicaciones personalizados, campos personalizados o taxonom\u00edas personalizadas, la notable funcionalidad de las pesta\u00f1as meta box facilita significativamente la organizaci\u00f3n de contenido y optimiza sustancialmente su flujo de trabajo. Mejora de su eficacia a\u00fan m\u00e1s, las pesta\u00f1as Meta Box est\u00e1n equipadas con una extensa gama de opciones de personalizaci\u00f3n y exuda una gran cantidad de caracter\u00edsticas potentes, lo que hace que la \u00faltima soluci\u00f3n para satisfacer las necesidades distintivas de cualquier sitio de WordPress, particularmente aquellos que necesitan la incorporaci\u00f3n perfecta de las pesta\u00f1as personalizadas en sus meta cajas.<\/p>\n<ul>\n<li>Mejora la funcionalidad de su sitio web de WordPress agregando pesta\u00f1as personalizables a sus meta cuadros<\/li>\n<li>Permite a los usuarios navegar y ver f\u00e1cilmente la informaci\u00f3n dentro de los meta cuadros, simplificando su experiencia de usuario<\/li>\n<li>Proporciona una forma simple y eficiente de organizar y clasificar la informaci\u00f3n dentro de los meta cuadros, lo que facilita la b\u00fasqueda de lo que necesita<\/li>\n<li>Altamente personalizable con una variedad de opciones para el estilo, el posicionamiento y el nombre de las pesta\u00f1as para adaptarse al dise\u00f1o y la marca \u00fanicos de su sitio web<\/li>\n<li>Compatible con una amplia gama de complementos y temas de WordPress, por lo que es una adici\u00f3n vers\u00e1til y valiosa al kit de herramientas de su sitio web<\/li>\n<li>F\u00e1cil de configurar y usar, con opciones de configuraci\u00f3n intuitivas y documentaci\u00f3n de claro para guiarlo a trav\u00e9s del proceso<\/li>\n<li>Dise\u00f1ado con el rendimiento en mente, con c\u00f3digo optimizado y un impacto m\u00ednimo en los tiempos de carga de su sitio web y el rendimiento general<\/li>\n<li>Actualizado regularmente con nuevas caracter\u00edsticas y correcciones de errores para garantizar una funcionalidad y compatibilidad \u00f3ptimas en diferentes versiones y configuraciones de WordPress<\/li>\n<\/ul>\n","protected":false},"excerpt":{"rendered":"<p>Las pesta\u00f1as Meta Box es un complemento de WordPress inmensamente potente y formidable que le permite organizar intrincadamente sus meta cajas en pesta\u00f1as visualmente atractivas y sin esfuerzo navegables. En virtud de su interfaz altamente intuitiva y f\u00e1cil de usar, junto con su notable versatilidad y adaptabilidad, esta herramienta excepcional le otorga la notable capacidad de generar y personalizar sin esfuerzo pesta\u00f1as a medida para cada uno de sus distintos tipos de publicaciones, taxonom\u00edas, roles de usuario , y una mir\u00edada de otros componentes pertinentes. A la luz de esto, es incontrovertiblemente evidente que las pesta\u00f1as Meta Box se destacan como un activo invaluable, lo que le permite optimizar su productividad y optimizar su flujo de trabajo a niveles de eficiencia sin precedentes.<\/p>\n","protected":false},"featured_media":166773,"comment_status":"open","ping_status":"open","template":"","meta":[],"product_brand":[2497],"product_cat":[1214,1206,1211],"product_tag":[2216],"class_list":{"0":"post-118593","1":"product","2":"type-product","3":"status-publish","4":"has-post-thumbnail","6":"product_brand-meta-box","7":"product_cat-personalizacion","8":"product_cat-plugins","9":"product_cat-wordpress-plugins","10":"product_tag-meta-box","11":"member-discount","12":"discount-restricted","14":"first","15":"instock","16":"sale","17":"downloadable","18":"virtual","19":"sold-individually","20":"purchasable","21":"product-type-simple"},"_links":{"self":[{"href":"https:\/\/gpl-love.com\/es\/wp-json\/wp\/v2\/product\/118593","targetHints":{"allow":["GET"]}}],"collection":[{"href":"https:\/\/gpl-love.com\/es\/wp-json\/wp\/v2\/product"}],"about":[{"href":"https:\/\/gpl-love.com\/es\/wp-json\/wp\/v2\/types\/product"}],"replies":[{"embeddable":true,"href":"https:\/\/gpl-love.com\/es\/wp-json\/wp\/v2\/comments?post=118593"}],"wp:featuredmedia":[{"embeddable":true,"href":"https:\/\/gpl-love.com\/es\/wp-json\/wp\/v2\/media\/166773"}],"wp:attachment":[{"href":"https:\/\/gpl-love.com\/es\/wp-json\/wp\/v2\/media?parent=118593"}],"wp:term":[{"taxonomy":"product_brand","embeddable":true,"href":"https:\/\/gpl-love.com\/es\/wp-json\/wp\/v2\/product_brand?post=118593"},{"taxonomy":"product_cat","embeddable":true,"href":"https:\/\/gpl-love.com\/es\/wp-json\/wp\/v2\/product_cat?post=118593"},{"taxonomy":"product_tag","embeddable":true,"href":"https:\/\/gpl-love.com\/es\/wp-json\/wp\/v2\/product_tag?post=118593"}],"curies":[{"name":"wp","href":"https:\/\/api.w.org\/{rel}","templated":true}]}}