{"id":118591,"date":"2021-10-26T00:00:00","date_gmt":"2021-10-26T05:00:00","guid":{"rendered":"https:\/\/gpl-love.com\/es\/?post_type=product&#038;p=118591"},"modified":"2026-03-09T08:01:06","modified_gmt":"2026-03-09T13:01:06","slug":"pinterest-para-amp","status":"publish","type":"product","link":"https:\/\/gpl-love.com\/es\/producto\/pinterest-para-amp\/","title":{"rendered":"Pinterest para AMP 1.1.3"},"content":{"rendered":"<h3>Pinterest para AMP Caracteristicas<\/h3>\n<p>Pinterest para AMP es una herramienta incre\u00edblemente robusta y altamente efectiva que ofrece a los propietarios de sitios web la incre\u00edble oportunidad de integrar sin problemas la notable funcionalidad de Pinterest en sus p\u00e1ginas m\u00f3viles aceleradas (AMP). Este producto extraordinario sirve para optimizar todo el proceso de intercambio de contenidos en ambas plataformas, mejorando sustancialmente la participaci\u00f3n del usuario e impulsar un aumento significativo en el tr\u00e1fico a su sitio web. Con Pinterest para AMP a su disposici\u00f3n, tendr\u00e1 la capacidad sin esfuerzo para crear y administrar h\u00e1bilmente pines ricos, al tiempo que les brinda a sus estimados visitantes la incomparable conveniencia de guardar y compartir r\u00e1pidamente su contenido excepcional en sus propios tableros de Pinterest. Est\u00e1 muy claro que este notable producto ha sido dise\u00f1ado meticulosamente con el prop\u00f3sito expreso de empoderar a las empresas de todos los tama\u00f1os para impulsar m\u00e1s efectivamente m\u00e1s conversiones y cultivar un seguimiento verdaderamente dedicado en la plataforma din\u00e1mica que es Pinterest, todo lo que eleva sin esfuerzo el rendimiento general de su P\u00e1ginas de amplificador. Ya sea que sea un blogger muy influyente, un propietario de un sitio de comercio electr\u00f3nico con visi\u00f3n La herramienta imprescindible absoluta que posee el poder inigualable para impulsar su presencia en l\u00ednea a nuevas alturas y desbloquear su verdadero potencial en el \u00e1mbito digital.<\/p>\n<ul>\n<li>Mejora la velocidad de carga de la p\u00e1gina web optimizando el contenido de la imagen de Pinterest<\/li>\n<li>Habilita el intercambio de im\u00e1genes de Pinterest en las p\u00e1ginas de AMP<\/li>\n<li>Compatible con todas las plataformas habilitadas para AMP<\/li>\n<li>F\u00e1cil de instalar y usar<\/li>\n<li>No se requieren habilidades de codificaci\u00f3n para la instalaci\u00f3n<\/li>\n<li>Ayuda a aumentar el tr\u00e1fico de referencia de Pinterest a su sitio web<\/li>\n<li>Mejora la experiencia del usuario al proporcionar contenido de imagen r\u00e1pido y confiable en las p\u00e1ginas de AMP<\/li>\n<li>Aumenta el SEO del sitio web mejorando la velocidad de carga de la p\u00e1gina y la participaci\u00f3n del usuario<\/li>\n<li>Ahorra tiempo y recursos en la personalizaci\u00f3n y optimizaci\u00f3n del contenido de imagen de Pinterest para p\u00e1ginas de AMP<\/li>\n<li>Ayuda a aumentar la participaci\u00f3n del usuario y el alcance de las redes sociales al permitir el intercambio f\u00e1cil de las im\u00e1genes de Pinterest en las p\u00e1ginas de AMP.<\/li>\n<\/ul>\n","protected":false},"excerpt":{"rendered":"<p>Introducci\u00f3n de entrada, una soluci\u00f3n revolucionaria dise\u00f1ada espec\u00edficamente para usuarios de Pinterest que buscan mejorar el rendimiento de su sitio web a trav\u00e9s de la utilizaci\u00f3n de AMP (p\u00e1ginas m\u00f3viles aceleradas). Al aprovechar las capacidades de los aportes, las personas pueden generar sin esfuerzo contenido visualmente cautivador y sensible a los dispositivos m\u00f3viles que est\u00e1 preparado para atraer una nueva afluencia de seguidores, reforzar el tr\u00e1fico del sitio web y fomentar un mayor compromiso. Complementado por una interfaz sin complicaciones y f\u00e1cil de usar, la entrada permite a las personas adaptar sin esfuerzo su contenido, mostrando efectivamente su variedad de productos y servicios de una manera que seguramente cautivar\u00e1 a los usuarios de Pinterest de todos los rincones del mundo. Por lo tanto, si te encuentras en busca de un instrumento potente para facilitar la creaci\u00f3n de contenido de amplificador de primer nivel, tu b\u00fasqueda termina con las capacidades incomparables que ofrecen la entrada.<\/p>\n","protected":false},"featured_media":167220,"comment_status":"open","ping_status":"open","template":"","meta":[],"product_brand":[2351],"product_cat":[1214,1206,1211],"product_tag":[2229],"class_list":{"0":"post-118591","1":"product","2":"type-product","3":"status-publish","4":"has-post-thumbnail","6":"product_brand-amp-wp","7":"product_cat-personalizacion","8":"product_cat-plugins","9":"product_cat-wordpress-plugins","10":"product_tag-amp-wp","11":"member-discount","12":"discount-restricted","14":"first","15":"instock","16":"sale","17":"downloadable","18":"virtual","19":"sold-individually","20":"purchasable","21":"product-type-simple"},"_links":{"self":[{"href":"https:\/\/gpl-love.com\/es\/wp-json\/wp\/v2\/product\/118591","targetHints":{"allow":["GET"]}}],"collection":[{"href":"https:\/\/gpl-love.com\/es\/wp-json\/wp\/v2\/product"}],"about":[{"href":"https:\/\/gpl-love.com\/es\/wp-json\/wp\/v2\/types\/product"}],"replies":[{"embeddable":true,"href":"https:\/\/gpl-love.com\/es\/wp-json\/wp\/v2\/comments?post=118591"}],"wp:featuredmedia":[{"embeddable":true,"href":"https:\/\/gpl-love.com\/es\/wp-json\/wp\/v2\/media\/167220"}],"wp:attachment":[{"href":"https:\/\/gpl-love.com\/es\/wp-json\/wp\/v2\/media?parent=118591"}],"wp:term":[{"taxonomy":"product_brand","embeddable":true,"href":"https:\/\/gpl-love.com\/es\/wp-json\/wp\/v2\/product_brand?post=118591"},{"taxonomy":"product_cat","embeddable":true,"href":"https:\/\/gpl-love.com\/es\/wp-json\/wp\/v2\/product_cat?post=118591"},{"taxonomy":"product_tag","embeddable":true,"href":"https:\/\/gpl-love.com\/es\/wp-json\/wp\/v2\/product_tag?post=118591"}],"curies":[{"name":"wp","href":"https:\/\/api.w.org\/{rel}","templated":true}]}}