{"id":118589,"date":"2021-10-26T00:00:00","date_gmt":"2021-10-26T05:00:00","guid":{"rendered":"https:\/\/gpl-love.com\/es\/?post_type=product&#038;p=118589"},"modified":"2026-03-09T07:34:27","modified_gmt":"2026-03-09T12:34:27","slug":"facetwp-recipes-integration","status":"publish","type":"product","link":"https:\/\/gpl-love.com\/es\/producto\/facetwp-recipes-integration\/","title":{"rendered":"FacetWP Recipes integration 0.4.2"},"content":{"rendered":"<h3>FacetWP Recipes integration Caracteristicas<\/h3>\n<p>La integraci\u00f3n de recetas de FACETWP es una herramienta incre\u00edblemente robusta que se integra perfectamente con su sitio web, otorgando a los usuarios una experiencia de navegaci\u00f3n de recetas incomparable que seguramente cautivar\u00e1 e participar\u00e1. Sus capacidades de filtrado avanzadas permiten a los usuarios buscar sin esfuerzo recetas, perfeccionando criterios espec\u00edficos como ingredientes, cocina, restricciones diet\u00e9ticas y una mir\u00edada de otros factores. Adem\u00e1s, esta integraci\u00f3n facilita la gesti\u00f3n de recetas sin esfuerzo, brindando a los usuarios la capacidad de agregar, editar y organizar recetas en una interfaz notablemente f\u00e1cil de usar. En general, la incorporaci\u00f3n de la integraci\u00f3n de recetas FACETWP ofrece una soluci\u00f3n que abarca los sitios web que buscan elevar su contenido de receta y conectarse significativamente con su audiencia.<\/p>\n<ul>\n<li>Integraci\u00f3n perfecta con facetwp para mostrar resultados de b\u00fasqueda de recetas<\/li>\n<li>Permite a los usuarios buscar recetas basadas en m\u00faltiples criterios, como ingredientes, tiempo de cocci\u00f3n y tipo de plato.<\/li>\n<li>Proporciona una pantalla de recetas clara y f\u00e1cil de usar a los usuarios<\/li>\n<li>Compatible con complementos de recetas populares como el fabricante de recetas de WP y el complemento de recetas<\/li>\n<li>Ahorra tiempo y esfuerzo creando un proceso de b\u00fasqueda de recetas m\u00e1s eficiente<\/li>\n<li>Ayuda a los usuarios a encontrar la receta exacta que buscan de manera r\u00e1pida y f\u00e1cil<\/li>\n<li>Otorga a los propietarios del sitio web la capacidad de organizar y clasificar sus recetas de una manera m\u00e1s efectiva<\/li>\n<li>Puede aumentar el compromiso y la interacci\u00f3n en sitios web basados \u200b\u200ben recetas.<\/li>\n<\/ul>\n","protected":false},"excerpt":{"rendered":"<p>La integraci\u00f3n de las recetas FACETWP ofrece una soluci\u00f3n robusta y efectiva para incorporar a la perfecci\u00f3n sus recetas en su sitio web, mejorando su funcionalidad y experiencia del usuario. Al aprovechar esta integraci\u00f3n, puede mejorar sin esfuerzo la capacidad de descubrimiento y categorizaci\u00f3n de sus recetas a trav\u00e9s de la utilizaci\u00f3n del sistema de filtrado avanzado de FACETWP. Ya sea que sea un \u00e1vido blogger de alimentos, propietario de un sitio web de recetas experimentado o un chef profesional con el objetivo de mostrar sus obras maestras culinarias, esta integraci\u00f3n le permite organizar y presentar sus creaciones gastron\u00f3micas de una manera que es intuitiva y atractiva para los usuarios. No dudes m\u00e1s; \u00a1Aproveche la oportunidad de elevar su juego de recetas adquiriendo la integraci\u00f3n de recetas FACETWP hoy!<\/p>\n","protected":false},"featured_media":166086,"comment_status":"open","ping_status":"open","template":"","meta":[],"product_brand":[2447],"product_cat":[1214,1206,1211],"product_tag":[1507],"class_list":{"0":"post-118589","1":"product","2":"type-product","3":"status-publish","4":"has-post-thumbnail","6":"product_brand-facetwp","7":"product_cat-personalizacion","8":"product_cat-plugins","9":"product_cat-wordpress-plugins","10":"product_tag-facetwp","11":"member-discount","12":"discount-restricted","14":"first","15":"instock","16":"sale","17":"downloadable","18":"virtual","19":"sold-individually","20":"purchasable","21":"product-type-simple"},"_links":{"self":[{"href":"https:\/\/gpl-love.com\/es\/wp-json\/wp\/v2\/product\/118589","targetHints":{"allow":["GET"]}}],"collection":[{"href":"https:\/\/gpl-love.com\/es\/wp-json\/wp\/v2\/product"}],"about":[{"href":"https:\/\/gpl-love.com\/es\/wp-json\/wp\/v2\/types\/product"}],"replies":[{"embeddable":true,"href":"https:\/\/gpl-love.com\/es\/wp-json\/wp\/v2\/comments?post=118589"}],"wp:featuredmedia":[{"embeddable":true,"href":"https:\/\/gpl-love.com\/es\/wp-json\/wp\/v2\/media\/166086"}],"wp:attachment":[{"href":"https:\/\/gpl-love.com\/es\/wp-json\/wp\/v2\/media?parent=118589"}],"wp:term":[{"taxonomy":"product_brand","embeddable":true,"href":"https:\/\/gpl-love.com\/es\/wp-json\/wp\/v2\/product_brand?post=118589"},{"taxonomy":"product_cat","embeddable":true,"href":"https:\/\/gpl-love.com\/es\/wp-json\/wp\/v2\/product_cat?post=118589"},{"taxonomy":"product_tag","embeddable":true,"href":"https:\/\/gpl-love.com\/es\/wp-json\/wp\/v2\/product_tag?post=118589"}],"curies":[{"name":"wp","href":"https:\/\/api.w.org\/{rel}","templated":true}]}}