{"id":118585,"date":"2024-02-15T00:00:00","date_gmt":"2024-02-15T05:00:00","guid":{"rendered":"https:\/\/gpl-love.com\/es\/?post_type=product&#038;p=118585"},"modified":"2026-03-09T07:37:08","modified_gmt":"2026-03-09T12:37:08","slug":"gamipress-reports","status":"publish","type":"product","link":"https:\/\/gpl-love.com\/es\/producto\/gamipress-reports\/","title":{"rendered":"GamiPress Reports 1.1.0"},"content":{"rendered":"<h3>GamiPress Reports Caracteristicas<\/h3>\n<p>Gamipress Reports es un complemento de WordPress incre\u00edblemente robusto dise\u00f1ado para facilitar el monitoreo y el an\u00e1lisis del comportamiento del usuario en su sitio web. Al aprovechar las capacidades de los informes de Gamipress, puede adquirir un conocimiento invaluable sobre la forma en que sus usuarios se involucran con su contenido, identifican las p\u00e1ginas que atraen el mayor volumen de tr\u00e1fico y determinar la trayectoria de los usuarios a medida que navegan a trav\u00e9s de su sitio web. Este complemento cuenta con informes completos y gr\u00e1ficos visualmente cautivadores que facilitan la visualizaci\u00f3n perfecta de sus datos, lo que le permite obtener una comprensi\u00f3n m\u00e1s profunda del comportamiento de sus usuarios. Ya sea que tenga la intenci\u00f3n de optimizar su sitio web para mejorar la participaci\u00f3n del usuario o simplemente desee monitorear las m\u00e9tricas de rendimiento, Gamipress Reports surge como una herramienta indispensable que cada propietario o vendedor del sitio web debe adoptar.<\/p>\n<ul>\n<li>Informes detallados sobre la actividad de los juegos<\/li>\n<li>Informaci\u00f3n sobre la participaci\u00f3n y el comportamiento del usuario<\/li>\n<li>An\u00e1lisis del rendimiento del juego y las tasas de \u00e9xito<\/li>\n<li>Configuraci\u00f3n de informe personalizable<\/li>\n<li>Integraci\u00f3n con plataformas de juego populares<\/li>\n<li>Dashboard f\u00e1cil de usar para facilitar el acceso e interpretaci\u00f3n de los datos<\/li>\n<li>Opci\u00f3n para exportar informes en m\u00faltiples formatos de archivo<\/li>\n<li>Actualizaciones constantes y mejoras en las funciones del informe<\/li>\n<\/ul>\n","protected":false},"excerpt":{"rendered":"<p>Gamipress Reports, una herramienta de informes excepcionalmente robusta, presenta la oportunidad de monitorear meticulosamente la participaci\u00f3n y la actividad del usuario en su sitio web o plataforma de juegos. Profundiza en las profundidades de los informes de juego y obtenga acceso a ideas integrales sobre diversos aspectos que van desde el comportamiento del usuario hasta el rendimiento del juego. Armado con estas m\u00e9tricas invaluables, podr\u00e1 tomar decisiones bien informadas relacionadas con la mejora de la plataforma. Independientemente de su nivel de experiencia en el \u00e1mbito de la gamificaci\u00f3n, ya sea un profesional novato o experimentado, Gamipress Reports sirve como la entidad fundamental que desbloquea un compromiso profundo y amplifica las tasas de retenci\u00f3n de usuarios a alturas sin precedentes.<\/p>\n","protected":false},"featured_media":166188,"comment_status":"open","ping_status":"open","template":"","meta":[],"product_brand":[2461],"product_cat":[1214,1206,1211],"product_tag":[2196],"class_list":{"0":"post-118585","1":"product","2":"type-product","3":"status-publish","4":"has-post-thumbnail","6":"product_brand-gami-press","7":"product_cat-personalizacion","8":"product_cat-plugins","9":"product_cat-wordpress-plugins","10":"product_tag-gami-press","11":"member-discount","12":"discount-restricted","14":"first","15":"instock","16":"sale","17":"downloadable","18":"virtual","19":"sold-individually","20":"purchasable","21":"product-type-simple"},"_links":{"self":[{"href":"https:\/\/gpl-love.com\/es\/wp-json\/wp\/v2\/product\/118585","targetHints":{"allow":["GET"]}}],"collection":[{"href":"https:\/\/gpl-love.com\/es\/wp-json\/wp\/v2\/product"}],"about":[{"href":"https:\/\/gpl-love.com\/es\/wp-json\/wp\/v2\/types\/product"}],"replies":[{"embeddable":true,"href":"https:\/\/gpl-love.com\/es\/wp-json\/wp\/v2\/comments?post=118585"}],"wp:featuredmedia":[{"embeddable":true,"href":"https:\/\/gpl-love.com\/es\/wp-json\/wp\/v2\/media\/166188"}],"wp:attachment":[{"href":"https:\/\/gpl-love.com\/es\/wp-json\/wp\/v2\/media?parent=118585"}],"wp:term":[{"taxonomy":"product_brand","embeddable":true,"href":"https:\/\/gpl-love.com\/es\/wp-json\/wp\/v2\/product_brand?post=118585"},{"taxonomy":"product_cat","embeddable":true,"href":"https:\/\/gpl-love.com\/es\/wp-json\/wp\/v2\/product_cat?post=118585"},{"taxonomy":"product_tag","embeddable":true,"href":"https:\/\/gpl-love.com\/es\/wp-json\/wp\/v2\/product_tag?post=118585"}],"curies":[{"name":"wp","href":"https:\/\/api.w.org\/{rel}","templated":true}]}}