{"id":118536,"date":"2023-11-03T00:00:00","date_gmt":"2023-11-03T05:00:00","guid":{"rendered":"https:\/\/gpl-love.com\/es\/?post_type=product&#038;p=118536"},"modified":"2026-04-10T11:29:43","modified_gmt":"2026-04-10T16:29:43","slug":"upscale-fashionable-ecommerce-theme","status":"publish","type":"product","link":"https:\/\/gpl-love.com\/es\/producto\/upscale-fashionable-ecommerce-theme\/","title":{"rendered":"Upscale Fashionable eCommerce Theme 3.9"},"content":{"rendered":"<h3>Upscale Fashionable eCommerce Theme Caracteristicas<\/h3>\n<p>El tema exclusivo de comercio electr\u00f3nico de moda es un tema de WordPress exquisitamente dise\u00f1ado y contempor\u00e1neo espec\u00edficamente adaptado para emporio de moda virtual. Con un dise\u00f1o elegante y altamente receptivo, este tema ofrece sin esfuerzo una empresa de compras en l\u00ednea impecable e inmersiva para su estimada clientela. Adem\u00e1s de su atractivo est\u00e9tico, este tema cuenta con una variedad de caracter\u00edsticas impresionantes, incluidas secciones personalizables para su p\u00e1gina de inicio, un mecanismo avanzado de filtrado de productos y un carrusel de producto atractivo. Adem\u00e1s, se integra sin problemas con las reconocidas plataformas de comercio electr\u00f3nico como WooCommerce y descargas digitales f\u00e1ciles, lo que le otorga un control sin restricciones sobre su boutique en l\u00ednea. Adem\u00e1s, este tema vers\u00e1til proporciona opciones de personalizaci\u00f3n sin esfuerzo a trav\u00e9s de su intuitivo constructor de p\u00e1ginas de arrastrar y soltar y una gran cantidad de esquemas de color cautivadores. Con el tema exclusivo de comercio electr\u00f3nico de moda que adorna su tienda digital, puede construir con confianza un emporio en l\u00ednea visualmente impresionante que cautivar\u00e1 y cautivar\u00e1 a sus clientes exigentes.<\/p>\n<ul>\n<li>Tema de comercio electr\u00f3nico de alta calidad para minoristas de moda y negocios<\/li>\n<li>Dise\u00f1o elegante y moderno con un aspecto exclusivo<\/li>\n<li>Las caracter\u00edsticas altamente personalizables permiten una f\u00e1cil marca y personalizaci\u00f3n \u00fanica.<\/li>\n<li>Dise\u00f1o receptivo y amigable para dispositivos m\u00f3viles para una visualizaci\u00f3n \u00f3ptima en todos los dispositivos<\/li>\n<li>Caracter\u00edsticas de optimizaci\u00f3n de SEO incorporadas para aumentar las clasificaciones de motores de b\u00fasqueda<\/li>\n<li>Caracter\u00edsticas opcionales como un blog, control deslizante de productos e integraci\u00f3n de redes sociales<\/li>\n<li>Interfaz f\u00e1cil de usar con navegaci\u00f3n sencilla para una experiencia de usuario mejorada<\/li>\n<li>Compatible con plataformas de comercio electr\u00f3nico populares como Shopify y WooCommerce<\/li>\n<li>Apoyo profesional y confiable de desarrolladores expertos<\/li>\n<li>Adecuado para una amplia gama de negocios relacionados con la moda que incluyen ropa, accesorios, belleza y m\u00e1s.<\/li>\n<\/ul>\n","protected":false},"excerpt":{"rendered":"<p>Con la utilizaci\u00f3n del tema exclusivo de comercio electr\u00f3nico de moda, las personas tienen la capacidad de construir una impresionante tienda en l\u00ednea que exuda un aura de elegancia y refinamiento. Este tema en particular presenta un dise\u00f1o simplificado y contempor\u00e1neo que es absolutamente ideal para boutiques, minoristas de moda y marcas de alta gama. No solo viene equipado con una gran cantidad de caracter\u00edsticas personalizables, que incluye una variedad ilimitada de opciones de color, numerosas posibilidades de dise\u00f1o y un constructor de p\u00e1ginas de arrastrar y soltar f\u00e1cilmente de usar, sino que tambi\u00e9n es totalmente receptivo, asegurando que su tienda lo har\u00e1. aparece visualmente atractivo en cualquier dispositivo electr\u00f3nico. Ya sea que se especialice en la venta de ropa, joyas, calzado o accesorios, la implementaci\u00f3n del tema exclusivo de comercio electr\u00f3nico de moda, sin duda, proporcionar\u00e1 a su tienda la ventaja competitiva que necesita para distinguirse de sus competidores.<\/p>\n","protected":false},"featured_media":167903,"comment_status":"open","ping_status":"open","template":"","meta":[],"product_brand":[2337],"product_cat":[1307,1237,1238],"product_tag":[1391],"class_list":{"0":"post-118536","1":"product","2":"type-product","3":"status-publish","4":"has-post-thumbnail","6":"product_brand-themeforest","7":"product_cat-negocio-wordpress-temas","8":"product_cat-temas","9":"product_cat-wordpress-temas","10":"product_tag-themeforest","11":"member-discount","12":"discount-restricted","14":"first","15":"instock","16":"sale","17":"downloadable","18":"virtual","19":"sold-individually","20":"purchasable","21":"product-type-simple"},"_links":{"self":[{"href":"https:\/\/gpl-love.com\/es\/wp-json\/wp\/v2\/product\/118536","targetHints":{"allow":["GET"]}}],"collection":[{"href":"https:\/\/gpl-love.com\/es\/wp-json\/wp\/v2\/product"}],"about":[{"href":"https:\/\/gpl-love.com\/es\/wp-json\/wp\/v2\/types\/product"}],"replies":[{"embeddable":true,"href":"https:\/\/gpl-love.com\/es\/wp-json\/wp\/v2\/comments?post=118536"}],"wp:featuredmedia":[{"embeddable":true,"href":"https:\/\/gpl-love.com\/es\/wp-json\/wp\/v2\/media\/167903"}],"wp:attachment":[{"href":"https:\/\/gpl-love.com\/es\/wp-json\/wp\/v2\/media?parent=118536"}],"wp:term":[{"taxonomy":"product_brand","embeddable":true,"href":"https:\/\/gpl-love.com\/es\/wp-json\/wp\/v2\/product_brand?post=118536"},{"taxonomy":"product_cat","embeddable":true,"href":"https:\/\/gpl-love.com\/es\/wp-json\/wp\/v2\/product_cat?post=118536"},{"taxonomy":"product_tag","embeddable":true,"href":"https:\/\/gpl-love.com\/es\/wp-json\/wp\/v2\/product_tag?post=118536"}],"curies":[{"name":"wp","href":"https:\/\/api.w.org\/{rel}","templated":true}]}}