{"id":118532,"date":"2023-07-06T00:00:00","date_gmt":"2023-07-06T05:00:00","guid":{"rendered":"https:\/\/gpl-love.com\/es\/?post_type=product&#038;p=118532"},"modified":"2026-03-13T17:20:01","modified_gmt":"2026-03-13T22:20:01","slug":"elegant-woocommerce-tema-eola","status":"publish","type":"product","link":"https:\/\/gpl-love.com\/es\/producto\/elegant-woocommerce-tema-eola\/","title":{"rendered":"Elegant WooCommerce Tema Eola 1.5"},"content":{"rendered":"<h3>Elegant WooCommerce Tema Eola Caracteristicas<\/h3>\n<p>Eola, un tema de WooCommerce incre\u00edblemente sofisticado, exhibe una mir\u00edada de atributos personalizables, lo que lo hace exquisitamente adecuado para cualquier tienda virtual. Con un dise\u00f1o elegante y contempor\u00e1neo, junto con una gran cantidad de opciones de dise\u00f1o flexibles, Eola demuestra ser el ep\u00edtome de la perfecci\u00f3n para las empresas de varias magnitudes e industrias. Ya sea que la mercanc\u00eda est\u00e9 en juego sea relacionada con la moda, los productos para el hogar o los productos digitales, la interfaz intuitiva y la funcionalidad avanzada ofrecida por Eola, sin duda, facilitar\u00e1n la creaci\u00f3n de una experiencia de compra perfecta para su estimada clientela. Con un dise\u00f1o impecablemente receptivo, mecanismos de b\u00fasqueda y filtrado robustos, as\u00ed como herramientas de personalizaci\u00f3n f\u00e1ciles de usar a su disposici\u00f3n, Eola indudablemente emerge como la elecci\u00f3n por excelencia para los aspirantes a empresarios que tienen como objetivo embarcarse en un viaje triunfante en el \u00e1mbito de la comercio electr\u00f3nico a trav\u00e9s del comercio electr\u00f3nico a trav\u00e9s del comercio electr\u00f3nico a trav\u00e9s del comercio electr\u00f3nico. Utilizaci\u00f3n de WooCommerce.<\/p>\n<ul>\n<li>Dise\u00f1o moderno y elegante que mejorar\u00e1 cualquier sitio web de comercio electr\u00f3nico<\/li>\n<li>Totalmente personalizable para que coincida con su marca y estilo<\/li>\n<li>Construido espec\u00edficamente para WooCommerce, la plataforma de comercio electr\u00f3nico m\u00e1s popular<\/li>\n<li>Dise\u00f1o receptivo que se ve muy bien en todos los dispositivos<\/li>\n<li>Constructor de p\u00e1gina f\u00e1cil de usar con funcionalidad de arrastrar y soltar<\/li>\n<li>M\u00faltiples dise\u00f1os de p\u00e1gina de inicio para flexibilidad y personalizaci\u00f3n<\/li>\n<li>Integraci\u00f3n con pasarelas de pago populares para transacciones sin interrupciones<\/li>\n<li>Opciones avanzadas de b\u00fasqueda y filtrado para facilitar la b\u00fasqueda de productos para los clientes<\/li>\n<li>Altamente optimizado para tiempos de carga r\u00e1pidas y un excelente rendimiento de SEO<\/li>\n<li>Actualizaciones regulares y excelente atenci\u00f3n al cliente para garantizar que el tema se mantenga al d\u00eda con los avances tecnol\u00f3gicos.<\/li>\n<\/ul>\n","protected":false},"excerpt":{"rendered":"<p>Eola, un tema de WooCommerce exquisitamente sofisticado y de moda, est\u00e1 meticulosamente elaborado para elevar su tienda en l\u00ednea a nuevas alturas. Equipado con una interfaz contempor\u00e1nea y centrada en el usuario, EOLA facilita sin problemas el descubrimiento y la compra de productos queridos por su clientela exigente. Adem\u00e1s, este tema notablemente receptivo garantiza que su tienda exude un atractivo visual incomparable en todos los dispositivos. En particular, Eola cuenta con una variedad de caracter\u00edsticas formidables, incluida la capacidad de adaptar las p\u00e1ginas de productos a su gusto, un mega men\u00fa integrado que ofrece una conveniencia de navegaci\u00f3n incomparable e integraci\u00f3n perfecta con varias plataformas de redes sociales. Por lo tanto, hacer de Eola una opci\u00f3n irrefutablemente ideal para aquellos que buscan forjar una experiencia de compra en l\u00ednea extraordinaria y cautivadora para sus estimados clientes.<\/p>\n","protected":false},"featured_media":165935,"comment_status":"open","ping_status":"open","template":"","meta":[],"product_brand":[2337],"product_cat":[1263,1264,1237],"product_tag":[1391],"class_list":{"0":"post-118532","1":"product","2":"type-product","3":"status-publish","4":"has-post-thumbnail","6":"product_brand-themeforest","7":"product_cat-comercio-electronico-temas","8":"product_cat-negocio","9":"product_cat-temas","10":"product_tag-themeforest","11":"member-discount","12":"discount-restricted","14":"first","15":"instock","16":"sale","17":"downloadable","18":"virtual","19":"sold-individually","20":"purchasable","21":"product-type-simple"},"_links":{"self":[{"href":"https:\/\/gpl-love.com\/es\/wp-json\/wp\/v2\/product\/118532","targetHints":{"allow":["GET"]}}],"collection":[{"href":"https:\/\/gpl-love.com\/es\/wp-json\/wp\/v2\/product"}],"about":[{"href":"https:\/\/gpl-love.com\/es\/wp-json\/wp\/v2\/types\/product"}],"replies":[{"embeddable":true,"href":"https:\/\/gpl-love.com\/es\/wp-json\/wp\/v2\/comments?post=118532"}],"wp:featuredmedia":[{"embeddable":true,"href":"https:\/\/gpl-love.com\/es\/wp-json\/wp\/v2\/media\/165935"}],"wp:attachment":[{"href":"https:\/\/gpl-love.com\/es\/wp-json\/wp\/v2\/media?parent=118532"}],"wp:term":[{"taxonomy":"product_brand","embeddable":true,"href":"https:\/\/gpl-love.com\/es\/wp-json\/wp\/v2\/product_brand?post=118532"},{"taxonomy":"product_cat","embeddable":true,"href":"https:\/\/gpl-love.com\/es\/wp-json\/wp\/v2\/product_cat?post=118532"},{"taxonomy":"product_tag","embeddable":true,"href":"https:\/\/gpl-love.com\/es\/wp-json\/wp\/v2\/product_tag?post=118532"}],"curies":[{"name":"wp","href":"https:\/\/api.w.org\/{rel}","templated":true}]}}