{"id":118530,"date":"2021-10-25T00:00:00","date_gmt":"2021-10-25T05:00:00","guid":{"rendered":"https:\/\/gpl-love.com\/es\/?post_type=product&#038;p=118530"},"modified":"2026-03-13T17:25:01","modified_gmt":"2026-03-13T22:25:01","slug":"multipurpose-responsive-wordpress-tema-codeus","status":"publish","type":"product","link":"https:\/\/gpl-love.com\/es\/producto\/multipurpose-responsive-wordpress-tema-codeus\/","title":{"rendered":"Multipurpose Responsive WordPress Tema Codeus 3.4.1"},"content":{"rendered":"<h3>Multipurpose Responsive WordPress Tema Codeus Caracteristicas<\/h3>\n<p>Codeus, un tema de WordPress notablemente vers\u00e1til y altamente receptivo, cuenta con una extensa gama de aplicaciones en varios tipos de sitios web. Su dise\u00f1o elegante y contempor\u00e1neo facilita una gran cantidad de posibilidades de personalizaci\u00f3n, lo que permite a los usuarios dise\u00f1ar una presencia en l\u00ednea exclusiva y sofisticada. Este tema abarca un constructor de p\u00e1ginas de arrastrar y soltar f\u00e1cilmente f\u00e1cil de usar, una multitud de opciones de dise\u00f1o y una amplia gama de widgets y c\u00f3digos cortos, todos los cuales sirven para elevar tanto la funcionalidad como la est\u00e9tica de su sitio web. Adem\u00e1s, Codeus se integra perfectamente con complementos populares como WooCommerce, Contact Form 7 y WPML, asegurando capacidades de traducci\u00f3n sin esfuerzo. Ya sea que aspira a construir un sitio web corporativo, un blog cautivador, una cartera llamativa o una tienda en l\u00ednea pr\u00f3spera, Codeus se erige como una elecci\u00f3n ejemplar, exudando confiabilidad y flexibilidad inigualable como un tema de WordPress.<\/p>\n<ul>\n<li>Dise\u00f1o totalmente receptivo y amigable para m\u00f3viles<\/li>\n<li>Incluye m\u00faltiples dise\u00f1os de p\u00e1gina de inicio y p\u00e1ginas preconstruidas<\/li>\n<li>Constructor de p\u00e1gina de arrastrar y soltar incorporado para una f\u00e1cil personalizaci\u00f3n<\/li>\n<li>Compatible con complementos populares de WordPress como WooCommerce y el Formulario de contacto 7<\/li>\n<li>Opciones m\u00faltiples de encabezado y pie de p\u00e1gina<\/li>\n<li>Tipograf\u00eda y esquemas de color personalizables<\/li>\n<li>Importaci\u00f3n de demostraci\u00f3n de un solo clic para que su sitio web se ejecute r\u00e1pidamente<\/li>\n<li>Dise\u00f1o amigable con SEO y marcado incorporado<\/li>\n<li>Actualizaciones regulares y equipo de soporte dedicado<\/li>\n<li>Admite m\u00faltiples idiomas con compatibilidad con el complemento WPML<\/li>\n<\/ul>\n","protected":false},"excerpt":{"rendered":"<p>Codeus es un tema de WordPress notablemente vers\u00e1til que garantiza una experiencia de usuario notablemente inmersiva en una amplia gama de dispositivos. Equipado con una formidable variedad de opciones, Codeus demuestra ser la soluci\u00f3n definitiva para construir sitios web de cualquier naturaleza, carteras, blogs, establecimientos de comercio electr\u00f3nico y una variedad de otros. Este tema est\u00e1 repleto de una amplia gama de caracter\u00edsticas, contando numerosos dise\u00f1os de la p\u00e1gina de inicio, un constructor de p\u00e1ginas de arrastrar y soltar f\u00e1cilmente con usuarios, una infinita variedad de esquemas de color, as\u00ed como encabezados y pies de p\u00e1gina que se pueden adaptar a sus preferencias exactas. Adem\u00e1s, Codeus se ha optimizado tanto para los tiempos de carga expeditos como para la optimizaci\u00f3n de motores de b\u00fasqueda (SEO), lo que garantiza que su sitio web no solo se cargar\u00e1 r\u00e1pidamente sino que tambi\u00e9n alcanzar\u00e1 clasificaciones encomiables dentro de los motores de b\u00fasqueda destacados. \u00a1Eleve el calibre de su sitio web adoptando las notables capacidades de Codeus sin demora!<\/p>\n","protected":false},"featured_media":166838,"comment_status":"open","ping_status":"open","template":"","meta":[],"product_brand":[2337],"product_cat":[1239,1237,1238],"product_tag":[1391],"class_list":{"0":"post-118530","1":"product","2":"type-product","3":"status-publish","4":"has-post-thumbnail","6":"product_brand-themeforest","7":"product_cat-de-multiples-fines","8":"product_cat-temas","9":"product_cat-wordpress-temas","10":"product_tag-themeforest","11":"member-discount","12":"discount-restricted","14":"first","15":"instock","16":"sale","17":"downloadable","18":"virtual","19":"sold-individually","20":"purchasable","21":"product-type-simple"},"_links":{"self":[{"href":"https:\/\/gpl-love.com\/es\/wp-json\/wp\/v2\/product\/118530","targetHints":{"allow":["GET"]}}],"collection":[{"href":"https:\/\/gpl-love.com\/es\/wp-json\/wp\/v2\/product"}],"about":[{"href":"https:\/\/gpl-love.com\/es\/wp-json\/wp\/v2\/types\/product"}],"replies":[{"embeddable":true,"href":"https:\/\/gpl-love.com\/es\/wp-json\/wp\/v2\/comments?post=118530"}],"wp:featuredmedia":[{"embeddable":true,"href":"https:\/\/gpl-love.com\/es\/wp-json\/wp\/v2\/media\/166838"}],"wp:attachment":[{"href":"https:\/\/gpl-love.com\/es\/wp-json\/wp\/v2\/media?parent=118530"}],"wp:term":[{"taxonomy":"product_brand","embeddable":true,"href":"https:\/\/gpl-love.com\/es\/wp-json\/wp\/v2\/product_brand?post=118530"},{"taxonomy":"product_cat","embeddable":true,"href":"https:\/\/gpl-love.com\/es\/wp-json\/wp\/v2\/product_cat?post=118530"},{"taxonomy":"product_tag","embeddable":true,"href":"https:\/\/gpl-love.com\/es\/wp-json\/wp\/v2\/product_tag?post=118530"}],"curies":[{"name":"wp","href":"https:\/\/api.w.org\/{rel}","templated":true}]}}