{"id":118528,"date":"2023-11-03T00:00:00","date_gmt":"2023-11-03T05:00:00","guid":{"rendered":"https:\/\/gpl-love.com\/es\/?post_type=product&#038;p=118528"},"modified":"2026-04-10T11:21:27","modified_gmt":"2026-04-10T16:21:27","slug":"personal-wordpress-tema-buzz-blog","status":"publish","type":"product","link":"https:\/\/gpl-love.com\/es\/producto\/personal-wordpress-tema-buzz-blog\/","title":{"rendered":"Personal WordPress Tema Buzz Blog 5.6"},"content":{"rendered":"<h3>Personal WordPress Tema Buzz Blog Caracteristicas<\/h3>\n<p>El blog personal de Buzz de WordPress, que resulta ser un tema altamente vers\u00e1til y personalizable, sirve como una plataforma espl\u00e9ndida para que los bloggers establezcan su propia presencia en l\u00ednea distintiva y de moda. Con un dise\u00f1o impecablemente limpio e incre\u00edblemente moderno, este tema en particular demuestra ser una excelente opci\u00f3n para las personas que anhelan hacer alarde de su inigualable creatividad y estilo personal. Con una amplia gama de caracter\u00edsticas notables, que incluyen, entre otros, numerosas opciones de dise\u00f1o, un encabezado totalmente personalizable y un constructor de p\u00e1ginas de arrastre sin esfuerzo, el tema de Bloz de WordPress, otorga a los bloggers la incre\u00edble capacidad de mostrar sin esfuerzo su asombro -En contenido inspirador, forja conexiones significativas con sus estimados lectores y, en \u00faltima instancia, construya una presencia en l\u00ednea verdaderamente convincente y completamente profesional.<\/p>\n<ul>\n<li>Un tema personal de WordPress dise\u00f1ado espec\u00edficamente para bloggers que buscan crear un sitio web de Buzzworthy<\/li>\n<li>Dise\u00f1o elegante y moderno con dise\u00f1os personalizables para que su sitio sea \u00fanico<\/li>\n<li>Optimizado para los motores de b\u00fasqueda para garantizar que su contenido sea f\u00e1cilmente descubierta por los lectores.<\/li>\n<li>El dise\u00f1o receptivo m\u00f3vil asegura que su sitio web se vea muy bien en cualquier dispositivo<\/li>\n<li>Integraci\u00f3n con canales de redes sociales populares para promocionar su contenido y hacer crecer sus seguidores<\/li>\n<li>Dise\u00f1ado con la velocidad en mente para garantizar que su sitio se cargue r\u00e1pidamente y mantiene a los lectores comprometidos<\/li>\n<li>Opciones de personalizaci\u00f3n f\u00e1ciles de usar facilitan la edici\u00f3n y actualiza su sitio seg\u00fan sea necesario<\/li>\n<li>Actualizaciones y soporte continuos para garantizar que su sitio web se mantenga actualizado con las \u00faltimas tendencias y tecnolog\u00edas<\/li>\n<li>Dise\u00f1ado por desarrolladores experimentados con un enfoque en la experiencia y la funcionalidad del usuario.<\/li>\n<li>El tema perfecto para los bloggers que buscan crear una presencia en l\u00ednea profesional y atractiva.<\/li>\n<\/ul>\n","protected":false},"excerpt":{"rendered":"<p>El blog personal de Buzz de WordPress es un tema excinado y contempor\u00e1neo excinado y contempor\u00e1neo que sirve como una opci\u00f3n ideal para los bloggers que anhelan exhibir su marca personal distintiva. Al aprovechar las opciones de dise\u00f1o personalizables y una interfaz navegable sin esfuerzo, este tema le proporciona la oportunidad de fabricar un blog asombroso que refleje impecablemente su estilo distintivo e individualidad. Independientemente de si se identifica como un conocedor de la moda, un entusiasta culinario o un celoso Globetrotter, este tema abarca todas las caracter\u00edsticas esenciales necesarias para construir un blog que sin duda generar\u00e1 una cantidad sustancial de inter\u00e9s y retenga la atenci\u00f3n de sus lectores, los obliga para regresar para un contenido m\u00e1s cautivador. Por lo tanto, \u00bfpor qu\u00e9 prolongar la espera? Inicie el proceso hoy y se embarque en el viaje de construir su propia marca personal aprovechando el poder del blog personal de Buzz de WordPress.<\/p>\n","protected":false},"featured_media":167205,"comment_status":"open","ping_status":"open","template":"","meta":[],"product_brand":[2337],"product_cat":[1245,1237,1238],"product_tag":[1391],"class_list":{"0":"post-118528","1":"product","2":"type-product","3":"status-publish","4":"has-post-thumbnail","6":"product_brand-themeforest","7":"product_cat-blog-revista","8":"product_cat-temas","9":"product_cat-wordpress-temas","10":"product_tag-themeforest","11":"member-discount","12":"discount-restricted","14":"first","15":"instock","16":"sale","17":"downloadable","18":"virtual","19":"sold-individually","20":"purchasable","21":"product-type-simple"},"_links":{"self":[{"href":"https:\/\/gpl-love.com\/es\/wp-json\/wp\/v2\/product\/118528","targetHints":{"allow":["GET"]}}],"collection":[{"href":"https:\/\/gpl-love.com\/es\/wp-json\/wp\/v2\/product"}],"about":[{"href":"https:\/\/gpl-love.com\/es\/wp-json\/wp\/v2\/types\/product"}],"replies":[{"embeddable":true,"href":"https:\/\/gpl-love.com\/es\/wp-json\/wp\/v2\/comments?post=118528"}],"wp:featuredmedia":[{"embeddable":true,"href":"https:\/\/gpl-love.com\/es\/wp-json\/wp\/v2\/media\/167205"}],"wp:attachment":[{"href":"https:\/\/gpl-love.com\/es\/wp-json\/wp\/v2\/media?parent=118528"}],"wp:term":[{"taxonomy":"product_brand","embeddable":true,"href":"https:\/\/gpl-love.com\/es\/wp-json\/wp\/v2\/product_brand?post=118528"},{"taxonomy":"product_cat","embeddable":true,"href":"https:\/\/gpl-love.com\/es\/wp-json\/wp\/v2\/product_cat?post=118528"},{"taxonomy":"product_tag","embeddable":true,"href":"https:\/\/gpl-love.com\/es\/wp-json\/wp\/v2\/product_tag?post=118528"}],"curies":[{"name":"wp","href":"https:\/\/api.w.org\/{rel}","templated":true}]}}