{"id":118526,"date":"2022-02-07T00:00:00","date_gmt":"2022-02-07T05:00:00","guid":{"rendered":"https:\/\/gpl-love.com\/es\/?post_type=product&#038;p=118526"},"modified":"2026-03-13T17:15:26","modified_gmt":"2026-03-13T22:15:26","slug":"agency-y-freelancer-tema-buro","status":"publish","type":"product","link":"https:\/\/gpl-love.com\/es\/producto\/agency-y-freelancer-tema-buro\/","title":{"rendered":"Agency y Freelancer Tema Buro 1.7"},"content":{"rendered":"<h3>Agency y Freelancer Tema Buro Caracteristicas<\/h3>\n<p>Buro es un tema incre\u00edblemente notable que ha sido meticulosamente elaborado con el \u00fanico prop\u00f3sito de atender las necesidades distintivas de las agencias y freelancers que est\u00e1n ansiosos por exhibir sus carteras impresionantes y servicios ejemplares de la manera m\u00e1s cautivadora imaginable. Este tema excepcional est\u00e1 adornado con una amplia variedad de dise\u00f1os exquisitamente elegantes y excepcionalmente personalizables, lo que empodera a los usuarios con la capacidad incomparable de dise\u00f1ar sus propios sitios web distintivos que exudan un aire de singularidad e individualidad. Vale la pena mencionar que Buro cuenta con una gama impresionantemente amplia de caracter\u00edsticas, incluido un dise\u00f1o altamente receptivo que se adapta perfectamente a varios tama\u00f1os y dispositivos de pantalla, asegurando as\u00ed que la experiencia del usuario permanezca constantemente \u00f3ptima, independientemente de la plataforma que se utilice. Adem\u00e1s, el tema tambi\u00e9n ofrece una extensa paleta de esquemas de color personalizables, lo que brinda a los usuarios el lujo de seleccionar los tonos y tonos precisos que mejor resuenan con su identidad de marca y preferencias est\u00e9ticas. Adem\u00e1s, Buro se enorgullece de su sistema de men\u00fa navegable sin esfuerzo, que ha sido minucioso dise\u00f1ado para facilitar la navegaci\u00f3n intuitiva y f\u00e1cil de usar, lo que permite a los visitantes explorar y examinar sin esfuerzo la totalidad de los contenidos cautivadores del sitio web. Otro aspecto notable de este tema notable es su compromiso inquebrantable para optimizar la velocidad y el rendimiento, lo que garantiza que cada visitante se otorgue una experiencia de usuario perfecta y completamente encantadora. Es innegable que en el mercado ferozmente competitivo de hoy, es crucial que las agencias y los trabajadores independientes establezcan y fomenten una presencia en l\u00ednea fuerte e impactante, una que realmente encarna la esencia de su marca y los distingue efectivamente de sus innumerables competidores. Afortunadamente, con la ayuda de Buro, esta ardua tarea se transforma sin esfuerzo en un esfuerzo gratificantemente simple, ya que este tema excepcional empodera a las agencias y freelancers con las herramientas y recursos necesarios para dise\u00f1ar una plataforma en l\u00ednea profesional y visualmente cautivador que encapsula fielmente su identidad de marca. , lo que les permite destacar sin esfuerzo en medio del formidable mar de competidores, y consolidar firmemente su posici\u00f3n como verdaderos pioneros en sus respectivos campos.<\/p>\n<ul>\n<li>Buro es un tema de WordPress poderoso y vers\u00e1til dise\u00f1ado espec\u00edficamente para agencias creativas y freelancers.<\/li>\n<li>Con su dise\u00f1o limpio y minimalista y plantillas de p\u00e1gina personalizadas, Buro ofrece un aspecto profesional y moderno que es f\u00e1cil de personalizar a su marca.<\/li>\n<li>Buro ofrece una amplia gama de caracter\u00edsticas y capacidades, que incluyen un constructor de p\u00e1ginas, widgets personalizados, desplazamiento de paralaje, integraci\u00f3n de Google Fonts y m\u00e1s.<\/li>\n<li>Buro es sensible a los dispositivos m\u00f3viles y est\u00e1 listo para la retina, asegurando que su sitio web se vea genial y funcione sin problemas en cualquier dispositivo, desde tel\u00e9fonos inteligentes hasta tabletas y escritorios.<\/li>\n<li>El tema es f\u00e1cil de instalar y viene con documentaci\u00f3n integral y soporte dedicado, lo que facilita que se ponga en funcionamiento r\u00e1pidamente.<\/li>\n<li>Buro incluye una variedad de dise\u00f1os preconstruidos para su hogar, sobre, cartera, servicios y p\u00e1ginas de contacto, as\u00ed como tipos de publicaciones personalizadas para testimonios y art\u00edculos de cartera.<\/li>\n<li>Con Buro, puede mostrar f\u00e1cilmente su trabajo, resaltar sus habilidades y experiencia, y atraer nuevos clientes y clientes a su negocio.<\/li>\n<li>Ya sea que sea un dise\u00f1ador gr\u00e1fico, desarrollador web, escritor o vendedor digital, Buro proporciona las herramientas que necesita para crear una presencia en l\u00ednea impresionante y de aspecto profesional que muestre sus servicios y trabajo.<\/li>\n<\/ul>\n","protected":false},"excerpt":{"rendered":"<p>Buro, un tema de agencia bellamente dise\u00f1ada y freelancer, ofrece una est\u00e9tica moderna y sofisticada del sitio web que llevar\u00e1 su sitio a nuevas alturas. El dise\u00f1o de sitios web de Buro No Cluttered asegura que su trabajo se exhibiera de la manera m\u00e1s refinada posible. Esta est\u00e9tica del sitio web contempor\u00e1nea es posible con las robustas herramientas del sitio web de Buro, que incluye un constructor de p\u00e1ginas de arrastrar y soltar f\u00e1cilmente con usuarios, temas personalizables de Buro y una variedad de plantillas de sitios web prefabricadas.<\/p>\n<p>El tema de Buro Freelancer y el tema de la Agencia Buro est\u00e1n dise\u00f1ados para satisfacer las necesidades \u00fanicas de los contratistas independientes y las agencias completas. Cada aspecto del tema del sitio web elaborado se puede adaptar a sus requisitos espec\u00edficos, asegurando una presentaci\u00f3n de servicio efectiva para su p\u00fablico objetivo.<\/p>\n<p>Buro tambi\u00e9n ofrece paletas de colores personalizables y plantillas de sitios web de Buro, lo que le permite crear un aspecto personalizado y profesional. Este tema de exhibici\u00f3n de trabajo es la soluci\u00f3n ideal para llegar a una audiencia global con su cartera. La soluci\u00f3n del tema de Buro ofrece un dise\u00f1o de sitio web sofisticado que combina perfectamente la funci\u00f3n y el estilo<\/p>\n","protected":false},"featured_media":165331,"comment_status":"open","ping_status":"open","template":"","meta":[],"product_brand":[2337],"product_cat":[1307,1237,1238],"product_tag":[1391],"class_list":{"0":"post-118526","1":"product","2":"type-product","3":"status-publish","4":"has-post-thumbnail","6":"product_brand-themeforest","7":"product_cat-negocio-wordpress-temas","8":"product_cat-temas","9":"product_cat-wordpress-temas","10":"product_tag-themeforest","11":"member-discount","12":"discount-restricted","14":"first","15":"instock","16":"sale","17":"downloadable","18":"virtual","19":"sold-individually","20":"purchasable","21":"product-type-simple"},"_links":{"self":[{"href":"https:\/\/gpl-love.com\/es\/wp-json\/wp\/v2\/product\/118526","targetHints":{"allow":["GET"]}}],"collection":[{"href":"https:\/\/gpl-love.com\/es\/wp-json\/wp\/v2\/product"}],"about":[{"href":"https:\/\/gpl-love.com\/es\/wp-json\/wp\/v2\/types\/product"}],"replies":[{"embeddable":true,"href":"https:\/\/gpl-love.com\/es\/wp-json\/wp\/v2\/comments?post=118526"}],"wp:featuredmedia":[{"embeddable":true,"href":"https:\/\/gpl-love.com\/es\/wp-json\/wp\/v2\/media\/165331"}],"wp:attachment":[{"href":"https:\/\/gpl-love.com\/es\/wp-json\/wp\/v2\/media?parent=118526"}],"wp:term":[{"taxonomy":"product_brand","embeddable":true,"href":"https:\/\/gpl-love.com\/es\/wp-json\/wp\/v2\/product_brand?post=118526"},{"taxonomy":"product_cat","embeddable":true,"href":"https:\/\/gpl-love.com\/es\/wp-json\/wp\/v2\/product_cat?post=118526"},{"taxonomy":"product_tag","embeddable":true,"href":"https:\/\/gpl-love.com\/es\/wp-json\/wp\/v2\/product_tag?post=118526"}],"curies":[{"name":"wp","href":"https:\/\/api.w.org\/{rel}","templated":true}]}}