{"id":118524,"date":"2022-04-17T00:00:00","date_gmt":"2022-04-17T05:00:00","guid":{"rendered":"https:\/\/gpl-love.com\/es\/?post_type=product&#038;p=118524"},"modified":"2026-04-10T11:16:57","modified_gmt":"2026-04-10T16:16:57","slug":"modern-sharp-ecommerce-tema-bazaar","status":"publish","type":"product","link":"https:\/\/gpl-love.com\/es\/producto\/modern-sharp-ecommerce-tema-bazaar\/","title":{"rendered":"Modern Sharp eCommerce Tema Bazaar 2.0"},"content":{"rendered":"<h3>Modern Sharp eCommerce Tema Bazaar Caracteristicas<\/h3>\n<p>El moderno bazar del tema de comercio de comercio de comercio y el dise\u00f1o ideal es una opci\u00f3n ideal para las personas que buscan un dise\u00f1o de sitio web de comercio electr\u00f3nico sofisticado y pulido. Este tema excepcional ha sido meticulosamente elaborado para ofrecer a los clientes una experiencia de compra perfecta e intuitiva, simplificando el proceso de navegar, seleccionar y comprar productos en su sitio web. Adem\u00e1s, este tema multifac\u00e9tico cuenta con una gran cantidad de caracter\u00edsticas personalizables que le permiten adaptar su apariencia a sus especificaciones exactas. Estas caracter\u00edsticas incluyen un dise\u00f1o receptivo que se adapta perfectamente a una mir\u00edada de tama\u00f1os de pantalla, una extensa variedad de opciones de color y fuente, as\u00ed como una integraci\u00f3n perfecta con plataformas de comercio electr\u00f3nico ubicuas como WooCommerce. Al aprovechar el poder del Bazaar de tema de comercio de comercio de comercio y moderno, puede dise\u00f1ar sin esfuerzo una impresionante tienda en l\u00ednea que sin duda lo diferenciar\u00e1 de la competencia y impulsar\u00e1 sus ventas a alturas sin precedentes.<\/p>\n<ul>\n<li>Dise\u00f1o elegante y moderno que es perfecto para cualquier tienda en l\u00ednea<\/li>\n<li>Responsable m\u00f3vil, asegurando que su sitio se vea muy bien en cualquier dispositivo<\/li>\n<li>Numerosas opciones personalizables para que su sitio sea \u00fanico<\/li>\n<li>Caracter\u00edsticas incorporadas, como Vista r\u00e1pida del producto, zoom flotante y filtros din\u00e1micos<\/li>\n<li>Optimizado para SEO, ayudando a su sitio a clasificar m\u00e1s alto en los resultados de b\u00fasqueda<\/li>\n<li>Compatible con plataformas de comercio electr\u00f3nico populares como WooCommerce<\/li>\n<li>Instalaci\u00f3n y configuraci\u00f3n f\u00e1ciles, lo que le permite comenzar r\u00e1pidamente<\/li>\n<li>Velocidades de carga r\u00e1pida para reducir las tasas de rebote y mejorar la experiencia del usuario<\/li>\n<li>Equipo dedicado de atenci\u00f3n al cliente disponible para ayudar con cualquier problema o pregunta<\/li>\n<li>Actualizaciones y mejoras peri\u00f3dicas para garantizar que su sitio se mantenga actualizado con las \u00faltimas tendencias y caracter\u00edsticas.<\/li>\n<\/ul>\n","protected":false},"excerpt":{"rendered":"<p>Bazaar, un tema de comercio electr\u00f3nico exquisitamente elaborado y de vanguardia, ha sido meticulosamente dise\u00f1ado para mejorar y elevar su tienda virtual. Con una variedad de componentes de dise\u00f1o llamativos y una interfaz sin complicaciones y f\u00e1cil de usar, este tema demuestra ser una opci\u00f3n ideal para las empresas, independientemente de su escala, que busca establecer una huella en l\u00ednea formidable. En particular, Bazaar ofrece opciones de personalizaci\u00f3n sin esfuerzo y llega equipada con una gran cantidad de diversos dise\u00f1os de tiendas, atendiendo as\u00ed las distintas necesidades y preferencias de cada marca o producto. Al aprovechar las notables capacidades de Bazaar, est\u00e1 facultado para dise\u00f1ar una tienda digital visualmente cautivadora que est\u00e9 garantizada para dejar una impresi\u00f3n indeleble en su estimada clientela, que finalmente impulsa el crecimiento y la prosperidad de su negocio.<\/p>\n","protected":false},"featured_media":166807,"comment_status":"open","ping_status":"open","template":"","meta":[],"product_brand":[2337],"product_cat":[1263,1264,1237],"product_tag":[1391],"class_list":{"0":"post-118524","1":"product","2":"type-product","3":"status-publish","4":"has-post-thumbnail","6":"product_brand-themeforest","7":"product_cat-comercio-electronico-temas","8":"product_cat-negocio","9":"product_cat-temas","10":"product_tag-themeforest","11":"member-discount","12":"discount-restricted","14":"first","15":"instock","16":"sale","17":"downloadable","18":"virtual","19":"sold-individually","20":"purchasable","21":"product-type-simple"},"_links":{"self":[{"href":"https:\/\/gpl-love.com\/es\/wp-json\/wp\/v2\/product\/118524","targetHints":{"allow":["GET"]}}],"collection":[{"href":"https:\/\/gpl-love.com\/es\/wp-json\/wp\/v2\/product"}],"about":[{"href":"https:\/\/gpl-love.com\/es\/wp-json\/wp\/v2\/types\/product"}],"replies":[{"embeddable":true,"href":"https:\/\/gpl-love.com\/es\/wp-json\/wp\/v2\/comments?post=118524"}],"wp:featuredmedia":[{"embeddable":true,"href":"https:\/\/gpl-love.com\/es\/wp-json\/wp\/v2\/media\/166807"}],"wp:attachment":[{"href":"https:\/\/gpl-love.com\/es\/wp-json\/wp\/v2\/media?parent=118524"}],"wp:term":[{"taxonomy":"product_brand","embeddable":true,"href":"https:\/\/gpl-love.com\/es\/wp-json\/wp\/v2\/product_brand?post=118524"},{"taxonomy":"product_cat","embeddable":true,"href":"https:\/\/gpl-love.com\/es\/wp-json\/wp\/v2\/product_cat?post=118524"},{"taxonomy":"product_tag","embeddable":true,"href":"https:\/\/gpl-love.com\/es\/wp-json\/wp\/v2\/product_tag?post=118524"}],"curies":[{"name":"wp","href":"https:\/\/api.w.org\/{rel}","templated":true}]}}