{"id":118522,"date":"2021-11-26T00:00:00","date_gmt":"2021-11-26T05:00:00","guid":{"rendered":"https:\/\/gpl-love.com\/es\/?post_type=product&#038;p=118522"},"modified":"2026-03-13T17:16:51","modified_gmt":"2026-03-13T22:16:51","slug":"bold-multipurpose-creative-tema-aoki","status":"publish","type":"product","link":"https:\/\/gpl-love.com\/es\/producto\/bold-multipurpose-creative-tema-aoki\/","title":{"rendered":"Bold Multipurpose Creative Tema Aoki 1.7"},"content":{"rendered":"<h3>Bold Multipurpose Creative Tema Aoki Caracteristicas<\/h3>\n<p>Aoki es un innovador tema creativo multiprop\u00f3sito que ha sido intrincadamente dise\u00f1ado con la intenci\u00f3n de permitirle exhibir sus talentos art\u00edsticos y crear una presencia indomable. El tema es incre\u00edblemente vers\u00e1til y proporciona una extensa variedad de herramientas poderosas que lo capacitan para fabricar sitios web incomparables y cautivadores. AOKI ha sido meticulosamente optimizado para garantizar la velocidad \u00f3ptima y la optimizaci\u00f3n de motores de b\u00fasqueda (SEO), asegurando as\u00ed un rendimiento excepcional del sitio web y una notable clasificaci\u00f3n de los motores de b\u00fasqueda. Con su dise\u00f1o de vanguardia y de vanguardia, Aoki es el ep\u00edtome de la perfecci\u00f3n para empresas, trabajadores independientes e individuos inmersos en actividades creativas, que anhelan establecer una identidad en l\u00ednea distintiva. Independientemente de si sus aspiraciones abarcan el desarrollo de una cartera, el inicio de un blog o el establecimiento de una tienda en l\u00ednea, Aoki abarca todos los atributos indispensables necesarios para un \u00e9xito rotundo.<\/p>\n<ul>\n<li>Un tema creativo vers\u00e1til y multiprop\u00f3sito dise\u00f1ado para adaptarse a una variedad de necesidades comerciales, personales y creativas.<\/li>\n<li>F\u00e1cil de personalizar y personalizar, con una variedad de opciones de personalizaci\u00f3n disponibles para adaptar el dise\u00f1o y la funcionalidad a sus gustos individuales.<\/li>\n<li>Construido con las \u00faltimas tecnolog\u00edas web para garantizar un rendimiento \u00f3ptimo, incluidos HTML5, CSS3 y JQuery.<\/li>\n<li>Cuenta con un dise\u00f1o moderno y audaz con tipograf\u00eda sorprendente y elementos llamativos que seguramente tendr\u00e1n un impacto.<\/li>\n<li>Viene equipado con una serie de demostraciones preconstruidas, lo que hace que sea f\u00e1cil comenzar r\u00e1pidamente y mostrar su contenido o producto de manera efectiva.<\/li>\n<li>Optimizado para SEO, con c\u00f3digo limpio y bien organizado que es f\u00e1cil para que los motores de b\u00fasqueda se arrastren e indexen.<\/li>\n<li>Totalmente receptivo y amigable con los dispositivos m\u00f3viles, asegurando que su sitio web se vea genial y funcione perfectamente en todos los dispositivos y tama\u00f1os de pantalla.<\/li>\n<li>Proporciona soporte para una variedad de diferentes tipos de contenido, incluidas galer\u00edas, carteras, perfiles de miembros del equipo y m\u00e1s.<\/li>\n<li>Incluye una gama de caracter\u00edsticas y funcionalidades \u00fatiles, como la integraci\u00f3n de las redes sociales, los formularios de contacto y m\u00e1s, para ayudarlo a interactuar con su audiencia y construir su presencia en l\u00ednea.<\/li>\n<\/ul>\n","protected":false},"excerpt":{"rendered":"<p>Descubra el tema audaz, multiprop\u00f3sito y creativo de Aoki. Dise\u00f1ado espec\u00edficamente para pensadores innovadores, Aoki proporciona una plataforma din\u00e1mica para mostrar sus ideas \u00fanicas. Su flexibilidad multiprop\u00f3sito le permite adaptarla a varias industrias, desde negocios hasta arte, proporcionando un valor que supera a sus competidores. Las funciones de dise\u00f1o audaces de Aoki seguramente har\u00e1n que su sitio se destaque, con una variedad de opciones personalizables para hacerlo realmente suyo. Su estilo de tema creativo invita a dise\u00f1os y dise\u00f1os imaginativos para expresar la personalidad de su marca. Con Aoki, tiene la libertad de elaborar un sitio web que realmente refleje su visi\u00f3n. Invierta en el tema de Aoki y le d\u00e9 a su presencia en l\u00ednea el impulso audaz y creativo que necesita.<\/p>\n","protected":false},"featured_media":165497,"comment_status":"open","ping_status":"open","template":"","meta":[],"product_brand":[2337],"product_cat":[1239,1237,1238],"product_tag":[1391],"class_list":{"0":"post-118522","1":"product","2":"type-product","3":"status-publish","4":"has-post-thumbnail","6":"product_brand-themeforest","7":"product_cat-de-multiples-fines","8":"product_cat-temas","9":"product_cat-wordpress-temas","10":"product_tag-themeforest","11":"member-discount","12":"discount-restricted","14":"first","15":"instock","16":"sale","17":"downloadable","18":"virtual","19":"sold-individually","20":"purchasable","21":"product-type-simple"},"_links":{"self":[{"href":"https:\/\/gpl-love.com\/es\/wp-json\/wp\/v2\/product\/118522","targetHints":{"allow":["GET"]}}],"collection":[{"href":"https:\/\/gpl-love.com\/es\/wp-json\/wp\/v2\/product"}],"about":[{"href":"https:\/\/gpl-love.com\/es\/wp-json\/wp\/v2\/types\/product"}],"replies":[{"embeddable":true,"href":"https:\/\/gpl-love.com\/es\/wp-json\/wp\/v2\/comments?post=118522"}],"wp:featuredmedia":[{"embeddable":true,"href":"https:\/\/gpl-love.com\/es\/wp-json\/wp\/v2\/media\/165497"}],"wp:attachment":[{"href":"https:\/\/gpl-love.com\/es\/wp-json\/wp\/v2\/media?parent=118522"}],"wp:term":[{"taxonomy":"product_brand","embeddable":true,"href":"https:\/\/gpl-love.com\/es\/wp-json\/wp\/v2\/product_brand?post=118522"},{"taxonomy":"product_cat","embeddable":true,"href":"https:\/\/gpl-love.com\/es\/wp-json\/wp\/v2\/product_cat?post=118522"},{"taxonomy":"product_tag","embeddable":true,"href":"https:\/\/gpl-love.com\/es\/wp-json\/wp\/v2\/product_tag?post=118522"}],"curies":[{"name":"wp","href":"https:\/\/api.w.org\/{rel}","templated":true}]}}