{"id":118520,"date":"2023-11-03T00:00:00","date_gmt":"2023-11-03T05:00:00","guid":{"rendered":"https:\/\/gpl-love.com\/es\/?post_type=product&#038;p=118520"},"modified":"2026-03-09T07:49:20","modified_gmt":"2026-03-09T12:49:20","slug":"media-grid-overlay-manager-add-on","status":"publish","type":"product","link":"https:\/\/gpl-love.com\/es\/producto\/media-grid-overlay-manager-add-on\/","title":{"rendered":"Media Grid Overlay Manager Add-on 2.1"},"content":{"rendered":"<h3>Media Grid Overlay Manager Add-on Caracteristicas<\/h3>\n<p>Media Grid Overlay Manager, un complemento imperativo para las personas que desean amplificar el contenido de medios de su sitio web, presenta una oportunidad para que los usuarios adapten y administre convenientemente los efectos de superposici\u00f3n de su red de medios, lo que lo hace m\u00e1s cautivador y est\u00e9ticamente agradable. Con una gran cantidad de opciones para efectos de superposici\u00f3n, como efectos de desplazamiento, subt\u00edtulos y cajas de luz, este complemento facilita la personalizaci\u00f3n a los detalles m\u00e1s minuciosos, que abarca el color, la fuente y los ajustes de tama\u00f1o, lo que garantiza una alineaci\u00f3n armoniosa con la marca del sitio web. Adem\u00e1s, la compatibilidad excepcional del administrador de superposici\u00f3n de la cuadr\u00edcula de medios con una extensa gama de temas de WordPress, junto con su instalaci\u00f3n y uso f\u00e1cil de usar, lo convierte en un activo indispensable. A trav\u00e9s de la utilizaci\u00f3n de este complemento, los propietarios de sitios web pueden elevar sin esfuerzo la prominencia de su contenido de los medios y generar una experiencia de usuario mejorada para sus estimados visitantes.<\/p>\n<ul>\n<li>Administre sin problemas superposiciones de la red de medios en su sitio web<\/li>\n<li>Interfaz simple de arrastrar y soltar para agregar y editar superposiciones<\/li>\n<li>Personalizar el tama\u00f1o de superposici\u00f3n, el color, la opacidad y la animaci\u00f3n<\/li>\n<li>Agregue f\u00e1cilmente las superposiciones de texto o imagen a su cuadr\u00edcula de medios<\/li>\n<li>Controlar qu\u00e9 elementos de medios tienen superposiciones y d\u00f3nde aparecen en la cuadr\u00edcula<\/li>\n<li>Guarde y reutilice sus dise\u00f1os de superposici\u00f3n personalizados para una apariencia constante en su sitio<\/li>\n<li>Mostrar u ocultar superposiciones a pedido de una pantalla limpia y ordenada<\/li>\n<li>Compatible con complementos de cuadr\u00edcula de medios populares para WordPress y otros sistemas de gesti\u00f3n de contenido<\/li>\n<li>Soporte completo y actualizaciones de nuestro equipo de expertos<\/li>\n<\/ul>\n","protected":false},"excerpt":{"rendered":"<p>El complemento Media Grid Overlay Manager, que es una herramienta incre\u00edblemente robusta, ofrece a los usuarios la capacidad de incorporar superposiciones visualmente cautivadoras en sus im\u00e1genes y videos dentro del complemento de la red de medios. Al utilizar este complemento, las personas pueden generar y personalizar sin esfuerzo un n\u00famero infinito de superposiciones, lo que resulta en una red de medios que posee un nivel de profesionalismo y singularidad que no tiene paralelo. Este complemento es altamente compatible con una amplia gama de tipos de superposici\u00f3n, que incluyen texto, iconos, botones y m\u00e1s, lo que lo convierte en la opci\u00f3n ideal para personas como dise\u00f1adores, fot\u00f3grafos, blogueros y cualquier otra persona que busque elevar el atractivo visual de su cuadr\u00edcula de medios. \u00a1No pierda el tiempo y adquiera el complemento de Media Grid Overlay Manager hoy para impulsar su cuadr\u00edcula de medios a nuevas alturas!<\/p>\n","protected":false},"featured_media":166720,"comment_status":"open","ping_status":"open","template":"","meta":[],"product_brand":[2339],"product_cat":[1214,1206,1211],"product_tag":[1256],"class_list":{"0":"post-118520","1":"product","2":"type-product","3":"status-publish","4":"has-post-thumbnail","6":"product_brand-codecanyon","7":"product_cat-personalizacion","8":"product_cat-plugins","9":"product_cat-wordpress-plugins","10":"product_tag-codecanyon","11":"member-discount","12":"discount-restricted","14":"first","15":"instock","16":"sale","17":"downloadable","18":"virtual","19":"sold-individually","20":"purchasable","21":"product-type-simple"},"_links":{"self":[{"href":"https:\/\/gpl-love.com\/es\/wp-json\/wp\/v2\/product\/118520","targetHints":{"allow":["GET"]}}],"collection":[{"href":"https:\/\/gpl-love.com\/es\/wp-json\/wp\/v2\/product"}],"about":[{"href":"https:\/\/gpl-love.com\/es\/wp-json\/wp\/v2\/types\/product"}],"replies":[{"embeddable":true,"href":"https:\/\/gpl-love.com\/es\/wp-json\/wp\/v2\/comments?post=118520"}],"wp:featuredmedia":[{"embeddable":true,"href":"https:\/\/gpl-love.com\/es\/wp-json\/wp\/v2\/media\/166720"}],"wp:attachment":[{"href":"https:\/\/gpl-love.com\/es\/wp-json\/wp\/v2\/media?parent=118520"}],"wp:term":[{"taxonomy":"product_brand","embeddable":true,"href":"https:\/\/gpl-love.com\/es\/wp-json\/wp\/v2\/product_brand?post=118520"},{"taxonomy":"product_cat","embeddable":true,"href":"https:\/\/gpl-love.com\/es\/wp-json\/wp\/v2\/product_cat?post=118520"},{"taxonomy":"product_tag","embeddable":true,"href":"https:\/\/gpl-love.com\/es\/wp-json\/wp\/v2\/product_tag?post=118520"}],"curies":[{"name":"wp","href":"https:\/\/api.w.org\/{rel}","templated":true}]}}