{"id":118485,"date":"2026-04-19T00:00:00","date_gmt":"2026-04-19T05:00:00","guid":{"rendered":"https:\/\/gpl-love.com\/es\/?post_type=product&#038;p=118485"},"modified":"2026-04-19T17:15:34","modified_gmt":"2026-04-19T22:15:34","slug":"meow-gallery-pro","status":"publish","type":"product","link":"https:\/\/gpl-love.com\/es\/producto\/meow-gallery-pro\/","title":{"rendered":"Meow Gallery Pro 5.4.7"},"content":{"rendered":"<h3>Meow Gallery Pro Caracteristicas<\/h3>\n<p>Meow Gallery Pro, un complemento de WordPress de alta calidad, proporciona a los usuarios la capacidad de construir galer\u00edas exquisitas y personalizadas para sus sitios web. Por medio de su interfaz f\u00e1cil de usar y opciones de personalizaci\u00f3n avanzada, Meow Gallery Pro simplifica el proceso de mostrar im\u00e1genes de una manera que exude profesionalismo y brillantez visual. El complemento abarca una amplia gama de caracter\u00edsticas, que abarca el soporte para varios formatos de imagen, capacidades de cambio de tama\u00f1o autom\u00e1ticas y la incorporaci\u00f3n de marcas de agua y subt\u00edtulos en las im\u00e1genes. Independientemente de si se identifica como fot\u00f3grafo profesional, artista o blogger, Meow Gallery Pro sirve como la mejor herramienta para exhibir sus creaciones en l\u00ednea. Su dise\u00f1o receptivo y su funcionalidad formidable est\u00e1n garantizadas para cautivar a los visitantes y mejorar la participaci\u00f3n del usuario en su sitio.<\/p>\n<ul>\n<li>Proporciona una elegante y elegante exhibici\u00f3n de la galer\u00eda para exhibir a sus amigos felinos<\/li>\n<li>Interfaz f\u00e1cil de usar con funciones f\u00e1ciles de usar para personalizar su galer\u00eda<\/li>\n<li>Ofrece m\u00faltiples opciones de dise\u00f1o para mostrar las fotos de su gato de una manera \u00fanica y personalizada<\/li>\n<li>Compatible con sitios web de WordPress para una integraci\u00f3n perfecta<\/li>\n<li>Permite la personalizaci\u00f3n de los tama\u00f1os de imagen y el recorte<\/li>\n<li>Ofrece la capacidad de agregar subt\u00edtulos y t\u00edtulos a cada foto<\/li>\n<li>Proporciona una pantalla que responde a dispositivos m\u00f3viles, perfecto para los amantes de los gatos sobre la marcha<\/li>\n<li>F\u00e1cil de instalar y configurar, no se requiere conocimiento de codificaci\u00f3n<\/li>\n<li>Documentaci\u00f3n y soporte extenso proporcionado para garantizar una experiencia sin problemas para los usuarios<\/li>\n<li>Actualizaciones y mejoras regulares realizadas para mantener el complemento actualizado con los \u00faltimos est\u00e1ndares web.<\/li>\n<\/ul>\n","protected":false},"excerpt":{"rendered":"<p>Meow Gallery Pro, un complemento de WordPress incre\u00edblemente robusto y formidable, le otorga la capacidad sin esfuerzo para moda y personalizar meticulosamente las galer\u00edas de fotos resplandecientes en su estimado sitio web. Ofreciendo una gran cantidad de configuraciones de dise\u00f1o y opciones de dise\u00f1o diversas e intrincadas, tiene la oportunidad de exhibir sus im\u00e1genes cautivadoras de una manera incomparable y sofisticada, exudando una sensaci\u00f3n de exclusividad y profesionalismo. Adem\u00e1s, este complemento excepcional posee una interfaz f\u00e1cil de usar y es muy receptiva, asegurando que sus galer\u00edas meticulosamente elaboradas exuden la magnificencia y la grandeza en una multitud de dispositivos. Eleve el encanto est\u00e9tico de su sitio web a alturas sin precedentes con las cualidades trascendentales de la Galer\u00eda Meow Pro.<\/p>\n","protected":false},"featured_media":166767,"comment_status":"open","ping_status":"open","template":"","meta":[],"product_brand":[2487],"product_cat":[1212,1206,1211],"product_tag":[1658],"class_list":{"0":"post-118485","1":"product","2":"type-product","3":"status-publish","4":"has-post-thumbnail","6":"product_brand-meow-apps","7":"product_cat-administracion-wordpress-plugins","8":"product_cat-plugins","9":"product_cat-wordpress-plugins","10":"product_tag-meow-apps","11":"member-discount","12":"discount-restricted","14":"first","15":"instock","16":"sale","17":"downloadable","18":"virtual","19":"sold-individually","20":"purchasable","21":"product-type-simple"},"_links":{"self":[{"href":"https:\/\/gpl-love.com\/es\/wp-json\/wp\/v2\/product\/118485","targetHints":{"allow":["GET"]}}],"collection":[{"href":"https:\/\/gpl-love.com\/es\/wp-json\/wp\/v2\/product"}],"about":[{"href":"https:\/\/gpl-love.com\/es\/wp-json\/wp\/v2\/types\/product"}],"replies":[{"embeddable":true,"href":"https:\/\/gpl-love.com\/es\/wp-json\/wp\/v2\/comments?post=118485"}],"wp:featuredmedia":[{"embeddable":true,"href":"https:\/\/gpl-love.com\/es\/wp-json\/wp\/v2\/media\/166767"}],"wp:attachment":[{"href":"https:\/\/gpl-love.com\/es\/wp-json\/wp\/v2\/media?parent=118485"}],"wp:term":[{"taxonomy":"product_brand","embeddable":true,"href":"https:\/\/gpl-love.com\/es\/wp-json\/wp\/v2\/product_brand?post=118485"},{"taxonomy":"product_cat","embeddable":true,"href":"https:\/\/gpl-love.com\/es\/wp-json\/wp\/v2\/product_cat?post=118485"},{"taxonomy":"product_tag","embeddable":true,"href":"https:\/\/gpl-love.com\/es\/wp-json\/wp\/v2\/product_tag?post=118485"}],"curies":[{"name":"wp","href":"https:\/\/api.w.org\/{rel}","templated":true}]}}