{"id":118481,"date":"2022-04-20T00:00:00","date_gmt":"2022-04-20T05:00:00","guid":{"rendered":"https:\/\/gpl-love.com\/es\/?post_type=product&#038;p=118481"},"modified":"2026-04-10T11:25:23","modified_gmt":"2026-04-10T16:25:23","slug":"soliloquy-thumbnails-addon","status":"publish","type":"product","link":"https:\/\/gpl-love.com\/es\/producto\/soliloquy-thumbnails-addon\/","title":{"rendered":"Soliloquy Thumbnails 2.3.6"},"content":{"rendered":"<h3>Soliloquy Thumbnails Caracteristicas<\/h3>\n<p>El complemento Soliloquy MiniGnails es una herramienta excepcionalmente potente dise\u00f1ada para incorporar sin esfuerzo im\u00e1genes de miniatura visualmente impresionantes en sus controles deslizantes de soliloquio. Este notable complemento le permite construir controles deslizantes atractivos y cautivadores que no solo aprovechen la atenci\u00f3n de su audiencia, sino que tambi\u00e9n mejoren la experiencia general del usuario de su sitio web. El complemento de las miniaturas Soliloquy proporciona una extensa gama de opciones de personalizaci\u00f3n, lo que le permite seleccionar entre una variedad diversa de tama\u00f1os y estilos de miniatura, fijar subt\u00edtulos y enlaces cautivadores, y modificar las transiciones y efectos de animaci\u00f3n para adaptarse a sus preferencias. Adem\u00e1s, este invaluable complemento es totalmente receptivo, lo que garantiza que sus controles deslizantes exhibir\u00e1n una est\u00e9tica incomparable en todos los dispositivos. En conclusi\u00f3n, el complemento de las miniaturas del soliloquio representa una oportunidad excepcional para las empresas que buscan aumentar el encanto visual de su sitio web y aumentar la participaci\u00f3n del usuario para hacer una inversi\u00f3n que valga la pena.<\/p>\n<ul>\n<li>El complemento Soliloquy MiniGnails es una extensi\u00f3n para el complemento Soliloquy Slider.<\/li>\n<li>Le permite mostrar im\u00e1genes en miniatura junto con su imagen principal de control deslizante.<\/li>\n<li>Puede personalizar el tama\u00f1o y el n\u00famero de miniaturas que se muestran.<\/li>\n<li>El complemento admite m\u00faltiples dise\u00f1os de miniatura, incluidos horizontales, verticales y cuadr\u00edcula.<\/li>\n<li>Tambi\u00e9n puede agregar subt\u00edtulos a sus miniaturas, con estilos y tama\u00f1os de fuentes personalizables.<\/li>\n<li>El complemento Soliloquy MiniGnails es totalmente receptivo, asegurando que sus im\u00e1genes en miniatura se muestren perfectamente en cualquier dispositivo.<\/li>\n<li>Es extremadamente f\u00e1cil de usar, con una simple interfaz de arrastrar y soltar para agregar y organizar las miniaturas.<\/li>\n<li>El complemento es compatible con las versiones gratuitas y pagas de Soliloquy, y funciona sin problemas con cualquier tema de WordPress.<\/li>\n<li>Se actualiza regularmente con nuevas funciones y correcciones de errores, por lo que puede estar seguro de que su sitio siempre se ejecuta sin problemas.<\/li>\n<li>El complemento Soliloquy MiniGnails est\u00e1 respaldado por la atenci\u00f3n al cliente de primer nivel, por lo que puede obtener respuestas r\u00e1pidas a cualquier pregunta o problema que pueda encontrar.<\/li>\n<\/ul>\n","protected":false},"excerpt":{"rendered":"<p>El complemento Soliloquy MiniGnails, que es una herramienta indispensable para aquellos que buscan elevar su experiencia deslizante de soliloquio, ofrece un nivel incomparable de refinamiento. Este complemento premium excepcional faculta sin esfuerzo a los usuarios generar y exhibir im\u00e1genes de miniatura cautivadores para sus controles deslizantes, otorgando as\u00ed a sus sitios web un aire de profesionalismo y sofisticaci\u00f3n. Con una gran cantidad de configuraciones personalizables y una interfaz f\u00e1cil de usar, este notable complemento facilita la creaci\u00f3n de controles deslizantes distintivos y fascinantes que exudan estilo y estilo. Independientemente de si usted es un blogger experimentado, un fot\u00f3grafo consumado o un astuto propietario de negocios, el complemento de las miniaturas Soliloquy se considera un activo indispensable, impulsando su sitio web hacia nuevas alturas de excelencia.<\/p>\n","protected":false},"featured_media":167541,"comment_status":"open","ping_status":"open","template":"","meta":[],"product_brand":[2566],"product_cat":[1214,1206,1211],"product_tag":[2215],"class_list":{"0":"post-118481","1":"product","2":"type-product","3":"status-publish","4":"has-post-thumbnail","6":"product_brand-soliloquy","7":"product_cat-personalizacion","8":"product_cat-plugins","9":"product_cat-wordpress-plugins","10":"product_tag-soliloquy","11":"member-discount","12":"discount-restricted","14":"first","15":"instock","16":"sale","17":"downloadable","18":"virtual","19":"sold-individually","20":"purchasable","21":"product-type-simple"},"_links":{"self":[{"href":"https:\/\/gpl-love.com\/es\/wp-json\/wp\/v2\/product\/118481","targetHints":{"allow":["GET"]}}],"collection":[{"href":"https:\/\/gpl-love.com\/es\/wp-json\/wp\/v2\/product"}],"about":[{"href":"https:\/\/gpl-love.com\/es\/wp-json\/wp\/v2\/types\/product"}],"replies":[{"embeddable":true,"href":"https:\/\/gpl-love.com\/es\/wp-json\/wp\/v2\/comments?post=118481"}],"wp:featuredmedia":[{"embeddable":true,"href":"https:\/\/gpl-love.com\/es\/wp-json\/wp\/v2\/media\/167541"}],"wp:attachment":[{"href":"https:\/\/gpl-love.com\/es\/wp-json\/wp\/v2\/media?parent=118481"}],"wp:term":[{"taxonomy":"product_brand","embeddable":true,"href":"https:\/\/gpl-love.com\/es\/wp-json\/wp\/v2\/product_brand?post=118481"},{"taxonomy":"product_cat","embeddable":true,"href":"https:\/\/gpl-love.com\/es\/wp-json\/wp\/v2\/product_cat?post=118481"},{"taxonomy":"product_tag","embeddable":true,"href":"https:\/\/gpl-love.com\/es\/wp-json\/wp\/v2\/product_tag?post=118481"}],"curies":[{"name":"wp","href":"https:\/\/api.w.org\/{rel}","templated":true}]}}